{"id":929,"date":"2020-06-05T17:59:39","date_gmt":"2020-06-05T15:59:39","guid":{"rendered":"https:\/\/betty-bbq.com\/cms\/?page_id=929"},"modified":"2020-12-22T13:11:38","modified_gmt":"2020-12-22T12:11:38","slug":"das-lila-lied","status":"publish","type":"page","link":"https:\/\/betty-bbq.de\/cms\/das-lila-lied\/","title":{"rendered":"Das Lila Lied"},"content":{"rendered":"[vc_row css_animation=&#8220;bounceInDown&#8220;][vc_column][vc_single_image image=&#8220;1674&#8243; css_animation=&#8220;fadeInDown&#8220;][\/vc_column][\/vc_row][vc_row max_width=&#8220;70&#8243;][vc_column][vc_column_text]\n<h1 style=\"text-align: center;\"><span style=\"color: #432d7f;\"><strong><span style=\"font-size: 32px;\">DAS LILA LIED<\/span><\/strong><\/span><\/h1>\n<p style=\"text-align: center;\"><span style=\"font-size: 12px;\">Hairball Remedy Coverversion <\/span><\/p>\n<p style=\"text-align: center;\"><span style=\"font-size: 12px;\">Produziert von Betty BBQ<\/span><\/p>\n<p>&nbsp;<\/p>\n<p style=\"text-align: left;\"><span style=\"font-size: 18px; color: #432d7f;\"><strong><em>\u201eDenn bald \u2013 gebt acht \u2013<\/em><\/strong><\/span><br \/>\n<span style=\"font-size: 18px; color: #432d7f;\"><strong><em>wird \u00fcber Nacht<\/em><\/strong><\/span><br \/>\n<span style=\"font-size: 18px; color: #432d7f;\"><strong><em>auch uns&#8217;re Sonne scheinen.<\/em><\/strong><\/span><br \/>\n<span style=\"font-size: 18px; color: #432d7f;\"><strong><em>Dann haben wir das gleiche Recht erstritten,<\/em><\/strong><\/span><br \/>\n<span style=\"font-size: 18px; color: #432d7f;\"><strong><em>wir leiden nicht mehr, sondern sind gelitten!\u201c<\/em><\/strong><\/span><\/p>\n<p>&nbsp;<\/p>\n<p><strong>Schwarzwald Drag Queen Betty BBQ, das Band-Trio Hairball Remedy und &#8222;Das Lila Lied&#8220;: Die erste Hymne der Homosexuellen in neuem Gewand!<\/strong><\/p>\n<p>&#8222;Das Lila Lied&#8220; ist die erste Hymne der Homosexuellen aus dem Jahre 1920, der zur damaligen Zeit ein erstaunlicher Erfolg beschieden war. Heute ist dieses au\u00dfergew\u00f6hnliche Werk, im Original ein Marsch, kaum beachtet, doch beachtlich f\u00fcr die damalige Zeit. Dies war f\u00fcr Betty BBQ der Grund, diesem Lied mit einem Cover, interpretiert von der Band <a href=\"https:\/\/betty-bbq.com\/cms\/hairbal-remedy\/\" target=\"_blank\" rel=\"noopener noreferrer\">Hairball Remedy<\/a> &#8211; mit der Betty bereits zuvor vielfach zusammen arbeitete &#8211; zu seinem 100. Jubil\u00e4um wieder die verdiente Aufmerksamkeit zu verschaffen.<\/p>\n<p>Wer das Lied h\u00f6rt, wird schnell feststellen, wie unglaublich es ist, dass vor 100 Jahren so ein Text m\u00f6glich war &#8211; zwischen den beiden zerst\u00f6rerischen Weltkriegen und vor der menschen-verachtenden Nazi-Diktatur. Dass die Botschaft des Liedes heute noch ebenso aktuell ist, das sollte uns eine Ermahnung sein, dass die unsere Gesellschaft heute vielleicht doch nicht in jeder Hinsicht so modern und liberal ist, wie sie sich so gerne gibt.[\/vc_column_text][vc_empty_space height=&#8220;40&#8243;][vc_single_image image=&#8220;931&#8243; onclick=&#8220;custom_link&#8220; img_link_target=&#8220;_blank&#8220; link=&#8220;https:\/\/ampl.ink\/pxyr4&#8243;][vc_empty_space height=&#8220;40&#8243;][vc_column_text]\n<h3 style=\"text-align: center;\"><span style=\"color: #432d7f;\"><a style=\"color: #432d7f;\" href=\"https:\/\/ampl.ink\/pxyr4\" target=\"_blank\" rel=\"noopener noreferrer\">&gt;&gt; Verf\u00fcgbar auf allen bekannten Download &amp; Streamingportalen! &lt;&lt;<\/a><\/span><\/h3>\n[\/vc_column_text][vc_empty_space height=&#8220;40&#8243;][vc_column_text]<strong>Zum 100. Jubil\u00e4um dieses besonderen, mutigen Liedes m\u00fcssen wir den historischen Kontext verstehen, um die Hoffnung nach Frieden, Anerkennung und einem harmonischen Zusammenleben in seiner ganzen damaligen Dimension nachzuvollziehen k\u00f6nnen.<\/strong><\/p>\n<p>Nach der Ausrufung der Weimarer Republik begann f\u00fcr die Lesben und Schwulen eine kurze Zeit der Verbesserung. Es war zwar ein dauerndes Auf und Ab, je nach den politischen Verh\u00e4ltnissen, aber durch die Etablierung grundlegender demokratischer Rechte und den Wegfall der Zensur kam es zu einem Auftrieb schwul-lesbischen Selbstgef\u00fchls, vor allem in den St\u00e4dten und insbesondere in Berlin. Durch den Spielraum entstanden viele neue Verb\u00e4nde, Klubs und Kneipen. 1919 gr\u00fcndete Magnus Hirschfeld sein Institut f\u00fcr Sexualwissenschaft, im selben Jahr drehte Richard Oswald mit Anders als die Andern den ersten deutschen Kinofilm, der sich mit Homosexualit\u00e4t auseinandersetzte, und 1921 fand die \u201eErste internationale Tagung f\u00fcr Sexualreform auf sexualwissenschaftlicher Grundlage\u201c statt.<\/p>\n<p>Zwei damals noch unbekannte, sp\u00e4ter aber recht erfolgreiche M\u00e4nner schrieben das Lied. Den Text dichtete Kurt Schwabach, welcher \u2013 unterbrochen durch Emigration \u2013 noch bis Ende der 1950er Jahre viele popul\u00e4re Schlager unter anderem f\u00fcr Evelyn K\u00fcnneke, Zarah Leander und Freddy Quinn verfasste. Als Komponist war das Pseudonym Arno Billing angegeben; dahinter verbarg sich mit Mischa Spoliansky einer der erfolgreichsten Kabarett- und Revuekomponisten der Weimarer Republik. Beide versahen das Lied mit der Widmung \u201eDem unerm\u00fcdlichen Forscher und Freund Herrn Sanit\u00e4tsrat Dr. Magnus Hirschfeld zugeeignet.\u201c<\/p>\n<p><span style=\"font-size: 9px;\"><em>Quellenangabe f\u00fcr Teile des Textes: Deutschsprachige Ausgabe von Wikipedia, Artikel &#8222;Das lila Lied&#8220;. https:\/\/de.wikipedia.org\/wiki\/Das_lila_Lied<\/em><\/span><\/p>\n[\/vc_column_text][vc_empty_space height=&#8220;40&#8243;][vc_single_image image=&#8220;930&#8243; img_size=&#8220;large&#8220; css_animation=&#8220;bounceInDown&#8220; alignment=&#8220;center&#8220;][vc_empty_space height=&#8220;40&#8243;][vc_column_text]\n<p style=\"text-align: center;\"><span style=\"color: #432d7f; font-size: 18px;\"><strong>Interesse an der Buchung von <span style=\"color: #993366;\"><a style=\"color: #993366;\" href=\"https:\/\/betty-bbq.com\/cms\/hairbal-remedy\/\">Hairball Remedy<\/a><\/span>? <\/strong><\/span><\/p>\n<p style=\"text-align: center;\"><span style=\"color: #432d7f;\">Gerne vermitteln wir den Kontakt und die Buchung. Kontaktieren Sie uns gerne \u00fcber unser <a style=\"color: #432d7f;\" href=\"https:\/\/betty-bbq.com\/cms\/kontakt\/\">Kontaktformular<\/a> oder per E-Mail an info@betty-bbq.de.<\/span><\/p>\n[\/vc_column_text][vc_empty_space height=&#8220;40&#8243;][vc_column_text]<span style=\"color: #432d7f; font-size: 14px;\"><strong>Credits:<\/strong><\/span><br \/>\n<span style=\"font-size: 12px;\">Titel: Das Lila Lied<\/span><br \/>\n<span style=\"font-size: 12px;\">Interpret: Band &#8222;Hairball Remedy&#8220;<\/span><br \/>\n<span style=\"font-family: georgia, palatino; font-size: 12px;\">Bass: Jan Metzger; Guitar: Johannes Lackner ;Violin: Laura Schmid<\/span><span style=\"font-size: 12px;\">Version: Hairball Remedy Coverversion<\/span><br \/>\n<span style=\"font-size: 12px;\">L\u00e4nge Track (Coverversion) 05:09 min<\/span><\/p>\n<p>&nbsp;<\/p>\n<p><strong><span style=\"font-size: 12px;\">Label Betty BBQ<\/span><\/strong><br \/>\n<span style=\"font-size: 12px;\">ISRC (Coverversion) DELJ82031358<\/span><br \/>\n<span style=\"font-size: 12px;\">GTIN\/EAN\/UPC 4064832024982<\/span><br \/>\n<span style=\"font-size: 12px;\">Release 2020-06-12; Streamingstart 2020-06-12\u00a0<\/span><\/p>\n<p>&nbsp;<\/p>\n<p><strong><span style=\"font-size: 12px;\">Prdouziert von Betty BBQ @ TONPONY Studios Emmendingen<\/span><\/strong><br \/>\n<span style=\"font-size: 12px;\">Ver\u00f6ffentlicht von Betty BBQ Travestie &amp; Entertainment<\/span><br \/>\n<span style=\"font-size: 12px;\">\u2117 Betty BBQ Travestie &amp; Entertainment 2020<\/span><br \/>\n<span style=\"font-size: 12px;\">\u00a9 Betty BBQ<\/span><\/p>\n<p>&nbsp;<\/p>\n<p><span style=\"font-size: 12px;\"><strong>Cover\/Design<\/strong><\/span><br \/>\n<span style=\"font-size: 12px;\">\u2117 Betty BBQ Travestie &amp; Entertainment 2020<\/span><br \/>\n<span style=\"font-size: 12px;\">\u00a9 Betty BBQ, Hairball Remedy, Foerb&#8217;s Design<\/span><\/p>\n<p>&nbsp;<\/p>\n<p><span style=\"font-size: 12px;\"><strong>Song<\/strong><\/span><br \/>\n<span style=\"font-size: 12px;\">Komponist:\u00a0 Arno Billing (Pseudonym; eigentlicher Name Mischa Spoliansky: Unter dem Pseudonym \u201eArno Billing\u201c komponierte er 1920 die Melodie f\u00fcr die erste Hymne der Homosexuellen mit dem Titel &#8222;Das lila Lied&#8220;). <\/span><br \/>\n<span style=\"font-size: 12px;\">Textdichter: Kurt Schwabach <\/span><br \/>\n<span style=\"font-size: 12px;\">Originalverlag: Brull Charles Edition<\/span><br \/>\n<span style=\"font-size: 12px;\">GEMA-Werk-Nr. (Original) 1575289-001<\/span><br \/>\n<span style=\"font-size: 12px;\">ISWC (Original) T-800.222.134-4<\/span>[\/vc_column_text][\/vc_column][\/vc_row]\n","protected":false},"excerpt":{"rendered":"<p>[vc_row css_animation=&#8220;bounceInDown&#8220;][vc_column][vc_single_image image=&#8220;1674&#8243; css_animation=&#8220;fadeInDown&#8220;][\/vc_column][\/vc_row][vc_row max_width=&#8220;70&#8243;][vc_column][vc_column_text] DAS LILA LIED Hairball Remedy Coverversion Produziert von Betty BBQ &nbsp; \u201eDenn bald \u2013 gebt acht \u2013 wird \u00fcber Nacht auch uns&#8217;re Sonne scheinen. Dann haben wir das gleiche Recht erstritten, wir leiden nicht mehr,&hellip;<\/p>\n","protected":false},"author":2,"featured_media":0,"parent":0,"menu_order":0,"comment_status":"closed","ping_status":"closed","template":"","meta":{"footnotes":""},"class_list":["post-929","page","type-page","status-publish","hentry","entry","no-media"],"yoast_head":"<!-- This site is optimized with the Yoast SEO plugin v27.4 - https:\/\/yoast.com\/product\/yoast-seo-wordpress\/ -->\n<title>Das Lila Lied - Betty BBQ<\/title>\n<meta name=\"description\" content=\"Schwarzwald Drag Queen Betty BBQ, das Band-Trio Hairball Remedy und &quot;Das Lila Lied&quot;: Die erste Hymne der Homosexuellen in neuem Gewand!&quot;\" \/>\n<meta name=\"robots\" content=\"index, follow, max-snippet:-1, max-image-preview:large, max-video-preview:-1\" \/>\n<link rel=\"canonical\" href=\"https:\/\/betty-bbq.de\/cms\/das-lila-lied\/\" \/>\n<meta property=\"og:locale\" content=\"de_DE\" \/>\n<meta property=\"og:type\" content=\"article\" \/>\n<meta property=\"og:title\" content=\"Das Lila Lied - Betty BBQ\" \/>\n<meta property=\"og:description\" content=\"Schwarzwald Drag Queen Betty BBQ, das Band-Trio Hairball Remedy und &quot;Das Lila Lied&quot;: Die erste Hymne der Homosexuellen in neuem Gewand!&quot;\" \/>\n<meta property=\"og:url\" content=\"https:\/\/betty-bbq.de\/cms\/das-lila-lied\/\" \/>\n<meta property=\"og:site_name\" content=\"Betty BBQ\" \/>\n<meta property=\"article:modified_time\" content=\"2020-12-22T12:11:38+00:00\" \/>\n<meta name=\"twitter:card\" content=\"summary_large_image\" \/>\n<meta name=\"twitter:label1\" content=\"Gesch\u00e4tzte Lesezeit\" \/>\n\t<meta name=\"twitter:data1\" content=\"4\u00a0Minuten\" \/>\n<script type=\"application\/ld+json\" class=\"yoast-schema-graph\">{\"@context\":\"https:\\\/\\\/schema.org\",\"@graph\":[{\"@type\":\"WebPage\",\"@id\":\"https:\\\/\\\/betty-bbq.de\\\/cms\\\/das-lila-lied\\\/\",\"url\":\"https:\\\/\\\/betty-bbq.de\\\/cms\\\/das-lila-lied\\\/\",\"name\":\"Das Lila Lied - Betty BBQ\",\"isPartOf\":{\"@id\":\"https:\\\/\\\/betty-bbq.de\\\/cms\\\/#website\"},\"datePublished\":\"2020-06-05T15:59:39+00:00\",\"dateModified\":\"2020-12-22T12:11:38+00:00\",\"description\":\"Schwarzwald Drag Queen Betty BBQ, das Band-Trio Hairball Remedy und \\\"Das Lila Lied\\\": Die erste Hymne der Homosexuellen in neuem Gewand!\\\"\",\"breadcrumb\":{\"@id\":\"https:\\\/\\\/betty-bbq.de\\\/cms\\\/das-lila-lied\\\/#breadcrumb\"},\"inLanguage\":\"de\",\"potentialAction\":[{\"@type\":\"ReadAction\",\"target\":[\"https:\\\/\\\/betty-bbq.de\\\/cms\\\/das-lila-lied\\\/\"]}]},{\"@type\":\"BreadcrumbList\",\"@id\":\"https:\\\/\\\/betty-bbq.de\\\/cms\\\/das-lila-lied\\\/#breadcrumb\",\"itemListElement\":[{\"@type\":\"ListItem\",\"position\":1,\"name\":\"Startseite\",\"item\":\"https:\\\/\\\/betty-bbq.de\\\/cms\\\/\"},{\"@type\":\"ListItem\",\"position\":2,\"name\":\"Das Lila Lied\"}]},{\"@type\":\"WebSite\",\"@id\":\"https:\\\/\\\/betty-bbq.de\\\/cms\\\/#website\",\"url\":\"https:\\\/\\\/betty-bbq.de\\\/cms\\\/\",\"name\":\"Fr\u00e4ulein Betty BBQ - Schwarzwald Drag Queen, Schorlek\u00f6nigin, Entertainerin\",\"description\":\"Betty BBQ Travestie &amp; Entertainment\",\"publisher\":{\"@id\":\"https:\\\/\\\/betty-bbq.de\\\/cms\\\/#\\\/schema\\\/person\\\/6e6c45463a3cf44a5334be285fffb4b1\"},\"potentialAction\":[{\"@type\":\"SearchAction\",\"target\":{\"@type\":\"EntryPoint\",\"urlTemplate\":\"https:\\\/\\\/betty-bbq.de\\\/cms\\\/?s={search_term_string}\"},\"query-input\":{\"@type\":\"PropertyValueSpecification\",\"valueRequired\":true,\"valueName\":\"search_term_string\"}}],\"inLanguage\":\"de\"},{\"@type\":[\"Person\",\"Organization\"],\"@id\":\"https:\\\/\\\/betty-bbq.de\\\/cms\\\/#\\\/schema\\\/person\\\/6e6c45463a3cf44a5334be285fffb4b1\",\"name\":\"Betty BBQ\",\"image\":{\"@type\":\"ImageObject\",\"inLanguage\":\"de\",\"@id\":\"https:\\\/\\\/betty-bbq.de\\\/cms\\\/wp-content\\\/uploads\\\/2018\\\/10\\\/BettyBBQ-Logo.png\",\"url\":\"https:\\\/\\\/betty-bbq.de\\\/cms\\\/wp-content\\\/uploads\\\/2018\\\/10\\\/BettyBBQ-Logo.png\",\"contentUrl\":\"https:\\\/\\\/betty-bbq.de\\\/cms\\\/wp-content\\\/uploads\\\/2018\\\/10\\\/BettyBBQ-Logo.png\",\"width\":365,\"height\":365,\"caption\":\"Betty BBQ\"},\"logo\":{\"@id\":\"https:\\\/\\\/betty-bbq.de\\\/cms\\\/wp-content\\\/uploads\\\/2018\\\/10\\\/BettyBBQ-Logo.png\"},\"sameAs\":[\"http:\\\/\\\/www.betty-bbq.de\"]}]}<\/script>\n<!-- \/ Yoast SEO plugin. -->","yoast_head_json":{"title":"Das Lila Lied - Betty BBQ","description":"Schwarzwald Drag Queen Betty BBQ, das Band-Trio Hairball Remedy und \"Das Lila Lied\": Die erste Hymne der Homosexuellen in neuem Gewand!\"","robots":{"index":"index","follow":"follow","max-snippet":"max-snippet:-1","max-image-preview":"max-image-preview:large","max-video-preview":"max-video-preview:-1"},"canonical":"https:\/\/betty-bbq.de\/cms\/das-lila-lied\/","og_locale":"de_DE","og_type":"article","og_title":"Das Lila Lied - Betty BBQ","og_description":"Schwarzwald Drag Queen Betty BBQ, das Band-Trio Hairball Remedy und \"Das Lila Lied\": Die erste Hymne der Homosexuellen in neuem Gewand!\"","og_url":"https:\/\/betty-bbq.de\/cms\/das-lila-lied\/","og_site_name":"Betty BBQ","article_modified_time":"2020-12-22T12:11:38+00:00","twitter_card":"summary_large_image","twitter_misc":{"Gesch\u00e4tzte Lesezeit":"4\u00a0Minuten"},"schema":{"@context":"https:\/\/schema.org","@graph":[{"@type":"WebPage","@id":"https:\/\/betty-bbq.de\/cms\/das-lila-lied\/","url":"https:\/\/betty-bbq.de\/cms\/das-lila-lied\/","name":"Das Lila Lied - Betty BBQ","isPartOf":{"@id":"https:\/\/betty-bbq.de\/cms\/#website"},"datePublished":"2020-06-05T15:59:39+00:00","dateModified":"2020-12-22T12:11:38+00:00","description":"Schwarzwald Drag Queen Betty BBQ, das Band-Trio Hairball Remedy und \"Das Lila Lied\": Die erste Hymne der Homosexuellen in neuem Gewand!\"","breadcrumb":{"@id":"https:\/\/betty-bbq.de\/cms\/das-lila-lied\/#breadcrumb"},"inLanguage":"de","potentialAction":[{"@type":"ReadAction","target":["https:\/\/betty-bbq.de\/cms\/das-lila-lied\/"]}]},{"@type":"BreadcrumbList","@id":"https:\/\/betty-bbq.de\/cms\/das-lila-lied\/#breadcrumb","itemListElement":[{"@type":"ListItem","position":1,"name":"Startseite","item":"https:\/\/betty-bbq.de\/cms\/"},{"@type":"ListItem","position":2,"name":"Das Lila Lied"}]},{"@type":"WebSite","@id":"https:\/\/betty-bbq.de\/cms\/#website","url":"https:\/\/betty-bbq.de\/cms\/","name":"Fr\u00e4ulein Betty BBQ - Schwarzwald Drag Queen, Schorlek\u00f6nigin, Entertainerin","description":"Betty BBQ Travestie &amp; Entertainment","publisher":{"@id":"https:\/\/betty-bbq.de\/cms\/#\/schema\/person\/6e6c45463a3cf44a5334be285fffb4b1"},"potentialAction":[{"@type":"SearchAction","target":{"@type":"EntryPoint","urlTemplate":"https:\/\/betty-bbq.de\/cms\/?s={search_term_string}"},"query-input":{"@type":"PropertyValueSpecification","valueRequired":true,"valueName":"search_term_string"}}],"inLanguage":"de"},{"@type":["Person","Organization"],"@id":"https:\/\/betty-bbq.de\/cms\/#\/schema\/person\/6e6c45463a3cf44a5334be285fffb4b1","name":"Betty BBQ","image":{"@type":"ImageObject","inLanguage":"de","@id":"https:\/\/betty-bbq.de\/cms\/wp-content\/uploads\/2018\/10\/BettyBBQ-Logo.png","url":"https:\/\/betty-bbq.de\/cms\/wp-content\/uploads\/2018\/10\/BettyBBQ-Logo.png","contentUrl":"https:\/\/betty-bbq.de\/cms\/wp-content\/uploads\/2018\/10\/BettyBBQ-Logo.png","width":365,"height":365,"caption":"Betty BBQ"},"logo":{"@id":"https:\/\/betty-bbq.de\/cms\/wp-content\/uploads\/2018\/10\/BettyBBQ-Logo.png"},"sameAs":["http:\/\/www.betty-bbq.de"]}]}},"jetpack_sharing_enabled":true,"_links":{"self":[{"href":"https:\/\/betty-bbq.de\/cms\/wp-json\/wp\/v2\/pages\/929","targetHints":{"allow":["GET"]}}],"collection":[{"href":"https:\/\/betty-bbq.de\/cms\/wp-json\/wp\/v2\/pages"}],"about":[{"href":"https:\/\/betty-bbq.de\/cms\/wp-json\/wp\/v2\/types\/page"}],"author":[{"embeddable":true,"href":"https:\/\/betty-bbq.de\/cms\/wp-json\/wp\/v2\/users\/2"}],"replies":[{"embeddable":true,"href":"https:\/\/betty-bbq.de\/cms\/wp-json\/wp\/v2\/comments?post=929"}],"version-history":[{"count":24,"href":"https:\/\/betty-bbq.de\/cms\/wp-json\/wp\/v2\/pages\/929\/revisions"}],"predecessor-version":[{"id":1675,"href":"https:\/\/betty-bbq.de\/cms\/wp-json\/wp\/v2\/pages\/929\/revisions\/1675"}],"wp:attachment":[{"href":"https:\/\/betty-bbq.de\/cms\/wp-json\/wp\/v2\/media?parent=929"}],"curies":[{"name":"wp","href":"https:\/\/api.w.org\/{rel}","templated":true}]}}