{"id":79,"date":"2018-10-30T12:49:31","date_gmt":"2018-10-30T11:49:31","guid":{"rendered":"https:\/\/betty-bbq.com\/cms\/?page_id=79"},"modified":"2023-08-30T14:19:06","modified_gmt":"2023-08-30T12:19:06","slug":"kontakt","status":"publish","type":"page","link":"https:\/\/betty-bbq.de\/cms\/kontakt\/","title":{"rendered":"Kontakt"},"content":{"rendered":"[vc_row][vc_column][vc_single_image image=&#8220;129&#8243;][\/vc_column][\/vc_row][vc_row max_width=&#8220;50&#8243;][vc_column][vc_column_text]<span style=\"font-family: georgia, palatino; font-size: 16px;\"><strong>Fragen zu Betty BBQ, dem City-Touren-Angebot von Buntes Freiburg Erleben oder sonstige Anliegen?<\/strong><\/span><\/p>\n<p><span style=\"font-family: georgia, palatino; font-size: 16px;\"><strong>Das zust\u00e4ndige Betty BBQ B\u00fcro ist f\u00fcr alle Anliegen erreichbar \u00fcber E-Mail an:<\/strong><\/span><\/p>\n<p><span style=\"font-family: georgia, palatino; font-size: 16px;\"><strong><a href=\"mailto:info@betty-bbq.de\">info@betty-bbq.de<\/a><\/strong><\/span><br \/>\n<span style=\"font-family: georgia, palatino; font-size: 16px;\">oder \u00fcber das unten beigef\u00fcgte Bild (Anklicken und ihr pers\u00f6nliches Mailprogramm \u00f6ffnet sich).<\/span><\/p>\n<p>&nbsp;<\/p>\n<p><span style=\"color: #000000; font-family: georgia, palatino; font-size: 16px;\"><b>Handelt es sich um eine Anfrage f\u00fcr Exklusiv-\/Privat-Touren <\/b>(z.B. f\u00fcr JGAs, Betriebsfeiern, Gruppenausfl\u00fcge, Geburtstage uvm.)<b>?<\/b>\u00a0<\/span><\/p>\n<p><span style=\"color: #000000; font-family: georgia, palatino; font-size: 16px;\">Dann gebt uns bitte exakt an,\u00a0<\/span><\/p>\n<ul type=\"disc\">\n<li><span style=\"color: #000000; font-family: georgia, palatino; font-size: 16px;\"><b>an welcher\/n Tour\/en Ihr Interesse habt,\u00a0<\/b><\/span><\/li>\n<li><span style=\"color: #000000; font-family: georgia, palatino; font-size: 16px;\"><b>an welchem Tag und Datum,\u00a0<\/b><\/span><\/li>\n<li><span style=\"color: #000000; font-family: georgia, palatino; font-size: 16px;\"><b>zu welchem Anlass und\u00a0<\/b><\/span><\/li>\n<li><span style=\"color: #000000; font-family: georgia, palatino; font-size: 16px;\"><b>die Anzahl der Personen<\/b><\/span><\/li>\n<\/ul>\n<p><span style=\"color: #000000; font-family: georgia, palatino; font-size: 16px;\">Gerne unterbreiten wir euch sodann ein auf eure Bed\u00fcrfnisse angepasstes\u00a0Angebot.<\/span><\/p>\n<p>&nbsp;<\/p>\n<p><span style=\"font-family: georgia, palatino; font-size: 16px;\">Wir freuen uns auf eine Nachricht von Ihnen und k\u00fcmmern uns so schnell wie m\u00f6glich um ihr Anliegen.<\/span>[\/vc_column_text][vc_empty_space][vc_single_image image=&#8220;385&#8243; img_size=&#8220;250x250px&#8220; css_animation=&#8220;flipInX&#8220; alignment=&#8220;left&#8220; onclick=&#8220;custom_link&#8220; img_link_target=&#8220;local&#8220; link=&#8220;mailto:info@betty-bbq.de&#8220;][vc_empty_space height=&#8220;100&#8243;][vc_column_text]Tickets f\u00fcr unsere \u00f6ffentlichen City-Touren aus der Betty BBQ Welt und von Buntes Freiburg Erleben<strong>\u00a0im Vorverkauf im <a href=\"https:\/\/betty-bbq.reservix.de\/events\">Ticket-Webshop<\/a><\/strong>. \u00a0Sowie bei allen Reservix Vorverkaufsstellen, der Tourist Information der Stadt Freiburg, dem Ticketservice der Badischen Zeitung in der Freiburger Innenstadt sowie bei der Reservix-Tickethotline. <strong>Keine Abendkasse!<\/strong>[\/vc_column_text][vc_empty_space][vc_single_image image=&#8220;434&#8243; img_size=&#8220;medium&#8220; css_animation=&#8220;flipInX&#8220; alignment=&#8220;left&#8220; onclick=&#8220;custom_link&#8220; img_link_target=&#8220;_blank&#8220; link=&#8220;http:\/\/betty-bbq.reservix.de\/events&#8220;][\/vc_column][\/vc_row]\n","protected":false},"excerpt":{"rendered":"<p>[vc_row][vc_column][vc_single_image image=&#8220;129&#8243;][\/vc_column][\/vc_row][vc_row max_width=&#8220;50&#8243;][vc_column][vc_column_text]Fragen zu Betty BBQ, dem City-Touren-Angebot von Buntes Freiburg Erleben oder sonstige Anliegen? Das zust\u00e4ndige Betty BBQ B\u00fcro ist f\u00fcr alle Anliegen erreichbar \u00fcber E-Mail an: info@betty-bbq.de oder \u00fcber das unten beigef\u00fcgte Bild (Anklicken und ihr pers\u00f6nliches Mailprogramm&hellip;<\/p>\n","protected":false},"author":1,"featured_media":0,"parent":0,"menu_order":0,"comment_status":"closed","ping_status":"closed","template":"","meta":{"footnotes":""},"class_list":["post-79","page","type-page","status-publish","hentry","entry","no-media"],"yoast_head":"<!-- This site is optimized with the Yoast SEO plugin v27.4 - https:\/\/yoast.com\/product\/yoast-seo-wordpress\/ -->\n<title>Kontakt - Betty BBQ<\/title>\n<meta name=\"robots\" content=\"index, follow, max-snippet:-1, max-image-preview:large, max-video-preview:-1\" \/>\n<link rel=\"canonical\" href=\"https:\/\/betty-bbq.de\/cms\/kontakt\/\" \/>\n<meta property=\"og:locale\" content=\"de_DE\" \/>\n<meta property=\"og:type\" content=\"article\" \/>\n<meta property=\"og:title\" content=\"Kontakt - Betty BBQ\" \/>\n<meta property=\"og:description\" content=\"[vc_row][vc_column][vc_single_image image=&#8220;129&#8243;][\/vc_column][\/vc_row][vc_row max_width=&#8220;50&#8243;][vc_column][vc_column_text]Fragen zu Betty BBQ, dem City-Touren-Angebot von Buntes Freiburg Erleben oder sonstige Anliegen? Das zust\u00e4ndige Betty BBQ B\u00fcro ist f\u00fcr alle Anliegen erreichbar \u00fcber E-Mail an: info@betty-bbq.de oder \u00fcber das unten beigef\u00fcgte Bild (Anklicken und ihr pers\u00f6nliches Mailprogramm&hellip;\" \/>\n<meta property=\"og:url\" content=\"https:\/\/betty-bbq.de\/cms\/kontakt\/\" \/>\n<meta property=\"og:site_name\" content=\"Betty BBQ\" \/>\n<meta property=\"article:modified_time\" content=\"2023-08-30T12:19:06+00:00\" \/>\n<meta name=\"twitter:card\" content=\"summary_large_image\" \/>\n<meta name=\"twitter:label1\" content=\"Gesch\u00e4tzte Lesezeit\" \/>\n\t<meta name=\"twitter:data1\" content=\"1\u00a0Minute\" \/>\n<script type=\"application\/ld+json\" class=\"yoast-schema-graph\">{\"@context\":\"https:\\\/\\\/schema.org\",\"@graph\":[{\"@type\":\"WebPage\",\"@id\":\"https:\\\/\\\/betty-bbq.de\\\/cms\\\/kontakt\\\/\",\"url\":\"https:\\\/\\\/betty-bbq.de\\\/cms\\\/kontakt\\\/\",\"name\":\"Kontakt - Betty BBQ\",\"isPartOf\":{\"@id\":\"https:\\\/\\\/betty-bbq.de\\\/cms\\\/#website\"},\"datePublished\":\"2018-10-30T11:49:31+00:00\",\"dateModified\":\"2023-08-30T12:19:06+00:00\",\"breadcrumb\":{\"@id\":\"https:\\\/\\\/betty-bbq.de\\\/cms\\\/kontakt\\\/#breadcrumb\"},\"inLanguage\":\"de\",\"potentialAction\":[{\"@type\":\"ReadAction\",\"target\":[\"https:\\\/\\\/betty-bbq.de\\\/cms\\\/kontakt\\\/\"]}]},{\"@type\":\"BreadcrumbList\",\"@id\":\"https:\\\/\\\/betty-bbq.de\\\/cms\\\/kontakt\\\/#breadcrumb\",\"itemListElement\":[{\"@type\":\"ListItem\",\"position\":1,\"name\":\"Startseite\",\"item\":\"https:\\\/\\\/betty-bbq.de\\\/cms\\\/\"},{\"@type\":\"ListItem\",\"position\":2,\"name\":\"Kontakt\"}]},{\"@type\":\"WebSite\",\"@id\":\"https:\\\/\\\/betty-bbq.de\\\/cms\\\/#website\",\"url\":\"https:\\\/\\\/betty-bbq.de\\\/cms\\\/\",\"name\":\"Fr\u00e4ulein Betty BBQ - Schwarzwald Drag Queen, Schorlek\u00f6nigin, Entertainerin\",\"description\":\"Betty BBQ Travestie &amp; Entertainment\",\"publisher\":{\"@id\":\"https:\\\/\\\/betty-bbq.de\\\/cms\\\/#\\\/schema\\\/person\\\/6e6c45463a3cf44a5334be285fffb4b1\"},\"potentialAction\":[{\"@type\":\"SearchAction\",\"target\":{\"@type\":\"EntryPoint\",\"urlTemplate\":\"https:\\\/\\\/betty-bbq.de\\\/cms\\\/?s={search_term_string}\"},\"query-input\":{\"@type\":\"PropertyValueSpecification\",\"valueRequired\":true,\"valueName\":\"search_term_string\"}}],\"inLanguage\":\"de\"},{\"@type\":[\"Person\",\"Organization\"],\"@id\":\"https:\\\/\\\/betty-bbq.de\\\/cms\\\/#\\\/schema\\\/person\\\/6e6c45463a3cf44a5334be285fffb4b1\",\"name\":\"Betty BBQ\",\"image\":{\"@type\":\"ImageObject\",\"inLanguage\":\"de\",\"@id\":\"https:\\\/\\\/betty-bbq.de\\\/cms\\\/wp-content\\\/uploads\\\/2018\\\/10\\\/BettyBBQ-Logo.png\",\"url\":\"https:\\\/\\\/betty-bbq.de\\\/cms\\\/wp-content\\\/uploads\\\/2018\\\/10\\\/BettyBBQ-Logo.png\",\"contentUrl\":\"https:\\\/\\\/betty-bbq.de\\\/cms\\\/wp-content\\\/uploads\\\/2018\\\/10\\\/BettyBBQ-Logo.png\",\"width\":365,\"height\":365,\"caption\":\"Betty BBQ\"},\"logo\":{\"@id\":\"https:\\\/\\\/betty-bbq.de\\\/cms\\\/wp-content\\\/uploads\\\/2018\\\/10\\\/BettyBBQ-Logo.png\"},\"sameAs\":[\"http:\\\/\\\/www.betty-bbq.de\"]}]}<\/script>\n<!-- \/ Yoast SEO plugin. -->","yoast_head_json":{"title":"Kontakt - Betty BBQ","robots":{"index":"index","follow":"follow","max-snippet":"max-snippet:-1","max-image-preview":"max-image-preview:large","max-video-preview":"max-video-preview:-1"},"canonical":"https:\/\/betty-bbq.de\/cms\/kontakt\/","og_locale":"de_DE","og_type":"article","og_title":"Kontakt - Betty BBQ","og_description":"[vc_row][vc_column][vc_single_image image=&#8220;129&#8243;][\/vc_column][\/vc_row][vc_row max_width=&#8220;50&#8243;][vc_column][vc_column_text]Fragen zu Betty BBQ, dem City-Touren-Angebot von Buntes Freiburg Erleben oder sonstige Anliegen? Das zust\u00e4ndige Betty BBQ B\u00fcro ist f\u00fcr alle Anliegen erreichbar \u00fcber E-Mail an: info@betty-bbq.de oder \u00fcber das unten beigef\u00fcgte Bild (Anklicken und ihr pers\u00f6nliches Mailprogramm&hellip;","og_url":"https:\/\/betty-bbq.de\/cms\/kontakt\/","og_site_name":"Betty BBQ","article_modified_time":"2023-08-30T12:19:06+00:00","twitter_card":"summary_large_image","twitter_misc":{"Gesch\u00e4tzte Lesezeit":"1\u00a0Minute"},"schema":{"@context":"https:\/\/schema.org","@graph":[{"@type":"WebPage","@id":"https:\/\/betty-bbq.de\/cms\/kontakt\/","url":"https:\/\/betty-bbq.de\/cms\/kontakt\/","name":"Kontakt - Betty BBQ","isPartOf":{"@id":"https:\/\/betty-bbq.de\/cms\/#website"},"datePublished":"2018-10-30T11:49:31+00:00","dateModified":"2023-08-30T12:19:06+00:00","breadcrumb":{"@id":"https:\/\/betty-bbq.de\/cms\/kontakt\/#breadcrumb"},"inLanguage":"de","potentialAction":[{"@type":"ReadAction","target":["https:\/\/betty-bbq.de\/cms\/kontakt\/"]}]},{"@type":"BreadcrumbList","@id":"https:\/\/betty-bbq.de\/cms\/kontakt\/#breadcrumb","itemListElement":[{"@type":"ListItem","position":1,"name":"Startseite","item":"https:\/\/betty-bbq.de\/cms\/"},{"@type":"ListItem","position":2,"name":"Kontakt"}]},{"@type":"WebSite","@id":"https:\/\/betty-bbq.de\/cms\/#website","url":"https:\/\/betty-bbq.de\/cms\/","name":"Fr\u00e4ulein Betty BBQ - Schwarzwald Drag Queen, Schorlek\u00f6nigin, Entertainerin","description":"Betty BBQ Travestie &amp; Entertainment","publisher":{"@id":"https:\/\/betty-bbq.de\/cms\/#\/schema\/person\/6e6c45463a3cf44a5334be285fffb4b1"},"potentialAction":[{"@type":"SearchAction","target":{"@type":"EntryPoint","urlTemplate":"https:\/\/betty-bbq.de\/cms\/?s={search_term_string}"},"query-input":{"@type":"PropertyValueSpecification","valueRequired":true,"valueName":"search_term_string"}}],"inLanguage":"de"},{"@type":["Person","Organization"],"@id":"https:\/\/betty-bbq.de\/cms\/#\/schema\/person\/6e6c45463a3cf44a5334be285fffb4b1","name":"Betty BBQ","image":{"@type":"ImageObject","inLanguage":"de","@id":"https:\/\/betty-bbq.de\/cms\/wp-content\/uploads\/2018\/10\/BettyBBQ-Logo.png","url":"https:\/\/betty-bbq.de\/cms\/wp-content\/uploads\/2018\/10\/BettyBBQ-Logo.png","contentUrl":"https:\/\/betty-bbq.de\/cms\/wp-content\/uploads\/2018\/10\/BettyBBQ-Logo.png","width":365,"height":365,"caption":"Betty BBQ"},"logo":{"@id":"https:\/\/betty-bbq.de\/cms\/wp-content\/uploads\/2018\/10\/BettyBBQ-Logo.png"},"sameAs":["http:\/\/www.betty-bbq.de"]}]}},"jetpack_sharing_enabled":true,"_links":{"self":[{"href":"https:\/\/betty-bbq.de\/cms\/wp-json\/wp\/v2\/pages\/79","targetHints":{"allow":["GET"]}}],"collection":[{"href":"https:\/\/betty-bbq.de\/cms\/wp-json\/wp\/v2\/pages"}],"about":[{"href":"https:\/\/betty-bbq.de\/cms\/wp-json\/wp\/v2\/types\/page"}],"author":[{"embeddable":true,"href":"https:\/\/betty-bbq.de\/cms\/wp-json\/wp\/v2\/users\/1"}],"replies":[{"embeddable":true,"href":"https:\/\/betty-bbq.de\/cms\/wp-json\/wp\/v2\/comments?post=79"}],"version-history":[{"count":21,"href":"https:\/\/betty-bbq.de\/cms\/wp-json\/wp\/v2\/pages\/79\/revisions"}],"predecessor-version":[{"id":3332,"href":"https:\/\/betty-bbq.de\/cms\/wp-json\/wp\/v2\/pages\/79\/revisions\/3332"}],"wp:attachment":[{"href":"https:\/\/betty-bbq.de\/cms\/wp-json\/wp\/v2\/media?parent=79"}],"curies":[{"name":"wp","href":"https:\/\/api.w.org\/{rel}","templated":true}]}}