{"id":662,"date":"2019-11-19T11:48:38","date_gmt":"2019-11-19T10:48:38","guid":{"rendered":"https:\/\/betty-bbq.com\/cms\/?page_id=662"},"modified":"2020-07-07T09:51:08","modified_gmt":"2020-07-07T07:51:08","slug":"hairbal-remedy","status":"publish","type":"page","link":"https:\/\/betty-bbq.de\/cms\/hairbal-remedy\/","title":{"rendered":"Hairball Remedy"},"content":{"rendered":"[vc_row][vc_column][vc_single_image image=&#8220;663&#8243;][\/vc_column][\/vc_row][vc_row max_width=&#8220;50&#8243;][vc_column][vc_empty_space height=&#8220;40&#8243;][vc_column_text]\n<h1 class=\"basecontent-headline\"><span style=\"font-size: 18px;\">Die Band &#8222;Hairball Remedy&#8220; &#8211; ein Trio aus Leidenschaft!<\/span><\/h1>\n<p class=\"basecontent-line-break-text\">Hairball Remedy \u2013 das ist eine wildbunte Mischung aus Jazz, Blues, Swing und Country. Und das sind Jan (Kontrabass), Johannes (Gitarre) und Laura (Geige) \u2013 drei Musiker, die mit Witz und Originalit\u00e4t zwischen den Genres jonglieren und sich dem Schubladendenken verwehren.<\/p>\n<p class=\"basecontent-line-break-text\">Mit Geige, Kontrabass, Gitarre und Gesang interpretieren Hairball Remedy alte Klassiker neu und bringen ihre eigenen Lieder auf die B\u00fchne und in die Welt.<\/p>\n[\/vc_column_text][vc_empty_space height=&#8220;40&#8243;][vc_single_image image=&#8220;666&#8243; img_size=&#8220;large&#8220; css_animation=&#8220;flipInX&#8220; alignment=&#8220;center&#8220; onclick=&#8220;custom_link&#8220; img_link_target=&#8220;_blank&#8220; link=&#8220;http:\/\/hairballremedy.de\/&#8220;][vc_empty_space height=&#8220;80&#8243;][vc_single_image image=&#8220;931&#8243; onclick=&#8220;custom_link&#8220; img_link_target=&#8220;_blank&#8220; link=&#8220;https:\/\/ampl.ink\/pxyr4&#8243;][vc_empty_space height=&#8220;40&#8243;][vc_column_text]<strong>Schwarzwald Drag Queen Betty BBQ, das Band-Trio Hairball Remedy und &#8222;<a href=\"https:\/\/betty-bbq.com\/cms\/das-lila-lied\/\">Das Lila Lied<\/a>&#8222;: Die erste Hymne der Homosexuellen in neuem Gewand!<\/strong><\/p>\n<p>&#8222;<a href=\"https:\/\/betty-bbq.com\/cms\/das-lila-lied\/\">Das Lila Lied<\/a>&#8220; ist die erste Hymne der Homosexuellen aus dem Jahre 1920, der zur damaligen Zeit ein erstaunlicher Erfolg beschieden war. Heute ist dieses au\u00dfergew\u00f6hnliche Werk, im Original ein Marsch, kaum beachtet, doch beachtlich f\u00fcr die damalige Zeit. Dies war f\u00fcr Betty BBQ der Grund, diesem Lied mit einem Cover, interpretiert von der Band Hairball Remedy &#8211; mit der Betty bereits zuvor vielfach zusammen arbeitete &#8211; zu seinem 100. Jubil\u00e4um wieder die verdiente Aufmerksamkeit zu verschaffen.[\/vc_column_text][vc_empty_space height=&#8220;40&#8243;][\/vc_column][\/vc_row][vc_row][vc_column][vc_column_text]\n<p style=\"text-align: center;\"><span style=\"color: #c1272d; font-size: 18px;\"><strong>Interesse an der Buchung von Hairball Remedy? <\/strong><\/span><\/p>\n<p style=\"text-align: center;\"><span style=\"color: #c1272d;\">Gerne vermitteln wir den Kontakt und die Buchung. Kontaktieren Sie uns gerne \u00fcber unser <a style=\"color: #c1272d;\" href=\"https:\/\/betty-bbq.com\/cms\/kontakt\/\">Kontaktformular<\/a> oder per E-Mail an info@betty-bbq.de.<\/span><\/p>\n[\/vc_column_text][vc_empty_space height=&#8220;40&#8243;][\/vc_column][\/vc_row]\n","protected":false},"excerpt":{"rendered":"<p>[vc_row][vc_column][vc_single_image image=&#8220;663&#8243;][\/vc_column][\/vc_row][vc_row max_width=&#8220;50&#8243;][vc_column][vc_empty_space height=&#8220;40&#8243;][vc_column_text] Die Band &#8222;Hairball Remedy&#8220; &#8211; ein Trio aus Leidenschaft! Hairball Remedy \u2013 das ist eine wildbunte Mischung aus Jazz, Blues, Swing und Country. Und das sind Jan (Kontrabass), Johannes (Gitarre) und Laura (Geige) \u2013 drei Musiker,&hellip;<\/p>\n","protected":false},"author":1,"featured_media":0,"parent":0,"menu_order":0,"comment_status":"closed","ping_status":"closed","template":"","meta":{"footnotes":""},"class_list":["post-662","page","type-page","status-publish","hentry","entry","no-media"],"yoast_head":"<!-- This site is optimized with the Yoast SEO plugin v27.4 - https:\/\/yoast.com\/product\/yoast-seo-wordpress\/ -->\n<title>Hairball Remedy - Betty BBQ<\/title>\n<meta name=\"robots\" content=\"index, follow, max-snippet:-1, max-image-preview:large, max-video-preview:-1\" \/>\n<link rel=\"canonical\" href=\"https:\/\/betty-bbq.de\/cms\/hairbal-remedy\/\" \/>\n<meta property=\"og:locale\" content=\"de_DE\" \/>\n<meta property=\"og:type\" content=\"article\" \/>\n<meta property=\"og:title\" content=\"Hairball Remedy - Betty BBQ\" \/>\n<meta property=\"og:description\" content=\"[vc_row][vc_column][vc_single_image image=&#8220;663&#8243;][\/vc_column][\/vc_row][vc_row max_width=&#8220;50&#8243;][vc_column][vc_empty_space height=&#8220;40&#8243;][vc_column_text] Die Band &#8222;Hairball Remedy&#8220; &#8211; ein Trio aus Leidenschaft! Hairball Remedy \u2013 das ist eine wildbunte Mischung aus Jazz, Blues, Swing und Country. Und das sind Jan (Kontrabass), Johannes (Gitarre) und Laura (Geige) \u2013 drei Musiker,&hellip;\" \/>\n<meta property=\"og:url\" content=\"https:\/\/betty-bbq.de\/cms\/hairbal-remedy\/\" \/>\n<meta property=\"og:site_name\" content=\"Betty BBQ\" \/>\n<meta property=\"article:modified_time\" content=\"2020-07-07T07:51:08+00:00\" \/>\n<meta name=\"twitter:card\" content=\"summary_large_image\" \/>\n<meta name=\"twitter:label1\" content=\"Gesch\u00e4tzte Lesezeit\" \/>\n\t<meta name=\"twitter:data1\" content=\"2\u00a0Minuten\" \/>\n<script type=\"application\/ld+json\" class=\"yoast-schema-graph\">{\"@context\":\"https:\\\/\\\/schema.org\",\"@graph\":[{\"@type\":\"WebPage\",\"@id\":\"https:\\\/\\\/betty-bbq.de\\\/cms\\\/hairbal-remedy\\\/\",\"url\":\"https:\\\/\\\/betty-bbq.de\\\/cms\\\/hairbal-remedy\\\/\",\"name\":\"Hairball Remedy - Betty BBQ\",\"isPartOf\":{\"@id\":\"https:\\\/\\\/betty-bbq.de\\\/cms\\\/#website\"},\"datePublished\":\"2019-11-19T10:48:38+00:00\",\"dateModified\":\"2020-07-07T07:51:08+00:00\",\"breadcrumb\":{\"@id\":\"https:\\\/\\\/betty-bbq.de\\\/cms\\\/hairbal-remedy\\\/#breadcrumb\"},\"inLanguage\":\"de\",\"potentialAction\":[{\"@type\":\"ReadAction\",\"target\":[\"https:\\\/\\\/betty-bbq.de\\\/cms\\\/hairbal-remedy\\\/\"]}]},{\"@type\":\"BreadcrumbList\",\"@id\":\"https:\\\/\\\/betty-bbq.de\\\/cms\\\/hairbal-remedy\\\/#breadcrumb\",\"itemListElement\":[{\"@type\":\"ListItem\",\"position\":1,\"name\":\"Startseite\",\"item\":\"https:\\\/\\\/betty-bbq.de\\\/cms\\\/\"},{\"@type\":\"ListItem\",\"position\":2,\"name\":\"Hairball Remedy\"}]},{\"@type\":\"WebSite\",\"@id\":\"https:\\\/\\\/betty-bbq.de\\\/cms\\\/#website\",\"url\":\"https:\\\/\\\/betty-bbq.de\\\/cms\\\/\",\"name\":\"Fr\u00e4ulein Betty BBQ - Schwarzwald Drag Queen, Schorlek\u00f6nigin, Entertainerin\",\"description\":\"Betty BBQ Travestie &amp; Entertainment\",\"publisher\":{\"@id\":\"https:\\\/\\\/betty-bbq.de\\\/cms\\\/#\\\/schema\\\/person\\\/6e6c45463a3cf44a5334be285fffb4b1\"},\"potentialAction\":[{\"@type\":\"SearchAction\",\"target\":{\"@type\":\"EntryPoint\",\"urlTemplate\":\"https:\\\/\\\/betty-bbq.de\\\/cms\\\/?s={search_term_string}\"},\"query-input\":{\"@type\":\"PropertyValueSpecification\",\"valueRequired\":true,\"valueName\":\"search_term_string\"}}],\"inLanguage\":\"de\"},{\"@type\":[\"Person\",\"Organization\"],\"@id\":\"https:\\\/\\\/betty-bbq.de\\\/cms\\\/#\\\/schema\\\/person\\\/6e6c45463a3cf44a5334be285fffb4b1\",\"name\":\"Betty BBQ\",\"image\":{\"@type\":\"ImageObject\",\"inLanguage\":\"de\",\"@id\":\"https:\\\/\\\/betty-bbq.de\\\/cms\\\/wp-content\\\/uploads\\\/2018\\\/10\\\/BettyBBQ-Logo.png\",\"url\":\"https:\\\/\\\/betty-bbq.de\\\/cms\\\/wp-content\\\/uploads\\\/2018\\\/10\\\/BettyBBQ-Logo.png\",\"contentUrl\":\"https:\\\/\\\/betty-bbq.de\\\/cms\\\/wp-content\\\/uploads\\\/2018\\\/10\\\/BettyBBQ-Logo.png\",\"width\":365,\"height\":365,\"caption\":\"Betty BBQ\"},\"logo\":{\"@id\":\"https:\\\/\\\/betty-bbq.de\\\/cms\\\/wp-content\\\/uploads\\\/2018\\\/10\\\/BettyBBQ-Logo.png\"},\"sameAs\":[\"http:\\\/\\\/www.betty-bbq.de\"]}]}<\/script>\n<!-- \/ Yoast SEO plugin. -->","yoast_head_json":{"title":"Hairball Remedy - Betty BBQ","robots":{"index":"index","follow":"follow","max-snippet":"max-snippet:-1","max-image-preview":"max-image-preview:large","max-video-preview":"max-video-preview:-1"},"canonical":"https:\/\/betty-bbq.de\/cms\/hairbal-remedy\/","og_locale":"de_DE","og_type":"article","og_title":"Hairball Remedy - Betty BBQ","og_description":"[vc_row][vc_column][vc_single_image image=&#8220;663&#8243;][\/vc_column][\/vc_row][vc_row max_width=&#8220;50&#8243;][vc_column][vc_empty_space height=&#8220;40&#8243;][vc_column_text] Die Band &#8222;Hairball Remedy&#8220; &#8211; ein Trio aus Leidenschaft! Hairball Remedy \u2013 das ist eine wildbunte Mischung aus Jazz, Blues, Swing und Country. Und das sind Jan (Kontrabass), Johannes (Gitarre) und Laura (Geige) \u2013 drei Musiker,&hellip;","og_url":"https:\/\/betty-bbq.de\/cms\/hairbal-remedy\/","og_site_name":"Betty BBQ","article_modified_time":"2020-07-07T07:51:08+00:00","twitter_card":"summary_large_image","twitter_misc":{"Gesch\u00e4tzte Lesezeit":"2\u00a0Minuten"},"schema":{"@context":"https:\/\/schema.org","@graph":[{"@type":"WebPage","@id":"https:\/\/betty-bbq.de\/cms\/hairbal-remedy\/","url":"https:\/\/betty-bbq.de\/cms\/hairbal-remedy\/","name":"Hairball Remedy - Betty BBQ","isPartOf":{"@id":"https:\/\/betty-bbq.de\/cms\/#website"},"datePublished":"2019-11-19T10:48:38+00:00","dateModified":"2020-07-07T07:51:08+00:00","breadcrumb":{"@id":"https:\/\/betty-bbq.de\/cms\/hairbal-remedy\/#breadcrumb"},"inLanguage":"de","potentialAction":[{"@type":"ReadAction","target":["https:\/\/betty-bbq.de\/cms\/hairbal-remedy\/"]}]},{"@type":"BreadcrumbList","@id":"https:\/\/betty-bbq.de\/cms\/hairbal-remedy\/#breadcrumb","itemListElement":[{"@type":"ListItem","position":1,"name":"Startseite","item":"https:\/\/betty-bbq.de\/cms\/"},{"@type":"ListItem","position":2,"name":"Hairball Remedy"}]},{"@type":"WebSite","@id":"https:\/\/betty-bbq.de\/cms\/#website","url":"https:\/\/betty-bbq.de\/cms\/","name":"Fr\u00e4ulein Betty BBQ - Schwarzwald Drag Queen, Schorlek\u00f6nigin, Entertainerin","description":"Betty BBQ Travestie &amp; Entertainment","publisher":{"@id":"https:\/\/betty-bbq.de\/cms\/#\/schema\/person\/6e6c45463a3cf44a5334be285fffb4b1"},"potentialAction":[{"@type":"SearchAction","target":{"@type":"EntryPoint","urlTemplate":"https:\/\/betty-bbq.de\/cms\/?s={search_term_string}"},"query-input":{"@type":"PropertyValueSpecification","valueRequired":true,"valueName":"search_term_string"}}],"inLanguage":"de"},{"@type":["Person","Organization"],"@id":"https:\/\/betty-bbq.de\/cms\/#\/schema\/person\/6e6c45463a3cf44a5334be285fffb4b1","name":"Betty BBQ","image":{"@type":"ImageObject","inLanguage":"de","@id":"https:\/\/betty-bbq.de\/cms\/wp-content\/uploads\/2018\/10\/BettyBBQ-Logo.png","url":"https:\/\/betty-bbq.de\/cms\/wp-content\/uploads\/2018\/10\/BettyBBQ-Logo.png","contentUrl":"https:\/\/betty-bbq.de\/cms\/wp-content\/uploads\/2018\/10\/BettyBBQ-Logo.png","width":365,"height":365,"caption":"Betty BBQ"},"logo":{"@id":"https:\/\/betty-bbq.de\/cms\/wp-content\/uploads\/2018\/10\/BettyBBQ-Logo.png"},"sameAs":["http:\/\/www.betty-bbq.de"]}]}},"jetpack_sharing_enabled":true,"_links":{"self":[{"href":"https:\/\/betty-bbq.de\/cms\/wp-json\/wp\/v2\/pages\/662","targetHints":{"allow":["GET"]}}],"collection":[{"href":"https:\/\/betty-bbq.de\/cms\/wp-json\/wp\/v2\/pages"}],"about":[{"href":"https:\/\/betty-bbq.de\/cms\/wp-json\/wp\/v2\/types\/page"}],"author":[{"embeddable":true,"href":"https:\/\/betty-bbq.de\/cms\/wp-json\/wp\/v2\/users\/1"}],"replies":[{"embeddable":true,"href":"https:\/\/betty-bbq.de\/cms\/wp-json\/wp\/v2\/comments?post=662"}],"version-history":[{"count":12,"href":"https:\/\/betty-bbq.de\/cms\/wp-json\/wp\/v2\/pages\/662\/revisions"}],"predecessor-version":[{"id":1156,"href":"https:\/\/betty-bbq.de\/cms\/wp-json\/wp\/v2\/pages\/662\/revisions\/1156"}],"wp:attachment":[{"href":"https:\/\/betty-bbq.de\/cms\/wp-json\/wp\/v2\/media?parent=662"}],"curies":[{"name":"wp","href":"https:\/\/api.w.org\/{rel}","templated":true}]}}