{"id":579,"date":"2019-09-24T12:31:55","date_gmt":"2019-09-24T10:31:55","guid":{"rendered":"https:\/\/betty-bbq.com\/cms\/?page_id=579"},"modified":"2022-09-01T23:23:35","modified_gmt":"2022-09-01T21:23:35","slug":"dj-pax","status":"publish","type":"page","link":"https:\/\/betty-bbq.de\/cms\/dj-pax\/","title":{"rendered":"DJ PAX"},"content":{"rendered":"[vc_row][vc_column][vc_single_image image=&#8220;582&#8243;][\/vc_column][\/vc_row][vc_row max_width=&#8220;80&#8243;][vc_column][vc_empty_space height=&#8220;40&#8243;][vc_column_text responsive_text=&#8220;true&#8220;]\n<h1 class=\"basecontent-headline\"><span style=\"font-size: 18px;\">\u00dcber DJ PAX<\/span><\/h1>\n<p class=\"basecontent-line-break-text\"><strong>Betty BBQ und\u00a0 DJ Pax verbindet eine schon viele Jahre w\u00e4hrende Zusammenarbeit, seit dem Jahr 2019 ist Dj Pax offizieller Betty BBQ DJ.<\/strong><\/p>\n<p class=\"basecontent-line-break-text\">Der erfahrene DJ ist bereits\u00a0 seit 2004 in ganz Deutschland auf den verschiedensten Events gebucht und ein Garant f\u00fcr gute Laune und nach vorne treibende Beats. Nach \u00fcber 300 Veranstaltungen und diversen Clubauftritten hat er die n\u00f6tige Erfahrung um auch ihre Veranstaltung zu einem unvergesslichen Event zu gestalten.<\/p>\n<p>&nbsp;<\/p>\n<p><strong>Sie haben Fragen zu DJ Pax oder wollen eine Buchungsanfrage stellen?<\/strong><\/p>\n<p>Kontaktieren Sie uns gerne via\u00a0<a href=\"https:\/\/betty-bbq.com\/cms\/kontakt\/\" target=\"_blank\" rel=\"noopener\">Kontakt<\/a>.<\/p>\n<p>&nbsp;<\/p>\n<p>DJ Pax auf den Social Media:<\/p>\n<p><strong><a href=\"https:\/\/www.instagram.com\/dj_pax_official\/?hl=de\" target=\"_blank\" rel=\"noopener\">Instagram<\/a> &amp; <a href=\"https:\/\/de-de.facebook.com\/people\/Betty-BBQ-Dj-Pax\/100061038615152\/\" target=\"_blank\" rel=\"noopener\">Facebook<\/a><\/strong>[\/vc_column_text][vc_empty_space height=&#8220;40&#8243;][\/vc_column][\/vc_row]\n","protected":false},"excerpt":{"rendered":"<p>[vc_row][vc_column][vc_single_image image=&#8220;582&#8243;][\/vc_column][\/vc_row][vc_row max_width=&#8220;80&#8243;][vc_column][vc_empty_space height=&#8220;40&#8243;][vc_column_text responsive_text=&#8220;true&#8220;] \u00dcber DJ PAX Betty BBQ und\u00a0 DJ Pax verbindet eine schon viele Jahre w\u00e4hrende Zusammenarbeit, seit dem Jahr 2019 ist Dj Pax offizieller Betty BBQ DJ. Der erfahrene DJ ist bereits\u00a0 seit 2004 in ganz&hellip;<\/p>\n","protected":false},"author":1,"featured_media":0,"parent":0,"menu_order":0,"comment_status":"closed","ping_status":"closed","template":"","meta":{"footnotes":""},"class_list":["post-579","page","type-page","status-publish","hentry","entry","no-media"],"yoast_head":"<!-- This site is optimized with the Yoast SEO plugin v27.5 - https:\/\/yoast.com\/product\/yoast-seo-wordpress\/ -->\n<title>DJ PAX - Betty BBQ<\/title>\n<meta name=\"robots\" content=\"index, follow, max-snippet:-1, max-image-preview:large, max-video-preview:-1\" \/>\n<link rel=\"canonical\" href=\"https:\/\/betty-bbq.de\/cms\/dj-pax\/\" \/>\n<meta property=\"og:locale\" content=\"de_DE\" \/>\n<meta property=\"og:type\" content=\"article\" \/>\n<meta property=\"og:title\" content=\"DJ PAX - Betty BBQ\" \/>\n<meta property=\"og:description\" content=\"[vc_row][vc_column][vc_single_image image=&#8220;582&#8243;][\/vc_column][\/vc_row][vc_row max_width=&#8220;80&#8243;][vc_column][vc_empty_space height=&#8220;40&#8243;][vc_column_text responsive_text=&#8220;true&#8220;] \u00dcber DJ PAX Betty BBQ und\u00a0 DJ Pax verbindet eine schon viele Jahre w\u00e4hrende Zusammenarbeit, seit dem Jahr 2019 ist Dj Pax offizieller Betty BBQ DJ. Der erfahrene DJ ist bereits\u00a0 seit 2004 in ganz&hellip;\" \/>\n<meta property=\"og:url\" content=\"https:\/\/betty-bbq.de\/cms\/dj-pax\/\" \/>\n<meta property=\"og:site_name\" content=\"Betty BBQ\" \/>\n<meta property=\"article:modified_time\" content=\"2022-09-01T21:23:35+00:00\" \/>\n<meta name=\"twitter:card\" content=\"summary_large_image\" \/>\n<meta name=\"twitter:label1\" content=\"Gesch\u00e4tzte Lesezeit\" \/>\n\t<meta name=\"twitter:data1\" content=\"1\u00a0Minute\" \/>\n<script type=\"application\/ld+json\" class=\"yoast-schema-graph\">{\"@context\":\"https:\\\/\\\/schema.org\",\"@graph\":[{\"@type\":\"WebPage\",\"@id\":\"https:\\\/\\\/betty-bbq.de\\\/cms\\\/dj-pax\\\/\",\"url\":\"https:\\\/\\\/betty-bbq.de\\\/cms\\\/dj-pax\\\/\",\"name\":\"DJ PAX - Betty BBQ\",\"isPartOf\":{\"@id\":\"https:\\\/\\\/betty-bbq.de\\\/cms\\\/#website\"},\"datePublished\":\"2019-09-24T10:31:55+00:00\",\"dateModified\":\"2022-09-01T21:23:35+00:00\",\"breadcrumb\":{\"@id\":\"https:\\\/\\\/betty-bbq.de\\\/cms\\\/dj-pax\\\/#breadcrumb\"},\"inLanguage\":\"de\",\"potentialAction\":[{\"@type\":\"ReadAction\",\"target\":[\"https:\\\/\\\/betty-bbq.de\\\/cms\\\/dj-pax\\\/\"]}]},{\"@type\":\"BreadcrumbList\",\"@id\":\"https:\\\/\\\/betty-bbq.de\\\/cms\\\/dj-pax\\\/#breadcrumb\",\"itemListElement\":[{\"@type\":\"ListItem\",\"position\":1,\"name\":\"Startseite\",\"item\":\"https:\\\/\\\/betty-bbq.de\\\/cms\\\/\"},{\"@type\":\"ListItem\",\"position\":2,\"name\":\"DJ PAX\"}]},{\"@type\":\"WebSite\",\"@id\":\"https:\\\/\\\/betty-bbq.de\\\/cms\\\/#website\",\"url\":\"https:\\\/\\\/betty-bbq.de\\\/cms\\\/\",\"name\":\"Fr\u00e4ulein Betty BBQ - Schwarzwald Drag Queen, Schorlek\u00f6nigin, Entertainerin\",\"description\":\"Betty BBQ Travestie &amp; Entertainment\",\"publisher\":{\"@id\":\"https:\\\/\\\/betty-bbq.de\\\/cms\\\/#\\\/schema\\\/person\\\/6e6c45463a3cf44a5334be285fffb4b1\"},\"potentialAction\":[{\"@type\":\"SearchAction\",\"target\":{\"@type\":\"EntryPoint\",\"urlTemplate\":\"https:\\\/\\\/betty-bbq.de\\\/cms\\\/?s={search_term_string}\"},\"query-input\":{\"@type\":\"PropertyValueSpecification\",\"valueRequired\":true,\"valueName\":\"search_term_string\"}}],\"inLanguage\":\"de\"},{\"@type\":[\"Person\",\"Organization\"],\"@id\":\"https:\\\/\\\/betty-bbq.de\\\/cms\\\/#\\\/schema\\\/person\\\/6e6c45463a3cf44a5334be285fffb4b1\",\"name\":\"Betty BBQ\",\"image\":{\"@type\":\"ImageObject\",\"inLanguage\":\"de\",\"@id\":\"https:\\\/\\\/betty-bbq.de\\\/cms\\\/wp-content\\\/uploads\\\/2018\\\/10\\\/BettyBBQ-Logo.png\",\"url\":\"https:\\\/\\\/betty-bbq.de\\\/cms\\\/wp-content\\\/uploads\\\/2018\\\/10\\\/BettyBBQ-Logo.png\",\"contentUrl\":\"https:\\\/\\\/betty-bbq.de\\\/cms\\\/wp-content\\\/uploads\\\/2018\\\/10\\\/BettyBBQ-Logo.png\",\"width\":365,\"height\":365,\"caption\":\"Betty BBQ\"},\"logo\":{\"@id\":\"https:\\\/\\\/betty-bbq.de\\\/cms\\\/wp-content\\\/uploads\\\/2018\\\/10\\\/BettyBBQ-Logo.png\"},\"sameAs\":[\"http:\\\/\\\/www.betty-bbq.de\"]}]}<\/script>\n<!-- \/ Yoast SEO plugin. -->","yoast_head_json":{"title":"DJ PAX - Betty BBQ","robots":{"index":"index","follow":"follow","max-snippet":"max-snippet:-1","max-image-preview":"max-image-preview:large","max-video-preview":"max-video-preview:-1"},"canonical":"https:\/\/betty-bbq.de\/cms\/dj-pax\/","og_locale":"de_DE","og_type":"article","og_title":"DJ PAX - Betty BBQ","og_description":"[vc_row][vc_column][vc_single_image image=&#8220;582&#8243;][\/vc_column][\/vc_row][vc_row max_width=&#8220;80&#8243;][vc_column][vc_empty_space height=&#8220;40&#8243;][vc_column_text responsive_text=&#8220;true&#8220;] \u00dcber DJ PAX Betty BBQ und\u00a0 DJ Pax verbindet eine schon viele Jahre w\u00e4hrende Zusammenarbeit, seit dem Jahr 2019 ist Dj Pax offizieller Betty BBQ DJ. Der erfahrene DJ ist bereits\u00a0 seit 2004 in ganz&hellip;","og_url":"https:\/\/betty-bbq.de\/cms\/dj-pax\/","og_site_name":"Betty BBQ","article_modified_time":"2022-09-01T21:23:35+00:00","twitter_card":"summary_large_image","twitter_misc":{"Gesch\u00e4tzte Lesezeit":"1\u00a0Minute"},"schema":{"@context":"https:\/\/schema.org","@graph":[{"@type":"WebPage","@id":"https:\/\/betty-bbq.de\/cms\/dj-pax\/","url":"https:\/\/betty-bbq.de\/cms\/dj-pax\/","name":"DJ PAX - Betty BBQ","isPartOf":{"@id":"https:\/\/betty-bbq.de\/cms\/#website"},"datePublished":"2019-09-24T10:31:55+00:00","dateModified":"2022-09-01T21:23:35+00:00","breadcrumb":{"@id":"https:\/\/betty-bbq.de\/cms\/dj-pax\/#breadcrumb"},"inLanguage":"de","potentialAction":[{"@type":"ReadAction","target":["https:\/\/betty-bbq.de\/cms\/dj-pax\/"]}]},{"@type":"BreadcrumbList","@id":"https:\/\/betty-bbq.de\/cms\/dj-pax\/#breadcrumb","itemListElement":[{"@type":"ListItem","position":1,"name":"Startseite","item":"https:\/\/betty-bbq.de\/cms\/"},{"@type":"ListItem","position":2,"name":"DJ PAX"}]},{"@type":"WebSite","@id":"https:\/\/betty-bbq.de\/cms\/#website","url":"https:\/\/betty-bbq.de\/cms\/","name":"Fr\u00e4ulein Betty BBQ - Schwarzwald Drag Queen, Schorlek\u00f6nigin, Entertainerin","description":"Betty BBQ Travestie &amp; Entertainment","publisher":{"@id":"https:\/\/betty-bbq.de\/cms\/#\/schema\/person\/6e6c45463a3cf44a5334be285fffb4b1"},"potentialAction":[{"@type":"SearchAction","target":{"@type":"EntryPoint","urlTemplate":"https:\/\/betty-bbq.de\/cms\/?s={search_term_string}"},"query-input":{"@type":"PropertyValueSpecification","valueRequired":true,"valueName":"search_term_string"}}],"inLanguage":"de"},{"@type":["Person","Organization"],"@id":"https:\/\/betty-bbq.de\/cms\/#\/schema\/person\/6e6c45463a3cf44a5334be285fffb4b1","name":"Betty BBQ","image":{"@type":"ImageObject","inLanguage":"de","@id":"https:\/\/betty-bbq.de\/cms\/wp-content\/uploads\/2018\/10\/BettyBBQ-Logo.png","url":"https:\/\/betty-bbq.de\/cms\/wp-content\/uploads\/2018\/10\/BettyBBQ-Logo.png","contentUrl":"https:\/\/betty-bbq.de\/cms\/wp-content\/uploads\/2018\/10\/BettyBBQ-Logo.png","width":365,"height":365,"caption":"Betty BBQ"},"logo":{"@id":"https:\/\/betty-bbq.de\/cms\/wp-content\/uploads\/2018\/10\/BettyBBQ-Logo.png"},"sameAs":["http:\/\/www.betty-bbq.de"]}]}},"jetpack_sharing_enabled":true,"_links":{"self":[{"href":"https:\/\/betty-bbq.de\/cms\/wp-json\/wp\/v2\/pages\/579","targetHints":{"allow":["GET"]}}],"collection":[{"href":"https:\/\/betty-bbq.de\/cms\/wp-json\/wp\/v2\/pages"}],"about":[{"href":"https:\/\/betty-bbq.de\/cms\/wp-json\/wp\/v2\/types\/page"}],"author":[{"embeddable":true,"href":"https:\/\/betty-bbq.de\/cms\/wp-json\/wp\/v2\/users\/1"}],"replies":[{"embeddable":true,"href":"https:\/\/betty-bbq.de\/cms\/wp-json\/wp\/v2\/comments?post=579"}],"version-history":[{"count":13,"href":"https:\/\/betty-bbq.de\/cms\/wp-json\/wp\/v2\/pages\/579\/revisions"}],"predecessor-version":[{"id":3048,"href":"https:\/\/betty-bbq.de\/cms\/wp-json\/wp\/v2\/pages\/579\/revisions\/3048"}],"wp:attachment":[{"href":"https:\/\/betty-bbq.de\/cms\/wp-json\/wp\/v2\/media?parent=579"}],"curies":[{"name":"wp","href":"https:\/\/api.w.org\/{rel}","templated":true}]}}