{"id":356,"date":"2018-11-16T12:45:01","date_gmt":"2018-11-16T11:45:01","guid":{"rendered":"https:\/\/betty-bbq.com\/cms\/?page_id=356"},"modified":"2020-07-07T09:59:00","modified_gmt":"2020-07-07T07:59:00","slug":"heiraten-mit-betty-bbq","status":"publish","type":"page","link":"https:\/\/betty-bbq.de\/cms\/heiraten-mit-betty-bbq\/","title":{"rendered":"Heiraten mit Betty BBQ"},"content":{"rendered":"[vc_row][vc_column][vc_single_image image=&#8220;358&#8243; css_animation=&#8220;bounceInDown&#8220;][\/vc_column][\/vc_row][vc_row max_width=&#8220;50&#8243;][vc_column][vc_column_text]\n<h3>Heirtaten mit BettyBBQ<\/h3>\n<p><strong>Heiraten &#8211; aber nicht traditionell, steif und unoriginell? Dann seid ihr richtig beim Betty BBQ Clan:<\/strong><\/p>\n<p>Heiraten mit den\u00a0au\u00dfergew\u00f6hnlichsten und unterhaltensten\u00a0Trauredner und Trauzeugen im Universum!<\/p>\n<p>Der Hochzeitstag ist ohne Frage<br \/>\neiner der wundersch\u00f6nsten Tage!<br \/>\nWir hoffen sehr in eurem Leben,<br \/>\nwird es stets Gl\u00fcck, Vertrauen und Gesundheit geben!<\/p>\n<p>Vor dem Heiraten kommt aber erst mal Abschied von der Junggesellenzeit nehmen &#8211; mit was w\u00fcrde das besser von Statten gehen als mit einem Angebot aus der Betty BBQ Welt?<\/p>\n<p>Betty BBQ &amp; Clan k\u00f6nnen hierzu als Trauredner, Trauzeugen und f\u00fcr Moderationen und Darbietungen auf eurer Hochzeit oder Festivit\u00e4t gebucht werden.<\/p>\n<p>Dieses Angebot ist ein gro\u00dfer Spa\u00df und richtet sich inbesondere an all jene,<\/p>\n<ul>\n<li>die einen Antrag machen wollen<\/li>\n<li>die ihr Versprechen f\u00fcreinander in geselliger Runde erneuern m\u00f6chten<\/li>\n<li>die sich einander Versprechen wollen und die Hochzeit in nicht ganz so konventioneller Tradition zelebrieren m\u00f6chten<\/li>\n<\/ul>\n<p>Unvergessliche und au\u00dfergew\u00f6hnliche Hochzeitsfoto mit Betty BB&amp; &amp; Clan sind nat\u00fcrlich ein weiteres Bonbon beim Heiraten mit Betty BBQ &amp; Clan.<\/p>\n<p>F\u00fcr eine erste Orientierung nennen wir euch hier gerne Preise f\u00fcr unsere Dienstleistungen. Wir weisen aber daraufhin, dass jede Hochzeit f\u00fcr sich ganz individuell und unterschiedlich ist. Daher bitten wir, dies nur als reine, unverbindliche Orientierungshilfe zu sehen. Konkrete Ausk\u00fcnfte zu Preisen k\u00f6nnen wir euch erst nach Pr\u00fcfung des genauen Vorhabens nennen.<\/p>\n<p>Trauungen durch Betty BBQ (inkl. Planungsvorgespr\u00e4chen) bieten wir ab 850,- EUR an.<\/p>\n<p>Sektempf\u00e4nge in Anwesenheit von Betty BBQ k\u00f6nnen hinzu- oder unabh\u00e4ngig davon gebucht werden, Buchungen f\u00fcr Moderationen und Unterhaltungsprogramm auf eurer Hochzeit sind ebenfalls buchbar.<\/p>\n<p>Die Preise f\u00fcr diese Engagements sind auf Nachfrage zu ermitteln.<\/p>\n<p>Anfrage , konkrete Preisauskunft und weitere Infos via E-Mail.<\/p>\n<p>In allen Belangen rund um das Heiraten mit Betty BBQ &amp; Clan arbeiten wir zusammen mit unserem Kooperationspartner\u00a0<a href=\"http:\/\/www.hochzeitsfee-freiburg.de\/\">Hochzeitsfee Freiburg<\/a>.[\/vc_column_text][vc_empty_space height=&#8220;20&#8243;][vc_single_image image=&#8220;208&#8243; img_size=&#8220;medium&#8220; css_animation=&#8220;flipInX&#8220; alignment=&#8220;center&#8220; onclick=&#8220;custom_link&#8220; img_link_target=&#8220;_blank&#8220; link=&#8220;http:\/\/www.hochzeitsfee-freiburg.de&#8220; img_hover=&#8220;grow&#8220;][vc_empty_space height=&#8220;20&#8243;][\/vc_column][\/vc_row]\n","protected":false},"excerpt":{"rendered":"<p>[vc_row][vc_column][vc_single_image image=&#8220;358&#8243; css_animation=&#8220;bounceInDown&#8220;][\/vc_column][\/vc_row][vc_row max_width=&#8220;50&#8243;][vc_column][vc_column_text] Heirtaten mit BettyBBQ Heiraten &#8211; aber nicht traditionell, steif und unoriginell? Dann seid ihr richtig beim Betty BBQ Clan: Heiraten mit den\u00a0au\u00dfergew\u00f6hnlichsten und unterhaltensten\u00a0Trauredner und Trauzeugen im Universum! Der Hochzeitstag ist ohne Frage einer der wundersch\u00f6nsten&hellip;<\/p>\n","protected":false},"author":1,"featured_media":0,"parent":0,"menu_order":0,"comment_status":"closed","ping_status":"closed","template":"","meta":{"footnotes":""},"class_list":["post-356","page","type-page","status-publish","hentry","entry","no-media"],"yoast_head":"<!-- This site is optimized with the Yoast SEO plugin v27.5 - https:\/\/yoast.com\/product\/yoast-seo-wordpress\/ -->\n<title>Heiraten mit Betty BBQ - Betty BBQ<\/title>\n<meta name=\"robots\" content=\"index, follow, max-snippet:-1, max-image-preview:large, max-video-preview:-1\" \/>\n<link rel=\"canonical\" href=\"https:\/\/betty-bbq.de\/cms\/heiraten-mit-betty-bbq\/\" \/>\n<meta property=\"og:locale\" content=\"de_DE\" \/>\n<meta property=\"og:type\" content=\"article\" \/>\n<meta property=\"og:title\" content=\"Heiraten mit Betty BBQ - Betty BBQ\" \/>\n<meta property=\"og:description\" content=\"[vc_row][vc_column][vc_single_image image=&#8220;358&#8243; css_animation=&#8220;bounceInDown&#8220;][\/vc_column][\/vc_row][vc_row max_width=&#8220;50&#8243;][vc_column][vc_column_text] Heirtaten mit BettyBBQ Heiraten &#8211; aber nicht traditionell, steif und unoriginell? Dann seid ihr richtig beim Betty BBQ Clan: Heiraten mit den\u00a0au\u00dfergew\u00f6hnlichsten und unterhaltensten\u00a0Trauredner und Trauzeugen im Universum! Der Hochzeitstag ist ohne Frage einer der wundersch\u00f6nsten&hellip;\" \/>\n<meta property=\"og:url\" content=\"https:\/\/betty-bbq.de\/cms\/heiraten-mit-betty-bbq\/\" \/>\n<meta property=\"og:site_name\" content=\"Betty BBQ\" \/>\n<meta property=\"article:modified_time\" content=\"2020-07-07T07:59:00+00:00\" \/>\n<meta name=\"twitter:card\" content=\"summary_large_image\" \/>\n<meta name=\"twitter:label1\" content=\"Gesch\u00e4tzte Lesezeit\" \/>\n\t<meta name=\"twitter:data1\" content=\"2\u00a0Minuten\" \/>\n<script type=\"application\/ld+json\" class=\"yoast-schema-graph\">{\"@context\":\"https:\\\/\\\/schema.org\",\"@graph\":[{\"@type\":\"WebPage\",\"@id\":\"https:\\\/\\\/betty-bbq.de\\\/cms\\\/heiraten-mit-betty-bbq\\\/\",\"url\":\"https:\\\/\\\/betty-bbq.de\\\/cms\\\/heiraten-mit-betty-bbq\\\/\",\"name\":\"Heiraten mit Betty BBQ - Betty BBQ\",\"isPartOf\":{\"@id\":\"https:\\\/\\\/betty-bbq.de\\\/cms\\\/#website\"},\"datePublished\":\"2018-11-16T11:45:01+00:00\",\"dateModified\":\"2020-07-07T07:59:00+00:00\",\"breadcrumb\":{\"@id\":\"https:\\\/\\\/betty-bbq.de\\\/cms\\\/heiraten-mit-betty-bbq\\\/#breadcrumb\"},\"inLanguage\":\"de\",\"potentialAction\":[{\"@type\":\"ReadAction\",\"target\":[\"https:\\\/\\\/betty-bbq.de\\\/cms\\\/heiraten-mit-betty-bbq\\\/\"]}]},{\"@type\":\"BreadcrumbList\",\"@id\":\"https:\\\/\\\/betty-bbq.de\\\/cms\\\/heiraten-mit-betty-bbq\\\/#breadcrumb\",\"itemListElement\":[{\"@type\":\"ListItem\",\"position\":1,\"name\":\"Startseite\",\"item\":\"https:\\\/\\\/betty-bbq.de\\\/cms\\\/\"},{\"@type\":\"ListItem\",\"position\":2,\"name\":\"Heiraten mit Betty BBQ\"}]},{\"@type\":\"WebSite\",\"@id\":\"https:\\\/\\\/betty-bbq.de\\\/cms\\\/#website\",\"url\":\"https:\\\/\\\/betty-bbq.de\\\/cms\\\/\",\"name\":\"Fr\u00e4ulein Betty BBQ - Schwarzwald Drag Queen, Schorlek\u00f6nigin, Entertainerin\",\"description\":\"Betty BBQ Travestie &amp; Entertainment\",\"publisher\":{\"@id\":\"https:\\\/\\\/betty-bbq.de\\\/cms\\\/#\\\/schema\\\/person\\\/6e6c45463a3cf44a5334be285fffb4b1\"},\"potentialAction\":[{\"@type\":\"SearchAction\",\"target\":{\"@type\":\"EntryPoint\",\"urlTemplate\":\"https:\\\/\\\/betty-bbq.de\\\/cms\\\/?s={search_term_string}\"},\"query-input\":{\"@type\":\"PropertyValueSpecification\",\"valueRequired\":true,\"valueName\":\"search_term_string\"}}],\"inLanguage\":\"de\"},{\"@type\":[\"Person\",\"Organization\"],\"@id\":\"https:\\\/\\\/betty-bbq.de\\\/cms\\\/#\\\/schema\\\/person\\\/6e6c45463a3cf44a5334be285fffb4b1\",\"name\":\"Betty BBQ\",\"image\":{\"@type\":\"ImageObject\",\"inLanguage\":\"de\",\"@id\":\"https:\\\/\\\/betty-bbq.de\\\/cms\\\/wp-content\\\/uploads\\\/2018\\\/10\\\/BettyBBQ-Logo.png\",\"url\":\"https:\\\/\\\/betty-bbq.de\\\/cms\\\/wp-content\\\/uploads\\\/2018\\\/10\\\/BettyBBQ-Logo.png\",\"contentUrl\":\"https:\\\/\\\/betty-bbq.de\\\/cms\\\/wp-content\\\/uploads\\\/2018\\\/10\\\/BettyBBQ-Logo.png\",\"width\":365,\"height\":365,\"caption\":\"Betty BBQ\"},\"logo\":{\"@id\":\"https:\\\/\\\/betty-bbq.de\\\/cms\\\/wp-content\\\/uploads\\\/2018\\\/10\\\/BettyBBQ-Logo.png\"},\"sameAs\":[\"http:\\\/\\\/www.betty-bbq.de\"]}]}<\/script>\n<!-- \/ Yoast SEO plugin. -->","yoast_head_json":{"title":"Heiraten mit Betty BBQ - Betty BBQ","robots":{"index":"index","follow":"follow","max-snippet":"max-snippet:-1","max-image-preview":"max-image-preview:large","max-video-preview":"max-video-preview:-1"},"canonical":"https:\/\/betty-bbq.de\/cms\/heiraten-mit-betty-bbq\/","og_locale":"de_DE","og_type":"article","og_title":"Heiraten mit Betty BBQ - Betty BBQ","og_description":"[vc_row][vc_column][vc_single_image image=&#8220;358&#8243; css_animation=&#8220;bounceInDown&#8220;][\/vc_column][\/vc_row][vc_row max_width=&#8220;50&#8243;][vc_column][vc_column_text] Heirtaten mit BettyBBQ Heiraten &#8211; aber nicht traditionell, steif und unoriginell? Dann seid ihr richtig beim Betty BBQ Clan: Heiraten mit den\u00a0au\u00dfergew\u00f6hnlichsten und unterhaltensten\u00a0Trauredner und Trauzeugen im Universum! Der Hochzeitstag ist ohne Frage einer der wundersch\u00f6nsten&hellip;","og_url":"https:\/\/betty-bbq.de\/cms\/heiraten-mit-betty-bbq\/","og_site_name":"Betty BBQ","article_modified_time":"2020-07-07T07:59:00+00:00","twitter_card":"summary_large_image","twitter_misc":{"Gesch\u00e4tzte Lesezeit":"2\u00a0Minuten"},"schema":{"@context":"https:\/\/schema.org","@graph":[{"@type":"WebPage","@id":"https:\/\/betty-bbq.de\/cms\/heiraten-mit-betty-bbq\/","url":"https:\/\/betty-bbq.de\/cms\/heiraten-mit-betty-bbq\/","name":"Heiraten mit Betty BBQ - Betty BBQ","isPartOf":{"@id":"https:\/\/betty-bbq.de\/cms\/#website"},"datePublished":"2018-11-16T11:45:01+00:00","dateModified":"2020-07-07T07:59:00+00:00","breadcrumb":{"@id":"https:\/\/betty-bbq.de\/cms\/heiraten-mit-betty-bbq\/#breadcrumb"},"inLanguage":"de","potentialAction":[{"@type":"ReadAction","target":["https:\/\/betty-bbq.de\/cms\/heiraten-mit-betty-bbq\/"]}]},{"@type":"BreadcrumbList","@id":"https:\/\/betty-bbq.de\/cms\/heiraten-mit-betty-bbq\/#breadcrumb","itemListElement":[{"@type":"ListItem","position":1,"name":"Startseite","item":"https:\/\/betty-bbq.de\/cms\/"},{"@type":"ListItem","position":2,"name":"Heiraten mit Betty BBQ"}]},{"@type":"WebSite","@id":"https:\/\/betty-bbq.de\/cms\/#website","url":"https:\/\/betty-bbq.de\/cms\/","name":"Fr\u00e4ulein Betty BBQ - Schwarzwald Drag Queen, Schorlek\u00f6nigin, Entertainerin","description":"Betty BBQ Travestie &amp; Entertainment","publisher":{"@id":"https:\/\/betty-bbq.de\/cms\/#\/schema\/person\/6e6c45463a3cf44a5334be285fffb4b1"},"potentialAction":[{"@type":"SearchAction","target":{"@type":"EntryPoint","urlTemplate":"https:\/\/betty-bbq.de\/cms\/?s={search_term_string}"},"query-input":{"@type":"PropertyValueSpecification","valueRequired":true,"valueName":"search_term_string"}}],"inLanguage":"de"},{"@type":["Person","Organization"],"@id":"https:\/\/betty-bbq.de\/cms\/#\/schema\/person\/6e6c45463a3cf44a5334be285fffb4b1","name":"Betty BBQ","image":{"@type":"ImageObject","inLanguage":"de","@id":"https:\/\/betty-bbq.de\/cms\/wp-content\/uploads\/2018\/10\/BettyBBQ-Logo.png","url":"https:\/\/betty-bbq.de\/cms\/wp-content\/uploads\/2018\/10\/BettyBBQ-Logo.png","contentUrl":"https:\/\/betty-bbq.de\/cms\/wp-content\/uploads\/2018\/10\/BettyBBQ-Logo.png","width":365,"height":365,"caption":"Betty BBQ"},"logo":{"@id":"https:\/\/betty-bbq.de\/cms\/wp-content\/uploads\/2018\/10\/BettyBBQ-Logo.png"},"sameAs":["http:\/\/www.betty-bbq.de"]}]}},"jetpack_sharing_enabled":true,"_links":{"self":[{"href":"https:\/\/betty-bbq.de\/cms\/wp-json\/wp\/v2\/pages\/356","targetHints":{"allow":["GET"]}}],"collection":[{"href":"https:\/\/betty-bbq.de\/cms\/wp-json\/wp\/v2\/pages"}],"about":[{"href":"https:\/\/betty-bbq.de\/cms\/wp-json\/wp\/v2\/types\/page"}],"author":[{"embeddable":true,"href":"https:\/\/betty-bbq.de\/cms\/wp-json\/wp\/v2\/users\/1"}],"replies":[{"embeddable":true,"href":"https:\/\/betty-bbq.de\/cms\/wp-json\/wp\/v2\/comments?post=356"}],"version-history":[{"count":2,"href":"https:\/\/betty-bbq.de\/cms\/wp-json\/wp\/v2\/pages\/356\/revisions"}],"predecessor-version":[{"id":361,"href":"https:\/\/betty-bbq.de\/cms\/wp-json\/wp\/v2\/pages\/356\/revisions\/361"}],"wp:attachment":[{"href":"https:\/\/betty-bbq.de\/cms\/wp-json\/wp\/v2\/media?parent=356"}],"curies":[{"name":"wp","href":"https:\/\/api.w.org\/{rel}","templated":true}]}}