{"id":30,"date":"2018-10-30T11:02:08","date_gmt":"2018-10-30T10:02:08","guid":{"rendered":"https:\/\/betty-bbq.com\/cms\/?page_id=30"},"modified":"2024-04-10T01:32:02","modified_gmt":"2024-04-09T23:32:02","slug":"agb","status":"publish","type":"page","link":"https:\/\/betty-bbq.de\/cms\/agb\/","title":{"rendered":"AGB f\u00fcr City-Touren"},"content":{"rendered":"[vc_row][vc_column][vc_single_image image=&#8220;640&#8243; css_animation=&#8220;bounceInDown&#8220;][\/vc_column][\/vc_row][vc_row max_width=&#8220;80&#8243;][vc_column][vc_column_text]\n<h3>Allgemeine Gesch\u00e4ftsbedingungen der Betty BBQ Travestie &amp; Entertainment f\u00fcr City-Touren<\/h3>\n<p><strong>1. Allgemeines<\/strong><\/p>\n<p>Betty BBQ Travestie &amp; Entertainment beh\u00e4lt sich vor, diese AGB bei Bedarf anzupassen. Buchungen, die vor einer solchen Anpassung eingehen, werden nach den zum Zeitpunkt der Buchung g\u00fcltigen AGB behandelt. Die Inhalte der Website werden mit gr\u00f6\u00dfter Sorgfalt erstellt und verwaltet. F\u00fcr die Richtigkeit, Vollst\u00e4ndigkeit und Aktualit\u00e4t der Inhalte \u00fcbernimmt Betty BBQ Travestie &amp; Entertainment jedoch keine Gew\u00e4hr.<\/p>\n<p><strong>2. Geltungsbereich<\/strong><\/p>\n<p>Die folgenden allgemeinen Gesch\u00e4ftsbedingungen regeln das Vertragsverh\u00e4ltnis zwischen dem Teilnehmer an einer City oder Pub Crawl Tour und dem Auftragnehmer (Betty BBQ Travestie &amp; Entertainment). F\u00fcr Teilnahmen an Touren sind zus\u00e4tzlich die Regeln, Teilnahme- und Tourbedingungen g\u00fcltig und obligatorisch. Abweichende allgemeine Gesch\u00e4ftsbedingungen des Teilnehmers haben keine G\u00fcltigkeit.<\/p>\n<p><strong>3. Teilnahme, Kosten, Zahlungsbedingungen sowie verbindliche Buchungen<\/strong><\/p>\n<p>Es gelten die jeweils zum Zeitpunkt der Anfrage ver\u00f6ffentlichten (bei \u00f6ffentlicher Durchf\u00fchrung) oder mitgeteilten (bei privaten\/exklusiven Touren) Preise.<\/p>\n<p>Alle seitens Betty BBQ Travestie &amp; Entertainment sowie seitens der Vorverkaufspartner genannten Details (wie z.B. Leistungsbeschreibung, Datum, Uhrzeit, Preis) sind lediglich als Aufforderung zur Abgabe eine Angebots zu verstehen. Gibt der Anfragende auf dieser Grundlage ein Angebot an Betty BBQ Travestie &amp; Entertainment\u00a0 oder den Vorverkaufspartnern ab, so gelten zur Annahme und Verbindlichkeit dieses Angebotes die folgenden Ausf\u00fchrungen.<\/p>\n<p>Die Teilnahmekosten sind bei Exklusiv-Touren per Vorauskasse (Bank\u00fcberweisung) zu zahlen und bei \u00f6ffentlichen Touren \u00fcber den Ticketverkauf bei den jeweiligen Vorverkaufspartnern n\u00e4her geregelt und abgewickelt. Tickets f\u00fcr \u00f6ffentliche City-Touren, welche im Vorverkauf oder als Resttickets unmittelbar vor der City-Tour direkt bei Betty BBQ Travestie &amp; Entertainment erworben werden, sind ebenfalls sofort zur Zahlung f\u00e4llig. Eine noch nicht bezahlte Tour ist nicht gebucht und best\u00e4tigt. Bitte beachten Sie, dass bei exklusiven\/privaten Touren die Buchung und Durchf\u00fchrung der Tour erst mit Eingang des Rechnungsbetrages auf unserem Konto und der darauf folgenden Buchungsbest\u00e4tigung seitens Betty BBQ Travestie &amp; Entertainment verbindlich wird. Es gelten ausschliesslich schriftliche Buchungsbest\u00e4tigungen seitens Betty BBQ Travestie &amp; Entertainment.<\/p>\n<p>In der Geb\u00fchr nicht inbegriffen sind etwaige Reisekosten des Teilnehmers sowie Aufwendungen f\u00fcr \u00dcbernachtung und die Verpflegung.<\/p>\n<p>Zus\u00e4tzlicher Hinweis f\u00fcr den angebotenen Pub Crawl\/die Kneipentour:\u00a0Aus organisatorischen und dramaturgischen Gr\u00fcnden\u00a0<strong>ist der Bezug von Tickets f\u00fcr Gruppen mit mehr als 8 Personen \u00fcber die Vorverkaufspartner f\u00fcr die \u00f6ffentliche Kneipentour nicht gestattet<\/strong>. Wollen Inetressierte dennoch mit mehr als 8 Personen an der \u00f6ffentlichen Pub Crawl-Tour teilnehmen, so ist hierzu und f\u00fcr eine m\u00f6gliche Freigabe durch Betty BBQ Travestie &amp; Entertainment zuvor das Betty BBQ-B\u00fcro unter info@betty-bbq.de anzufragen. Die Gestattung liegt im Ermessen der Betty BBQ Travestie &amp; Entertainment.<\/p>\n<p><strong>4. Durchf\u00fchrungs\u00e4nderungen und -hindernisse<\/strong><\/p>\n<p>Betty BBQ ist eine Kunstfigur, die konkret die gesellschaftliche Normalit\u00e4t in Frage und pseudo-moralische Situationen aufbrechen will. Hieraus ergibt sich, dass der Auftragnehmer f\u00fcr den Fall, dass Betty BBQ die M\u00f6glichkeit hat, diese Botschaft in erheblichen Ma\u00dfe medienwirksam und \u00f6ffentlich zu \u00e4u\u00dfern bzw. Vorbereitungen hierzu treffen kann (z.B. Teilnahme an TV-, Radio- und Gro\u00dfveranstaltungen),\u00a0sich vorbeh\u00e4lt, die jeweilige Tour bzw. Veranstaltung mit Betty BBQ\u00a0 zeitlich zu verlegen bzw. abzusagen.<\/p>\n<p>Der Auftragnehmer beh\u00e4lt sich vor, bei Eintreten besonderer oder\/und nicht vorhersehbarer oder\/und vom Auftragnehmer nicht zu vertretender Umst\u00e4nde wie z.B. der Erkrankung oder dem sonstigen Ausfall eines Guides, Naturkatastrophen oder Epidemien\/Pandemien und deren Auswirkungen, die jeweilige Tour r\u00e4umlich und\/oder zeitlich zu verlegen, einen anderen Guide ersatzweise einzusetzen, City- oder Pub Crawl-Tour zu \u00e4ndern oder abzusagen. Der Auftraggeber kann dies nicht geltend machen.<\/p>\n<p>Betreffend H\u00f6herer Gewalt gilt f\u00fcr eine Veranstaltungs\u00e4nderung- oder absage:<\/p>\n<ol>\n<li>Ist der Auftragnehmer an der Erf\u00fcllung des Vertrages durch h\u00f6here Gewalt wie Krieg, Endemie, Pandemie, schwere \u00dcberschwemmung, Feuer, Taifun, Sturm und Erdbeben und all derer Auswirkungen gehindert, so verl\u00e4ngert sich die Frist f\u00fcr die Erf\u00fcllung des Vertrages um den Zeitraum, in dem die h\u00f6here Gewalt vorliegt.<\/li>\n<li>\u201eH\u00f6here Gewalt\u201c bedeutet das Eintreten eines Ereignisses, das eine der Auftragnehmer zumindest vor\u00fcbergehend daran hindert, eine oder mehrere der vertraglichen Verpflichtungen aus dem Vertrag zu erf\u00fcllen, wenn und soweit dieser nachweist,\n<ol>\n<li>dass dieses Hindernis au\u00dferhalb dessen zumutbaren Kontrolle liegt,<\/li>\n<li>dass das Ereignis zum Zeitpunkt des Vertragsabschlusses vern\u00fcnftigerweise nicht vorhersehbar bzw. anders anzunehmen war,<\/li>\n<li>und dass die Auswirkungen des Hindernisses vom Auftragnehmer nicht vern\u00fcnftigerweise h\u00e4tten vermieden oder \u00fcberwunden werden k\u00f6nnen.<\/li>\n<\/ol>\n<\/li>\n<li>Der Auftragnehmer benachrichtigt den Auftraggeber \u00fcber den Eintritt H\u00f6herer Gewalt sowie \u00fcber die Aussetzung der Leistungspflicht.<\/li>\n<li>Entfallen die Voraussetzungen f\u00fcr die Annahme H\u00f6herer Gewalt (Absatz 2), benachrichtigt der Auftragnehmer den Auftraggeber wenigstens per E-Mail.<\/li>\n<li>Der Auftraggeber kann unter Zustimmung des Auftragnehmers seine Buchung auch zu einem Gutschein zur Einl\u00f6sung zu einem sp\u00e4teren Zeitpunkt (in der Regel innert eines Jahres) umwandeln. Ein Anspruch auf Erstattung besteht nicht.<\/li>\n<\/ol>\n<p>Werden seitens des Auftragnehmers Touren auf Grundlage von Umst\u00e4nden, die der Auftragnehmer zu verantworten hat, abgesagt, so k\u00f6nnen diese nach Wahl des Auftraggebers\/Buchenden zu einem anderen Termin (im Einvernehmen mit dem Auftraggeber) nachgeholt werden oder erstattet werden.<\/p>\n<p>Ebenso beh\u00e4lt sich die Betty BBQ Travestie &amp; Entertainment vor, die Kontingente (Gruppengr\u00f6\u00dfen) der Touren anzupassen.<\/p>\n<p>Bei Unterschreitung der Mindestteilnehmerzahl (vier Teilnehmer) beh\u00e4lt sich der Auftragnehmer vor, die jeweilige Tour zeitlich zu verlegen bzw. abzusagen.<\/p>\n<p>Au\u00dferdem beh\u00e4lt sich der Auftragnehmer vor, Teilnehmer, die gegen die Verhaltensregeln f\u00fcr die City und Pub Crawl Touren (<a href=\"https:\/\/betty-bbq.com\/cms\/regeln\/\" target=\"_blank\" rel=\"noopener noreferrer\">unsere Regeln und Teilnahme- und Tourbedingungen<\/a>) versto\u00dfen, w\u00e4hrend einer City oder Pub Crawl Tour von der Veranstaltung auszuschlie\u00dfen. Der Teilnehmer hat in solch einem Fall keinen Anspruch auf Schadensersatz und bekommt die entrichteten Aufw\u00e4nde nicht erstattet. Ausgeschlossen werden auch Teilnehmer, die sich nicht benehmen k\u00f6nnen und\/oder Personensch\u00e4den, Sachsch\u00e4den, Sch\u00e4den an \u00f6ffentlichem Eigentum oder \u00c4hnliches begehen. Die Betty BBQ Guides behalten sich das Recht vor, den Alkohol an Teilnehmer, die grob die den Tourenablauf gef\u00e4hrden, nicht auszugeben. Ferner \u00fcbernimmt Betty BBQ Travestie &amp; Entertainment keine Garantie f\u00fcr den Zutritt in die jeweilige Location, wenn Teilnehmer stark alkoholisiert sind. Die jeweilige Location \u00fcbt ihr Hausrecht eigenst\u00e4ndig aus.<\/p>\n<p><strong>Erg\u00e4nzend hierzu und gelten f\u00fcr alle Teilnehmer an unseren City-Touren unbedingt und zwingend\u00a0<a href=\"https:\/\/betty-bbq.com\/cms\/regeln\/\" target=\"_blank\" rel=\"noopener noreferrer\">unsere Regeln und Teilnahme- und Tourbedingungen<\/a>.<\/strong><\/p>\n<p>Ein Auszug hieraus:<\/p>\n<ul>\n<li>Die Tourleiter\/Guides sowie das Management behalten sich jederzeit vor,\u00a0<strong>alkoholisierte, berauschte oder sich unverantwortlich (z.B. Beleidigungen, Bedrohungen und t\u00e4tliche Angriffe sowie Erregung \u00f6ffentlichen \u00c4rgernisses)\u00a0 verhaltende Teilnehmer von der Tour auszuschlie\u00dfen, eine Erstattung ist hierbei ausgeschlossen.<\/strong> <strong>Personen, die unter dem berauschenden Einfluss von Cannabis-Produkten<\/strong> (wie z.B. Cannabisbl\u00fcten (Marihuana), Cannabisextrakten (Haschisch\u00f6l, dab), Haschisch und Kief) stehen, <strong>k\u00f6nnen grunds\u00e4tzlich nicht an unseren Touren teilnehmen, ebenso ist das Rauchen von Cannabis-Produkten nicht erlaubt. Auch in diesen beiden F\u00e4llen ist ein Ausschluss von der Tour ohne Erstattungsrecht m\u00f6glich.<\/strong> Bez\u00fcglich dem alkoholisierten und berauschenden Zustands betreffender Teilnehmer ist nicht auf den Grad der Alkoholisierung bzw. Rauschzustand abzustellen, sondern auf wesentliche F\u00e4higkeiten zu einer reibungslosen Teilnahme , diese sind z.B. Orientierungs-, Geh- und Stehverm\u00f6gen sowie Rede- und Sehverm\u00f6gen (\u201eHerr \u00fcber seinen K\u00f6rper sein\u201c ). Die Entscheidung dar\u00fcber, ob die genannten Ausschlussgr\u00fcnde vorliegen, liegen alleine in der subjektiven Beurteilung des Guides bzw. dem Management. Wir k\u00f6nnen auch aus Haftungs- und Hausrechtgsr\u00fcnden die City-Tour dann nicht mehr durchf\u00fchren. Einreden zu diesen Entscheidungen k\u00f6nnen nur an das Management und via E-Mail nach der Entscheidung eingebracht werden.<\/li>\n<li>Die Tourleiter\/Guides sowie das Management behalten sich jederzeit vor,\u00a0<strong>exklusiv\/privat gebuchte City-Touren aufgrund alkoholisierter, berauschter oder sich unverantwortlich verhaltende Teilnehmer abzusagen und abzubrechen, eine Erstattung ist hierbei<\/strong> ausgeschlossen. <strong>Personen, die unter dem berauschenden Einfluss von Cannabis-Produkten<\/strong> (wie z.B. Cannabisbl\u00fcten (Marihuana), Cannabisextrakten (Haschisch\u00f6l, dab), Haschisch und Kief) stehen, <strong>k\u00f6nnen grunds\u00e4tzlich nicht an unseren Touren teilnehmen, ebenso ist das Rauchen von Cannabis-Produkten nicht erlaubt. Auch in diesen beiden F\u00e4llen ist ein Ausschluss von der Tour ohne Erstattungsrecht m\u00f6glich. <\/strong>Bez\u00fcglich dem alkoholisierten und berauschenden Zustands betreffender Teilnehmer ist nicht auf den Grad der Alkoholisierung bzw. Rauschzustand abzustellen, sondern auf wesentliche F\u00e4higkeiten zu einer reibungslosen Teilnahme , diese sind z.B. Orientierungs-, Geh- und Stehverm\u00f6gen sowie Rede- und Sehverm\u00f6gen (\u201eHerr \u00fcber seinen K\u00f6rper sein\u201c ). Die Entscheidung dar\u00fcber, ob die genannten Ausschlussgr\u00fcnde vorliegen, liegen alleine in der subjektiven Beurteilung des Guides bzw. dem Management. Wir k\u00f6nnen auch aus Haftungs- und Hausrechtgsr\u00fcnden die City-Tour dann nicht mehr durchf\u00fchren. Einreden zu diesen Entscheidungen k\u00f6nnen nur an das Management und via E-Mail nach der Entscheidung eingebracht werden.<\/li>\n<\/ul>\n<p>Weitergehende Anspr\u00fcche des Teilnehmers, insbesondere Schadens- und Aufwandsersatzanspr\u00fcche (auch Stornogeb\u00fchren f\u00fcr Reise oder Hotelkosten) bei \u00c4nderungen oder Absage einer Tour bestehen nicht.<\/p>\n<p><strong>5. Datenspeicherung<\/strong><\/p>\n<p>Mit diesen AGB willigt der Kunde zur Speicherung seiner erhobenen Daten durch Betty BBQ Travestie &amp; Entertainment ein. Die Speicherung dient dazu, gegenseitige Leistungspflichten zu erf\u00fcllen, eine Klientenkartei zu buchhalterischen und statistischen Zwecken zu f\u00fchren und dazu, den Kunden \u00fcber neue Angebote von Betty BBQ Travestie &amp; Entertainment zu informieren.<\/p>\n<p>Ebenso willigt der Kunde ein, dass seine Daten im Rahmen der Tourabwicklung (Reservierungen etc.) an Vertragspartner weitergegeben werden k\u00f6nnen.<\/p>\n<p>Die Einwilligung, Angebote von Betty BBQ Travestie &amp; Entertainment zu erhalten, kann der Kunde jederzeit widerrufen. Betty BBQ Travestie &amp; Entertainment verpflichtet sich, Daten an Dritte nicht weiterzugeben. Wenn die Daten nicht mehr ben\u00f6tigt werden oder wenn ein Kunde seine Einwilligung nach Erf\u00fcllung aller vertraglichen Pflichten widerruft, werden diese unverz\u00fcglich von Betty BBQ Travestie &amp; Entertainment gel\u00f6scht.<\/p>\n<p><strong>6. Haftung<\/strong><\/p>\n<p>Der Auftragnehmer w\u00e4hlt f\u00fcr seine Touren professionelle und qualifizierte Guides aus. Bei Personensch\u00e4den, Sachsch\u00e4den, Sch\u00e4den an \u00f6ffentlichem Eigentum oder \u00e4hnliches \u00fcbernimmt der Veranstalter keine Haftung. Die Teilnehmer haften voll.<br \/>\nEs gilt deutsches Recht.<\/p>\n<p><strong>7. Freiwillige Stornierungseinr\u00e4umung<\/strong><\/p>\n<p>Bei den Exklusiv-\/Privattouren ist eine Stornierung mit Erstattung ist bis zu drei Monate vor Beginn der Tour abz\u00fcglich einer Aufwandspauschale von 5 % des Tourenpreises m\u00f6glich. Nach Ablauf dieser Frist ist die Stornierung mit Erstattung von 50 % des Tourenpreises bis sechs Wochen vor Beginn der Tour m\u00f6glich. Eine Erstattung danach ist ausgeschlossen.\u00a0<span style=\"font-weight: 400;\">Vermittelte Dienstleistungen von Fremdleistern (z.B. Fotografen, Strip-Shows, Limousinenfahrten etc) sind grunds\u00e4tzlich von der Erstattung ausgeschlossen.<\/span><\/p>\n<p>Tickets f\u00fcr die \u00f6ffentlichen Touren k\u00f6nnen nach der Buchung nicht vom Auftraggeber\/Buchenden storniert werden. Die Tour wird mit der Bezahlung verbindlich gebucht.<\/p>\n<p>Die in 3. genannten Gr\u00fcnde f\u00fcr \u00c4nderungen\/Absagen der Veranstaltungen seitens des Auftragnehmers (Betty BBQ Travestie &amp; Entertainment) gelten nicht f\u00fcr den Auftraggeber\/Buchenden und k\u00f6nnen von diesem nicht erkl\u00e4rt werden.<\/p>\n<p><strong>8. Zustimmungserkl\u00e4rung<\/strong><\/p>\n<p>Mit Buchung unserer Dienstleistungen\/Produkte stimmen Sie den Allgemeinen Gesch\u00e4ftsbedingungen und <a href=\"https:\/\/betty-bbq.com\/cms\/regeln\/\">den Regeln f\u00fcr die Teilnahme an City- und Kneipen-Touren<\/a> sowie der <a href=\"https:\/\/betty-bbq.com\/cms\/datenschutz\/\">Datenschutzerkl\u00e4rung der Betty BBQ Travestie &amp; Entertainment<\/a> zu. Der Datenschutzerkl\u00e4rung stimmen Sie auch bereits mit Kontaktaufnahme und zur Abwicklung vorvertraglicher Vorg\u00e4nge zu. Diese sind in der aktuellen Fassung einzusehen auf www.betty-bbq.com<\/p>\n<p><strong>9. Gerichtsstand, Sonstiges<\/strong><\/p>\n<p>Der Gerichtsstand ist Freiburg im Breisgau.<\/p>\n<p>Es gilt ausschlie\u00dflich deutsches Recht. Der Vertrag bleibt auch bei rechtlicher Unwirksamkeit einzelner Bestimmungen in seinen \u00fcbrigen Teilen verbindlich. Das gilt nicht, wenn das Festhalten an dem Vertrag eine unzumutbare H\u00e4rte f\u00fcr eine Partei darstellen w\u00fcrde.[\/vc_column_text][\/vc_column][\/vc_row]\n","protected":false},"excerpt":{"rendered":"<p>[vc_row][vc_column][vc_single_image image=&#8220;640&#8243; css_animation=&#8220;bounceInDown&#8220;][\/vc_column][\/vc_row][vc_row max_width=&#8220;80&#8243;][vc_column][vc_column_text] Allgemeine Gesch\u00e4ftsbedingungen der Betty BBQ Travestie &amp; Entertainment f\u00fcr City-Touren 1. Allgemeines Betty BBQ Travestie &amp; Entertainment beh\u00e4lt sich vor, diese AGB bei Bedarf anzupassen. Buchungen, die vor einer solchen Anpassung eingehen, werden nach den zum&hellip;<\/p>\n","protected":false},"author":1,"featured_media":0,"parent":0,"menu_order":0,"comment_status":"closed","ping_status":"closed","template":"","meta":{"footnotes":""},"class_list":["post-30","page","type-page","status-publish","hentry","entry","no-media"],"yoast_head":"<!-- This site is optimized with the Yoast SEO plugin v27.4 - https:\/\/yoast.com\/product\/yoast-seo-wordpress\/ -->\n<title>AGB f\u00fcr City-Touren - Betty BBQ<\/title>\n<meta name=\"robots\" content=\"index, follow, max-snippet:-1, max-image-preview:large, max-video-preview:-1\" \/>\n<link rel=\"canonical\" href=\"https:\/\/betty-bbq.de\/cms\/agb\/\" \/>\n<meta property=\"og:locale\" content=\"de_DE\" \/>\n<meta property=\"og:type\" content=\"article\" \/>\n<meta property=\"og:title\" content=\"AGB f\u00fcr City-Touren - Betty BBQ\" \/>\n<meta property=\"og:description\" content=\"[vc_row][vc_column][vc_single_image image=&#8220;640&#8243; css_animation=&#8220;bounceInDown&#8220;][\/vc_column][\/vc_row][vc_row max_width=&#8220;80&#8243;][vc_column][vc_column_text] Allgemeine Gesch\u00e4ftsbedingungen der Betty BBQ Travestie &amp; Entertainment f\u00fcr City-Touren 1. Allgemeines Betty BBQ Travestie &amp; Entertainment beh\u00e4lt sich vor, diese AGB bei Bedarf anzupassen. Buchungen, die vor einer solchen Anpassung eingehen, werden nach den zum&hellip;\" \/>\n<meta property=\"og:url\" content=\"https:\/\/betty-bbq.de\/cms\/agb\/\" \/>\n<meta property=\"og:site_name\" content=\"Betty BBQ\" \/>\n<meta property=\"article:modified_time\" content=\"2024-04-09T23:32:02+00:00\" \/>\n<meta name=\"twitter:card\" content=\"summary_large_image\" \/>\n<meta name=\"twitter:label1\" content=\"Gesch\u00e4tzte Lesezeit\" \/>\n\t<meta name=\"twitter:data1\" content=\"11\u00a0Minuten\" \/>\n<script type=\"application\/ld+json\" class=\"yoast-schema-graph\">{\"@context\":\"https:\\\/\\\/schema.org\",\"@graph\":[{\"@type\":\"WebPage\",\"@id\":\"https:\\\/\\\/betty-bbq.de\\\/cms\\\/agb\\\/\",\"url\":\"https:\\\/\\\/betty-bbq.de\\\/cms\\\/agb\\\/\",\"name\":\"AGB f\u00fcr City-Touren - Betty BBQ\",\"isPartOf\":{\"@id\":\"https:\\\/\\\/betty-bbq.de\\\/cms\\\/#website\"},\"datePublished\":\"2018-10-30T10:02:08+00:00\",\"dateModified\":\"2024-04-09T23:32:02+00:00\",\"breadcrumb\":{\"@id\":\"https:\\\/\\\/betty-bbq.de\\\/cms\\\/agb\\\/#breadcrumb\"},\"inLanguage\":\"de\",\"potentialAction\":[{\"@type\":\"ReadAction\",\"target\":[\"https:\\\/\\\/betty-bbq.de\\\/cms\\\/agb\\\/\"]}]},{\"@type\":\"BreadcrumbList\",\"@id\":\"https:\\\/\\\/betty-bbq.de\\\/cms\\\/agb\\\/#breadcrumb\",\"itemListElement\":[{\"@type\":\"ListItem\",\"position\":1,\"name\":\"Startseite\",\"item\":\"https:\\\/\\\/betty-bbq.de\\\/cms\\\/\"},{\"@type\":\"ListItem\",\"position\":2,\"name\":\"AGB f\u00fcr City-Touren\"}]},{\"@type\":\"WebSite\",\"@id\":\"https:\\\/\\\/betty-bbq.de\\\/cms\\\/#website\",\"url\":\"https:\\\/\\\/betty-bbq.de\\\/cms\\\/\",\"name\":\"Fr\u00e4ulein Betty BBQ - Schwarzwald Drag Queen, Schorlek\u00f6nigin, Entertainerin\",\"description\":\"Betty BBQ Travestie &amp; Entertainment\",\"publisher\":{\"@id\":\"https:\\\/\\\/betty-bbq.de\\\/cms\\\/#\\\/schema\\\/person\\\/6e6c45463a3cf44a5334be285fffb4b1\"},\"potentialAction\":[{\"@type\":\"SearchAction\",\"target\":{\"@type\":\"EntryPoint\",\"urlTemplate\":\"https:\\\/\\\/betty-bbq.de\\\/cms\\\/?s={search_term_string}\"},\"query-input\":{\"@type\":\"PropertyValueSpecification\",\"valueRequired\":true,\"valueName\":\"search_term_string\"}}],\"inLanguage\":\"de\"},{\"@type\":[\"Person\",\"Organization\"],\"@id\":\"https:\\\/\\\/betty-bbq.de\\\/cms\\\/#\\\/schema\\\/person\\\/6e6c45463a3cf44a5334be285fffb4b1\",\"name\":\"Betty BBQ\",\"image\":{\"@type\":\"ImageObject\",\"inLanguage\":\"de\",\"@id\":\"https:\\\/\\\/betty-bbq.de\\\/cms\\\/wp-content\\\/uploads\\\/2018\\\/10\\\/BettyBBQ-Logo.png\",\"url\":\"https:\\\/\\\/betty-bbq.de\\\/cms\\\/wp-content\\\/uploads\\\/2018\\\/10\\\/BettyBBQ-Logo.png\",\"contentUrl\":\"https:\\\/\\\/betty-bbq.de\\\/cms\\\/wp-content\\\/uploads\\\/2018\\\/10\\\/BettyBBQ-Logo.png\",\"width\":365,\"height\":365,\"caption\":\"Betty BBQ\"},\"logo\":{\"@id\":\"https:\\\/\\\/betty-bbq.de\\\/cms\\\/wp-content\\\/uploads\\\/2018\\\/10\\\/BettyBBQ-Logo.png\"},\"sameAs\":[\"http:\\\/\\\/www.betty-bbq.de\"]}]}<\/script>\n<!-- \/ Yoast SEO plugin. -->","yoast_head_json":{"title":"AGB f\u00fcr City-Touren - Betty BBQ","robots":{"index":"index","follow":"follow","max-snippet":"max-snippet:-1","max-image-preview":"max-image-preview:large","max-video-preview":"max-video-preview:-1"},"canonical":"https:\/\/betty-bbq.de\/cms\/agb\/","og_locale":"de_DE","og_type":"article","og_title":"AGB f\u00fcr City-Touren - Betty BBQ","og_description":"[vc_row][vc_column][vc_single_image image=&#8220;640&#8243; css_animation=&#8220;bounceInDown&#8220;][\/vc_column][\/vc_row][vc_row max_width=&#8220;80&#8243;][vc_column][vc_column_text] Allgemeine Gesch\u00e4ftsbedingungen der Betty BBQ Travestie &amp; Entertainment f\u00fcr City-Touren 1. Allgemeines Betty BBQ Travestie &amp; Entertainment beh\u00e4lt sich vor, diese AGB bei Bedarf anzupassen. Buchungen, die vor einer solchen Anpassung eingehen, werden nach den zum&hellip;","og_url":"https:\/\/betty-bbq.de\/cms\/agb\/","og_site_name":"Betty BBQ","article_modified_time":"2024-04-09T23:32:02+00:00","twitter_card":"summary_large_image","twitter_misc":{"Gesch\u00e4tzte Lesezeit":"11\u00a0Minuten"},"schema":{"@context":"https:\/\/schema.org","@graph":[{"@type":"WebPage","@id":"https:\/\/betty-bbq.de\/cms\/agb\/","url":"https:\/\/betty-bbq.de\/cms\/agb\/","name":"AGB f\u00fcr City-Touren - Betty BBQ","isPartOf":{"@id":"https:\/\/betty-bbq.de\/cms\/#website"},"datePublished":"2018-10-30T10:02:08+00:00","dateModified":"2024-04-09T23:32:02+00:00","breadcrumb":{"@id":"https:\/\/betty-bbq.de\/cms\/agb\/#breadcrumb"},"inLanguage":"de","potentialAction":[{"@type":"ReadAction","target":["https:\/\/betty-bbq.de\/cms\/agb\/"]}]},{"@type":"BreadcrumbList","@id":"https:\/\/betty-bbq.de\/cms\/agb\/#breadcrumb","itemListElement":[{"@type":"ListItem","position":1,"name":"Startseite","item":"https:\/\/betty-bbq.de\/cms\/"},{"@type":"ListItem","position":2,"name":"AGB f\u00fcr City-Touren"}]},{"@type":"WebSite","@id":"https:\/\/betty-bbq.de\/cms\/#website","url":"https:\/\/betty-bbq.de\/cms\/","name":"Fr\u00e4ulein Betty BBQ - Schwarzwald Drag Queen, Schorlek\u00f6nigin, Entertainerin","description":"Betty BBQ Travestie &amp; Entertainment","publisher":{"@id":"https:\/\/betty-bbq.de\/cms\/#\/schema\/person\/6e6c45463a3cf44a5334be285fffb4b1"},"potentialAction":[{"@type":"SearchAction","target":{"@type":"EntryPoint","urlTemplate":"https:\/\/betty-bbq.de\/cms\/?s={search_term_string}"},"query-input":{"@type":"PropertyValueSpecification","valueRequired":true,"valueName":"search_term_string"}}],"inLanguage":"de"},{"@type":["Person","Organization"],"@id":"https:\/\/betty-bbq.de\/cms\/#\/schema\/person\/6e6c45463a3cf44a5334be285fffb4b1","name":"Betty BBQ","image":{"@type":"ImageObject","inLanguage":"de","@id":"https:\/\/betty-bbq.de\/cms\/wp-content\/uploads\/2018\/10\/BettyBBQ-Logo.png","url":"https:\/\/betty-bbq.de\/cms\/wp-content\/uploads\/2018\/10\/BettyBBQ-Logo.png","contentUrl":"https:\/\/betty-bbq.de\/cms\/wp-content\/uploads\/2018\/10\/BettyBBQ-Logo.png","width":365,"height":365,"caption":"Betty BBQ"},"logo":{"@id":"https:\/\/betty-bbq.de\/cms\/wp-content\/uploads\/2018\/10\/BettyBBQ-Logo.png"},"sameAs":["http:\/\/www.betty-bbq.de"]}]}},"jetpack_sharing_enabled":true,"_links":{"self":[{"href":"https:\/\/betty-bbq.de\/cms\/wp-json\/wp\/v2\/pages\/30","targetHints":{"allow":["GET"]}}],"collection":[{"href":"https:\/\/betty-bbq.de\/cms\/wp-json\/wp\/v2\/pages"}],"about":[{"href":"https:\/\/betty-bbq.de\/cms\/wp-json\/wp\/v2\/types\/page"}],"author":[{"embeddable":true,"href":"https:\/\/betty-bbq.de\/cms\/wp-json\/wp\/v2\/users\/1"}],"replies":[{"embeddable":true,"href":"https:\/\/betty-bbq.de\/cms\/wp-json\/wp\/v2\/comments?post=30"}],"version-history":[{"count":39,"href":"https:\/\/betty-bbq.de\/cms\/wp-json\/wp\/v2\/pages\/30\/revisions"}],"predecessor-version":[{"id":3389,"href":"https:\/\/betty-bbq.de\/cms\/wp-json\/wp\/v2\/pages\/30\/revisions\/3389"}],"wp:attachment":[{"href":"https:\/\/betty-bbq.de\/cms\/wp-json\/wp\/v2\/media?parent=30"}],"curies":[{"name":"wp","href":"https:\/\/api.w.org\/{rel}","templated":true}]}}