{"id":260,"date":"2018-11-14T20:16:39","date_gmt":"2018-11-14T19:16:39","guid":{"rendered":"https:\/\/betty-bbq.com\/cms\/?page_id=260"},"modified":"2022-03-31T02:21:41","modified_gmt":"2022-03-31T00:21:41","slug":"betty-bbq","status":"publish","type":"page","link":"https:\/\/betty-bbq.de\/cms\/betty-bbq\/","title":{"rendered":"Betty BBQ"},"content":{"rendered":"[vc_row][vc_column][vc_single_image image=&#8220;340&#8243; css_animation=&#8220;bounceInDown&#8220;][\/vc_column][\/vc_row][vc_row max_width=&#8220;50&#8243;][vc_column][vc_column_text]\n<h1>Betty BBQ &#8211; Freiburgs lebendige Sehensw\u00fcrdigkeit!<\/h1>\n<h3><span style=\"color: #c1272d;\">Und aus Freiburg ist Betty nicht mehr wegzudenken.<\/span><\/h3>\n[\/vc_column_text][vc_empty_space height=&#8220;20&#8243;][vc_column_text]<br \/>\n<h3><span style=\"color: #c1272d;\"><strong>Wer ist Betty BBQ?<\/strong><\/span><\/h3>\n<p>Diese Frage stellte auch Regio TV Bodensee. Heraus kam eine wunderbare und informative \u00fcber die Kunstfigur Betty BBQ. Viel Spa\u00df beim Anschauen!<\/p>\n<p>HeldenL\u00e4ndle auf Facebook: <a href=\"https:\/\/fb.me\/heldenlaendle\">https:\/\/fb.me\/heldenlaendle <\/a><\/p>\n<p>Eine Produktion von Regio TV Bodenseefernsehen GmbH + Co. KG, bei welcher auch alle Rechte liegen.(<a href=\"https:\/\/www.regio-tv.de\/regionen\/bodensee.html\">https:\/\/www.regio-tv.de\/regionen\/bodensee.html<\/a>)[\/vc_column_text][vc_empty_space height=&#8220;20&#8243;][vc_video link=&#8220;https:\/\/www.youtube.com\/watch?v=hGS8iXyWrI4&#8243;][vc_column_text]<br \/>\n<h3><span style=\"color: #c1272d;\">Betty BBQ in der SWR Talk-Sendung &#8222;Talk am See mit Gaby Hauptmann&#8220;<\/span><\/h3>\n<p>Autorin und Journalistin Gaby Hauptmann l\u00e4dt ab Mai 2019 w\u00f6chentlich am Samstagabend G\u00e4ste zum unterhaltsamen SWR Talk nach Konstanz an den Bodensee. Sie und Ihre G\u00e4ste sprechen \u00fcber alles, was den S\u00fcdwesten Deutschlands in der Woche bewegt hat, teilen ihre Erfahrungen, Meinungen und besonderen Erlebnisse.<\/p>\n<p>In ihrer Talkrunde am Samstagabend\u00a0in dieser ersten Juniwoche hatte Gaby Hauptmann wieder interessante G\u00e4ste nach Konstanz eingeladen: Musiker und Moderator Stefan Mross, <strong>G\u00e4stef\u00fchrerin &amp; Schwarzwald Drag Queen Betty BBQ<\/strong>, Ordensschwester Th\u00e9r\u00e8se, Wolfsexpertin Tatjana Schneider sowie VfB Stuttgart-Fan Ingeborg Stiegler.<\/p>\n<p>Weitere Informationen zur Zusammensetzung dieser Sendung:\u00a0<a href=\"https:\/\/www.swr.de\/swraktuell\/baden-wuerttemberg\/friedrichshafen\/Gaby-Hauptmann-Stefan-Mross-zu-Gast-bei-Talk-am-See,talk-am-see-104.htm\">https:\/\/www.swr.de\/swraktuell\/baden-wuerttemberg\/friedrichshafen\/Gaby-Hauptmann-Stefan-Mross-zu-Gast-bei-Talk-am-See,talk-am-see-104.htm<\/a><\/p>\n<p><strong>Auch zu sehen in der ARD Mediathek:<\/strong>\u00a0<a href=\"https:\/\/www.ardmediathek.de\/ard\/player\/Y3JpZDovL3N3ci5kZS9hZXgvbzExMjQ2MTA\/\">https:\/\/www.ardmediathek.de\/ard\/player\/Y3JpZDovL3N3ci5kZS9hZXgvbzExMjQ2MTA\/<\/a><\/p>\n<p><strong>Und zu sehen in der SWR-Mediathek:<\/strong>\u00a0<a href=\"https:\/\/swrmediathek.de\/player.htm?show=54d5e570-848d-11e9-88e7-005056a10824\">https:\/\/swrmediathek.de\/player.htm?show=54d5e570-848d-11e9-88e7-005056a10824<\/a>[\/vc_column_text][vc_empty_space height=&#8220;20&#8243;][vc_column_text]<br \/>\n<h3><span style=\"color: #c1272d;\">Stadtf\u00fchrungen mit Betty BBQ?<\/span><\/h3>\n<p>Aber ja &#8211; und dazu hat sogar schon das ZDF berichtet: hallo deutschland vom 9. November 2018<\/p>\n<p>hallo AUSZEIT: Freiburg<\/p>\n<p>Baden-W\u00fcrttemberg ist Deutschlands sonnenreichstes Bundesland. Grund genug f\u00fcr Moderator und Presenter Andreas Korn im tristen November mal Richtung S\u00fcden zu fahren. So hat er sich in Freiburg im Breisgau umgesehen. Selbstverst\u00e4ndlich mit Sonnenbrille im Gep\u00e4ck &#8211; und einem Besuch bei der &#8222;wohl schillerndsten Stadtf\u00fchrerin Baden-W\u00fcrttembergs&#8220;: Betty BBQ!<\/p>\n<p>Zu sehen in der ZDF Mediathek:\u00a0<a href=\"https:\/\/www.zdf.de\/nachrichten\/hallo-deutschland\/hallo-auszeit-freiburg-teil-1-100.html\">https:\/\/www.zdf.de\/nachrichten\/hallo-deutschland\/hallo-auszeit-freiburg-teil-1-100.html<\/a>[\/vc_column_text][vc_empty_space height=&#8220;20&#8243;][vc_video link=&#8220;https:\/\/www.youtube.com\/watch?v=NYGVGhaANQM&#8220; title=&#8220;Betty BBQ im neuen Video zum Fansong des SC Freiburg!&#8220;][vc_empty_space height=&#8220;20&#8243;][vc_column_text]<br \/>\n<h3><span style=\"color: #c1272d;\">Betty BBQ und der SC Freiburg!<\/span><\/h3>\n<p>Am 06.10.2021 ver\u00f6ffentlichte die Freiburger Verkehrs AG (VAG) f\u00fcr den Sportclub Freiburg das neue Songvideo zum schon seit 2008 bestehenden und derzeit aktuellen Fansong &#8222;SC Freiburg vor!&#8220; der Gruppe Fisherman\u2019s Fall, in welchem auch die bekannte Schwarzwald Drag Queen Betty BBQ aus Freiburg im Breisgau als Zeichen f\u00fcr eine vielf\u00e4ltige Fu\u00dfballlandschaft, wie Sie in Freiburg gew\u00fcnscht wird, zu sehen war. Das Video und der Song werden regelm\u00e4\u00dfig vor den Heimspielen des SC Freiburg im Europa Park-Stadion gezeigt.[\/vc_column_text][vc_empty_space height=&#8220;20&#8243;][vc_column_text]<br \/>\n<h3><span style=\"color: #c1272d;\">Betty BBQ ohne Bollenhut? Kaum denkbar!<\/span><\/h3>\n<h3><span style=\"color: #c1272d;\">Das Schwarz\u00e4lder Wahrzeichen kr\u00f6nt schon seit \u00fcber 225 Jahren die K\u00f6pfe im Schwarzwald. Im Beitrag des SWR-Fernsehens gratulieren u.a. Betty BBQ zu diesem Jubil\u00e4um.<\/span><\/h3>\n<div class=\"bodytext\">\n<p>Der Bollenhut ist das Symbol f\u00fcr den Schwarzwald. Zusammen mit Schinken, Kirschtorte und Kuckucksuhr bildet er so eine Art Markenquartett f\u00fcr den Schwarzwald. Eine runde Sache. Vor 225 Jahren ist der Bollenhut zum ersten Mal schriftlich erw\u00e4hnt worden. &#8222;Die \u00fcblichen Dekorationen von roter und schwarzer Farbe sollen aufgen\u00e4ht werden.&#8220; So lautete die herz\u00f6gliche Anweisung 1797 und weil es hei\u00dft &#8222;\u00fcblich&#8220; muss man davon ausgehen, dass der Bollenhut noch \u00e4lter ist. Sicher ist: Der Bollenhut hat sich sehr gewandelt. Erst waren es nur kleine Bollen, dann sind sie immer \u00fcppiger geworden und inzwischen wiegt ein Bollenhut rund zwei Kilogramm. Als Symbol f\u00fcr den Schwarzwald ist er unersetzlich.<\/p>\n<p>Phasenweise war das Image des Bollenhutes verstaubt, aber weil er f\u00fcr K\u00fcnstler und Fotografen ein bildm\u00e4chtiges Symbol f\u00fcr Heimat ist, ist er pr\u00e4senter denn je. Wenn Bollenh\u00fcte auf ber\u00fchmten Fotos auf Piercings und Tattoos treffen, dann wird der Gegensatz von fr\u00fcher und heute sichtbar. Ein Strohhut mit 11 sichtbaren Wollbollen. Auf dem Kopf wird er heute zwar nur noch selten getragen, daf\u00fcr l\u00e4sst das traditionsreiche Motiv die Kassen der Souvenirshops klingeln. Der Bollenhut steht f\u00fcr den gesamten Schwarzwald &#8211; ein Trachten-Relikt, das bis heute gelebt, gepflegt und erfolgreich vermarktet wird.<\/p>\n<p><strong>Der Bericht des SWR ist abzurufen unter:\u00a0<a href=\"https:\/\/www.swr.de\/swraktuell\/baden-wuerttemberg\/suedbaden\/bollenhut-wird-225-jahre-100.html\">https:\/\/www.swr.de\/swraktuell\/baden-wuerttemberg\/suedbaden\/bollenhut-wird-225-jahre-100.html<\/a><\/strong><\/p>\n<\/div>\n<aside class=\"broadcastinfo hidden-sm hidden-xs currentBroadcast\" data-segmentid=\"true\">\n<dl>\n<dt><\/dt>\n<\/dl>\n<\/aside>\n<p><strong>Zu sehen in der SWR-Mediathek:\u00a0<a href=\"https:\/\/www.swr.de\/swraktuell\/baden-wuerttemberg\/225-jahre-bollenhut-100.html\">https:\/\/www.swr.de\/swraktuell\/baden-wuerttemberg\/225-jahre-bollenhut-100.html<\/a><\/strong><\/p>\n<p><em>Aus der Sendung vom Mi., 23.3.2022 18:00 Uhr, SWR Aktuell Baden-W\u00fcrttemberg, SWR Fernsehen BW.<\/em><\/p>\n<br \/>[\/vc_column_text][vc_column_text]<br \/>\n<h3><span style=\"color: #c1272d;\">Betty BBQ &#8211; die Entwicklung einer einzigartigen Kunstfigur!<\/span><\/h3>\n<p>Das ehrliche Interview mit Betty BBQ \u00fcber die Anf\u00e4nge und die Entwicklung hin zu einer der bekanntesten Drag Queens Deutschlands.<\/p>\n<p>Wir freuen uns \u00fcber den Beitrag des &#8222;<a href=\"https:\/\/open.spotify.com\/show\/5C4HXN6W0OUSCaU1onyblF?si=jSM47DgQT0iawkUPbLKkDQ\">Jetzt Mal Ehrlich &#8211; der Kultur Podcast<\/a>&#8220; auf Spotify:<\/p>\n<p><a href=\"https:\/\/open.spotify.com\/episode\/6B79VqfYJNFpPPPZRGYhlb?si=tnrypUFcSUOYzxTHua-8pQ\" target=\"_blank\" rel=\"noopener noreferrer\">Jetzt Mal Ehrlich &#8211; der Kultur Podcast: 01 &#8211; Betty BBQ: Leben in Drag<\/a><\/p>\n<div class=\"wpex-oembed-wrap wpex-clr\"><iframe loading=\"lazy\" hcb-fetch-image-from=\"https:\/\/open.spotify.com\/episode\/6B79VqfYJNFpPPPZRGYhlb?si=tnrypUFcSUOYzxTHua-8pQ[\/vc_column_text][vc_column_text][br]\" title=\"Spotify Embed: 01 - Betty BBQ: Leben in Drag\" style=\"border-radius: 12px\" width=\"100%\" height=\"152\"  allowfullscreen allow=\"autoplay; clipboard-write; encrypted-media; fullscreen; picture-in-picture\" src=\"https:\/\/open.spotify.com\/embed\/episode\/6B79VqfYJNFpPPPZRGYhlb?si=tnrypUFcSUOYzxTHua-8pQ%5B%2Fvc_column_text%5D%5Bvc_column_text%5D%5Bbr%5D&#038;utm_source=oembed\"><\/iframe><\/div>\n<h3><span style=\"color: #c1272d;\">Ein &#8222;Blick&#8220; hinter die Kulissen f\u00fcr die&#8230; Ohren!<\/span><\/h3>\n<p>Wie l\u00e4uft das denn eigentlich hinter den Kulissen ab? Wer macht da was, wie verstehen sich Betty BBQ und Ihr Management in ihrem gesamten Handeln und was treibt sie an? Wie kann Kreativit\u00e4t und Professionalit\u00e4t in perfekten Einklang gebracht werden, was hat das mit der Geschichte und der Entwicklung rund um die Kunstfigur Betty BBQ zu tun und was k\u00f6nnen (Jung-)Unternehmer daraus lernen?<\/p>\n<p>Diesen Fragen ging auch der Podcast &#8222;Die Innovationskiste&#8220; von der Gr\u00fcnderschiff UG (haftungsbeschr\u00e4nkt) &amp; CO. KG aus Konstanz in Ihrer Serie &#8222;Expedition Querweg&#8220; in der Folge 05 &#8222;Selbstverwirklichung in der Gr\u00fcndung (S02E28)&#8220; nach. H\u00f6ren Sie gerne einmal rein!<\/p>\n<p><em><strong>Auf Spotify:<\/strong><\/em><\/p>\n<div class=\"wpex-oembed-wrap wpex-clr\"><iframe loading=\"lazy\" hcb-fetch-image-from=\"https:\/\/open.spotify.com\/episode\/3faiyc1OtS2vyafPtgUOe9?si=rS85tJl5TBmR8YLdXt0LZg&amp;nd=1\" title=\"Spotify Embed: \" style=\"border-radius: 12px\" width=\"100%\" height=\"152\"  allowfullscreen allow=\"autoplay; clipboard-write; encrypted-media; fullscreen; picture-in-picture\" src=\"https:\/\/open.spotify.com\/embed\/episode\/3faiyc1OtS2vyafPtgUOe9?si=rS85tJl5TBmR8YLdXt0LZg&#038;nd=1&#038;utm_source=oembed\"><\/iframe><\/div>\n<p><em><strong>Und auf der Website von Gr\u00fcnderschiff aus Konstanz:<\/strong><\/em><\/p>\n<div class=\"wpex-oembed-wrap wpex-clr\">\n<blockquote hcb-fetch-image-from=\"https:\/\/gruenderschiff.de\/podcast\/expedition-querweg-folge-05-selbstverwirklichung-in-der-gruendung-s02e28\/\" class=\"wp-embedded-content\" data-secret=\"uDMSqtUoXh\"><p><a href=\"https:\/\/gruenderschiff.de\/podcast\/expedition-querweg-folge-05-selbstverwirklichung-in-der-gruendung-s02e28\/\">Expedition Querweg Etappe 05 &#8211; Selbstverwirklichung in der Gr\u00fcndung (S02E28)<\/a><\/p><\/blockquote>\n<p><iframe loading=\"lazy\" class=\"wp-embedded-content\" sandbox=\"allow-scripts\" security=\"restricted\" style=\"position: absolute; clip: rect(1px, 1px, 1px, 1px);\" title=\"&#8222;Expedition Querweg Etappe 05 &#8211; Selbstverwirklichung in der Gr\u00fcndung (S02E28)&#8220; &#8212; Gr\u00fcnderschiff\" src=\"https:\/\/gruenderschiff.de\/podcast\/expedition-querweg-folge-05-selbstverwirklichung-in-der-gruendung-s02e28\/embed\/#?secret=uDMSqtUoXh\" data-secret=\"uDMSqtUoXh\" width=\"600\" height=\"338\"  marginwidth=\"0\" marginheight=\"0\" scrolling=\"no\"><\/iframe><\/div>\n<p>&nbsp;<\/p>\n<p>https:\/\/open.spotify.com\/episode\/6B79VqfYJNFpPPPZRGYhlb?si=tnrypUFcSUOYzxTHua-8pQ[\/vc_column_text][vc_empty_space height=&#8220;40&#8243;][vc_single_image image=&#8220;341&#8243; img_size=&#8220;large&#8220; css_animation=&#8220;flipInX&#8220; alignment=&#8220;center&#8220; img_hover=&#8220;vertical-pan&#8220;][vc_column_text]Wer <strong>Betty BBQ<\/strong> nicht kennt, hat vieles verpasst. Sie ist unter anderem\u00a0 eine der neun <strong>offiziellen Jubil\u00e4umsbotschafterInnen der Stadt Freiburg zum 900+1-j\u00e4hrigen Stadtjubil\u00e4um 2020\/2021<\/strong>, <strong>Botschafterin f\u00fcr eine bunte und vielf\u00e4ltige Heimat<\/strong>, die <strong>prominenteste Drag Queen S\u00fcddeutschlands<\/strong>, inoffizielle Schorlek\u00f6nigin, <strong>Mutti Freiburgs<\/strong>, Veranstalterin von City- und Kneipentouren, Organisatorin unvergesslicher Junggesellenabschiede, Werbeikone f\u00fcr Schwarzw\u00e4lder Schn\u00e4psle &amp; mehr <strong>und nat\u00fcrlich eine richtige Partyqueen<\/strong>. Kurzum: <strong>Freiburgs lebendige Sehensw\u00fcrdigkeit!<\/strong> Sie besticht nicht nur mit einem gro\u00dfen Herz und vollen Lippen, sondern auch mit Charisma und Witz. Freiburgs Grande Dame des Showgesch\u00e4fts ist nicht nur eine feste Gr\u00f6\u00dfe in der Schwarzwaldmetropole, sondern auch das schillernde Sternchen eines jeden Society Events.. Fr\u00e4ulein BBQ hat im Schwarzwaldcamp bewiesen das sie auch im Kleid die Hosen an hat und eine K\u00f6nigin der Herzen ist.[\/vc_column_text][vc_column_text]<strong>Betty BBQ<\/strong> moderierte erste Auftritte in der Region und erweiterte ihr Angebot um <a href=\"https:\/\/betty-bbq.com\/cms\/halloechen-halloechen-freiburg\/\">Stadtf\u00fchrungen<\/a> in Freiburg, da das Interesse an der einzigartigen Figur immer gr\u00f6\u00dfer wurde. Seit drei Jahren gibt es au\u00dferdem f\u00fcr alle Winter-Liebhaber eine <a href=\"https:\/\/betty-bbq.com\/cms\/weihnachts-city-tour\/\">Weihnachts-City Tour<\/a> mit ihr.[\/vc_column_text][vc_single_image image=&#8220;342&#8243; img_size=&#8220;large&#8220; css_animation=&#8220;flipInX&#8220; alignment=&#8220;center&#8220; img_hover=&#8220;shrink&#8220;][vc_column_text]Die erfolgreiche Entertainerin arbeitet mittlerweile schon in der <strong>siebten Saison<\/strong>. Entstanden ist die Figur Betty BBQ vor <strong>\u00fcber 10 Jahren<\/strong> auf dem Ball Verqueer, am Fasnetssamstag. Danach lebte <strong>Betty BBQ<\/strong> immer wieder in verschiedenen Rollen auf, aber immer nur am <strong>Fasnetssamstag<\/strong>. Vor sieben Jahren beschloss sie sich, immer \u00f6fter in der \u00d6ffentlichkeit zu erscheinen. Mit ihrer Teilnahme am <strong>Schwarzwaldcamp<\/strong> im Jahr 2014 schaffte sie ihren Durchbruch, von da an ging es mit ihrer Karriere <strong>steil bergauf<\/strong>.[\/vc_column_text][vc_column_text]<strong>Wie wurde Betty zu Betty BBQ?<\/strong><\/p>\n<p>Nach Jahren harter Arbeit hinter dem fettigen Grill einer W\u00fcrstchenbude hatte Betty die Nase voll von dem \u00f6den, glanzlosen Leben. Sie sehnte sich nach Glamour, Fashion, High-Heels und falschen Wimpern. Statt W\u00fcrstchen auf dem Grill zu drehen, sollte sich endlich alles ein bisschen mehr um sie drehen. Also raus aus der dreckigen Kittelsch\u00fcrze und rein in die Welt der extravaganten Partyn\u00e4chte, glamour\u00f6sen Charity-Events, entspannten Dinner-Anl\u00e4ssen &#8211; und manchmal auch einfach aller Welt Ihre bunte Heimat zeigen.\u00a0 Ihre zahlreichen Auftritte in Freiburg und Umgebung und mittlerweile auch ganz Deutschland haben die Drag Queen hierzulande bereits zum Medienliebling gemacht. Es ist nur noch eine Frage der Zeit, wann die Gazetten in ganz Deutschland von Betty BBQ berichten werden&#8230; Und wenn es mal W\u00fcrstchen zu grillen gibt, ist Betty nat\u00fcrlich zur Stelle \u2013 ausnahmsweise, versteht sich!<\/p>\n<p>Ihr Erkennungszeichen ist der rote Schwarzwald-Bollenhut, hierbei besteht Betty BBQ auf die traditionelle Bedeutung der farblichen Bollen, da rote Bollen im eigentlichen Sinne beim Bollenhut von unverheirateten Frauen getragen werden. Sie karikiert auf liebevolle Weise Touristenklischees aus dem Schwarzwald und vertritt ihr Motto &#8220;\u201cHeimat ist nicht nur schwarz-wei\u00df\u201d&#8220;. Um traditionelle, Schwarzw\u00e4lder Trachten nicht zu diffamieren, kombiniert Betty BBQ Ihre Outfits stets mit verschiedenen Trachtenelemente, so erinnern z.B. Ihre Dirndl teilweise an klassische Trachtenkleidung, die sie aber stets auf das Farbschema der Schwarzw\u00e4lder Tracht abstimmt.<\/p>\n<p><strong>Noch Fragen zu Betty BBQ ?\u00a0<\/strong>Gerne helfen wir vom Betty BBQ B\u00fcro Dir weiter &#8211; <a href=\"https:\/\/betty-bbq.com\/cms\/kontakt\/\">Kontakt<\/a>. Immer hilfreich\u00a0ist auch die\u00a0<a href=\"https:\/\/betty-bbq.com\/cms\/faq\/\">\u00dcbersicht der h\u00e4ufig gestellten Fragen (FAQ).<\/a>[\/vc_column_text][\/vc_column][\/vc_row][vc_row max_width=&#8220;50&#8243;][vc_column][vc_single_image image=&#8220;1182&#8243; img_size=&#8220;medium&#8220; css_animation=&#8220;flipInX&#8220; alignment=&#8220;center&#8220; onclick=&#8220;custom_link&#8220; img_link_target=&#8220;_blank&#8220; link=&#8220;https:\/\/de.wikipedia.org\/wiki\/Betty_BBQ&#8220;][\/vc_column][\/vc_row]\n","protected":false},"excerpt":{"rendered":"<p>[vc_row][vc_column][vc_single_image image=&#8220;340&#8243; css_animation=&#8220;bounceInDown&#8220;][\/vc_column][\/vc_row][vc_row max_width=&#8220;50&#8243;][vc_column][vc_column_text] Betty BBQ &#8211; Freiburgs lebendige Sehensw\u00fcrdigkeit! Und aus Freiburg ist Betty nicht mehr wegzudenken. [\/vc_column_text][vc_empty_space height=&#8220;20&#8243;][vc_column_text] Wer ist Betty BBQ? Diese Frage stellte auch Regio TV Bodensee. Heraus kam eine wunderbare und informative \u00fcber die Kunstfigur&hellip;<\/p>\n","protected":false},"author":2,"featured_media":0,"parent":0,"menu_order":0,"comment_status":"closed","ping_status":"closed","template":"","meta":{"footnotes":""},"class_list":["post-260","page","type-page","status-publish","hentry","entry","no-media"],"yoast_head":"<!-- This site is optimized with the Yoast SEO plugin v27.4 - https:\/\/yoast.com\/product\/yoast-seo-wordpress\/ -->\n<title>Betty BBQ - Betty BBQ<\/title>\n<meta name=\"robots\" content=\"index, follow, max-snippet:-1, max-image-preview:large, max-video-preview:-1\" \/>\n<link rel=\"canonical\" href=\"https:\/\/betty-bbq.de\/cms\/betty-bbq\/\" \/>\n<meta property=\"og:locale\" content=\"de_DE\" \/>\n<meta property=\"og:type\" content=\"article\" \/>\n<meta property=\"og:title\" content=\"Betty BBQ - Betty BBQ\" \/>\n<meta property=\"og:description\" content=\"[vc_row][vc_column][vc_single_image image=&#8220;340&#8243; css_animation=&#8220;bounceInDown&#8220;][\/vc_column][\/vc_row][vc_row max_width=&#8220;50&#8243;][vc_column][vc_column_text] Betty BBQ &#8211; Freiburgs lebendige Sehensw\u00fcrdigkeit! Und aus Freiburg ist Betty nicht mehr wegzudenken. [\/vc_column_text][vc_empty_space height=&#8220;20&#8243;][vc_column_text] Wer ist Betty BBQ? Diese Frage stellte auch Regio TV Bodensee. Heraus kam eine wunderbare und informative \u00fcber die Kunstfigur&hellip;\" \/>\n<meta property=\"og:url\" content=\"https:\/\/betty-bbq.de\/cms\/betty-bbq\/\" \/>\n<meta property=\"og:site_name\" content=\"Betty BBQ\" \/>\n<meta property=\"article:modified_time\" content=\"2022-03-31T00:21:41+00:00\" \/>\n<meta name=\"twitter:card\" content=\"summary_large_image\" \/>\n<meta name=\"twitter:label1\" content=\"Gesch\u00e4tzte Lesezeit\" \/>\n\t<meta name=\"twitter:data1\" content=\"8\u00a0Minuten\" \/>\n<script type=\"application\/ld+json\" class=\"yoast-schema-graph\">{\"@context\":\"https:\\\/\\\/schema.org\",\"@graph\":[{\"@type\":\"WebPage\",\"@id\":\"https:\\\/\\\/betty-bbq.de\\\/cms\\\/betty-bbq\\\/\",\"url\":\"https:\\\/\\\/betty-bbq.de\\\/cms\\\/betty-bbq\\\/\",\"name\":\"Betty BBQ - Betty BBQ\",\"isPartOf\":{\"@id\":\"https:\\\/\\\/betty-bbq.de\\\/cms\\\/#website\"},\"datePublished\":\"2018-11-14T19:16:39+00:00\",\"dateModified\":\"2022-03-31T00:21:41+00:00\",\"breadcrumb\":{\"@id\":\"https:\\\/\\\/betty-bbq.de\\\/cms\\\/betty-bbq\\\/#breadcrumb\"},\"inLanguage\":\"de\",\"potentialAction\":[{\"@type\":\"ReadAction\",\"target\":[\"https:\\\/\\\/betty-bbq.de\\\/cms\\\/betty-bbq\\\/\"]}]},{\"@type\":\"BreadcrumbList\",\"@id\":\"https:\\\/\\\/betty-bbq.de\\\/cms\\\/betty-bbq\\\/#breadcrumb\",\"itemListElement\":[{\"@type\":\"ListItem\",\"position\":1,\"name\":\"Startseite\",\"item\":\"https:\\\/\\\/betty-bbq.de\\\/cms\\\/\"},{\"@type\":\"ListItem\",\"position\":2,\"name\":\"Betty BBQ\"}]},{\"@type\":\"WebSite\",\"@id\":\"https:\\\/\\\/betty-bbq.de\\\/cms\\\/#website\",\"url\":\"https:\\\/\\\/betty-bbq.de\\\/cms\\\/\",\"name\":\"Fr\u00e4ulein Betty BBQ - Schwarzwald Drag Queen, Schorlek\u00f6nigin, Entertainerin\",\"description\":\"Betty BBQ Travestie &amp; Entertainment\",\"publisher\":{\"@id\":\"https:\\\/\\\/betty-bbq.de\\\/cms\\\/#\\\/schema\\\/person\\\/6e6c45463a3cf44a5334be285fffb4b1\"},\"potentialAction\":[{\"@type\":\"SearchAction\",\"target\":{\"@type\":\"EntryPoint\",\"urlTemplate\":\"https:\\\/\\\/betty-bbq.de\\\/cms\\\/?s={search_term_string}\"},\"query-input\":{\"@type\":\"PropertyValueSpecification\",\"valueRequired\":true,\"valueName\":\"search_term_string\"}}],\"inLanguage\":\"de\"},{\"@type\":[\"Person\",\"Organization\"],\"@id\":\"https:\\\/\\\/betty-bbq.de\\\/cms\\\/#\\\/schema\\\/person\\\/6e6c45463a3cf44a5334be285fffb4b1\",\"name\":\"Betty BBQ\",\"image\":{\"@type\":\"ImageObject\",\"inLanguage\":\"de\",\"@id\":\"https:\\\/\\\/betty-bbq.de\\\/cms\\\/wp-content\\\/uploads\\\/2018\\\/10\\\/BettyBBQ-Logo.png\",\"url\":\"https:\\\/\\\/betty-bbq.de\\\/cms\\\/wp-content\\\/uploads\\\/2018\\\/10\\\/BettyBBQ-Logo.png\",\"contentUrl\":\"https:\\\/\\\/betty-bbq.de\\\/cms\\\/wp-content\\\/uploads\\\/2018\\\/10\\\/BettyBBQ-Logo.png\",\"width\":365,\"height\":365,\"caption\":\"Betty BBQ\"},\"logo\":{\"@id\":\"https:\\\/\\\/betty-bbq.de\\\/cms\\\/wp-content\\\/uploads\\\/2018\\\/10\\\/BettyBBQ-Logo.png\"},\"sameAs\":[\"http:\\\/\\\/www.betty-bbq.de\"]}]}<\/script>\n<!-- \/ Yoast SEO plugin. -->","yoast_head_json":{"title":"Betty BBQ - Betty BBQ","robots":{"index":"index","follow":"follow","max-snippet":"max-snippet:-1","max-image-preview":"max-image-preview:large","max-video-preview":"max-video-preview:-1"},"canonical":"https:\/\/betty-bbq.de\/cms\/betty-bbq\/","og_locale":"de_DE","og_type":"article","og_title":"Betty BBQ - Betty BBQ","og_description":"[vc_row][vc_column][vc_single_image image=&#8220;340&#8243; css_animation=&#8220;bounceInDown&#8220;][\/vc_column][\/vc_row][vc_row max_width=&#8220;50&#8243;][vc_column][vc_column_text] Betty BBQ &#8211; Freiburgs lebendige Sehensw\u00fcrdigkeit! Und aus Freiburg ist Betty nicht mehr wegzudenken. [\/vc_column_text][vc_empty_space height=&#8220;20&#8243;][vc_column_text] Wer ist Betty BBQ? Diese Frage stellte auch Regio TV Bodensee. Heraus kam eine wunderbare und informative \u00fcber die Kunstfigur&hellip;","og_url":"https:\/\/betty-bbq.de\/cms\/betty-bbq\/","og_site_name":"Betty BBQ","article_modified_time":"2022-03-31T00:21:41+00:00","twitter_card":"summary_large_image","twitter_misc":{"Gesch\u00e4tzte Lesezeit":"8\u00a0Minuten"},"schema":{"@context":"https:\/\/schema.org","@graph":[{"@type":"WebPage","@id":"https:\/\/betty-bbq.de\/cms\/betty-bbq\/","url":"https:\/\/betty-bbq.de\/cms\/betty-bbq\/","name":"Betty BBQ - Betty BBQ","isPartOf":{"@id":"https:\/\/betty-bbq.de\/cms\/#website"},"datePublished":"2018-11-14T19:16:39+00:00","dateModified":"2022-03-31T00:21:41+00:00","breadcrumb":{"@id":"https:\/\/betty-bbq.de\/cms\/betty-bbq\/#breadcrumb"},"inLanguage":"de","potentialAction":[{"@type":"ReadAction","target":["https:\/\/betty-bbq.de\/cms\/betty-bbq\/"]}]},{"@type":"BreadcrumbList","@id":"https:\/\/betty-bbq.de\/cms\/betty-bbq\/#breadcrumb","itemListElement":[{"@type":"ListItem","position":1,"name":"Startseite","item":"https:\/\/betty-bbq.de\/cms\/"},{"@type":"ListItem","position":2,"name":"Betty BBQ"}]},{"@type":"WebSite","@id":"https:\/\/betty-bbq.de\/cms\/#website","url":"https:\/\/betty-bbq.de\/cms\/","name":"Fr\u00e4ulein Betty BBQ - Schwarzwald Drag Queen, Schorlek\u00f6nigin, Entertainerin","description":"Betty BBQ Travestie &amp; Entertainment","publisher":{"@id":"https:\/\/betty-bbq.de\/cms\/#\/schema\/person\/6e6c45463a3cf44a5334be285fffb4b1"},"potentialAction":[{"@type":"SearchAction","target":{"@type":"EntryPoint","urlTemplate":"https:\/\/betty-bbq.de\/cms\/?s={search_term_string}"},"query-input":{"@type":"PropertyValueSpecification","valueRequired":true,"valueName":"search_term_string"}}],"inLanguage":"de"},{"@type":["Person","Organization"],"@id":"https:\/\/betty-bbq.de\/cms\/#\/schema\/person\/6e6c45463a3cf44a5334be285fffb4b1","name":"Betty BBQ","image":{"@type":"ImageObject","inLanguage":"de","@id":"https:\/\/betty-bbq.de\/cms\/wp-content\/uploads\/2018\/10\/BettyBBQ-Logo.png","url":"https:\/\/betty-bbq.de\/cms\/wp-content\/uploads\/2018\/10\/BettyBBQ-Logo.png","contentUrl":"https:\/\/betty-bbq.de\/cms\/wp-content\/uploads\/2018\/10\/BettyBBQ-Logo.png","width":365,"height":365,"caption":"Betty BBQ"},"logo":{"@id":"https:\/\/betty-bbq.de\/cms\/wp-content\/uploads\/2018\/10\/BettyBBQ-Logo.png"},"sameAs":["http:\/\/www.betty-bbq.de"]}]}},"jetpack_sharing_enabled":true,"_links":{"self":[{"href":"https:\/\/betty-bbq.de\/cms\/wp-json\/wp\/v2\/pages\/260","targetHints":{"allow":["GET"]}}],"collection":[{"href":"https:\/\/betty-bbq.de\/cms\/wp-json\/wp\/v2\/pages"}],"about":[{"href":"https:\/\/betty-bbq.de\/cms\/wp-json\/wp\/v2\/types\/page"}],"author":[{"embeddable":true,"href":"https:\/\/betty-bbq.de\/cms\/wp-json\/wp\/v2\/users\/2"}],"replies":[{"embeddable":true,"href":"https:\/\/betty-bbq.de\/cms\/wp-json\/wp\/v2\/comments?post=260"}],"version-history":[{"count":36,"href":"https:\/\/betty-bbq.de\/cms\/wp-json\/wp\/v2\/pages\/260\/revisions"}],"predecessor-version":[{"id":1901,"href":"https:\/\/betty-bbq.de\/cms\/wp-json\/wp\/v2\/pages\/260\/revisions\/1901"}],"wp:attachment":[{"href":"https:\/\/betty-bbq.de\/cms\/wp-json\/wp\/v2\/media?parent=260"}],"curies":[{"name":"wp","href":"https:\/\/api.w.org\/{rel}","templated":true}]}}