{"id":26,"date":"2018-10-30T11:01:43","date_gmt":"2018-10-30T10:01:43","guid":{"rendered":"https:\/\/betty-bbq.com\/cms\/?page_id=26"},"modified":"2020-07-07T10:05:04","modified_gmt":"2020-07-07T08:05:04","slug":"impressum","status":"publish","type":"page","link":"https:\/\/betty-bbq.de\/cms\/impressum\/","title":{"rendered":"Impressum"},"content":{"rendered":"[vc_row][vc_column][vc_single_image image=&#8220;640&#8243; css_animation=&#8220;bounceInDown&#8220;][\/vc_column][\/vc_row][vc_row max_width=&#8220;80&#8243;][vc_column][vc_column_text]\n<h3>Impressum<\/h3>\n<p>&#8222;Betty BBQ&#8220; ist eine beim Deutschen Patent- und Markenamt (DPMA) eingetragene und gesch\u00fctzte Marke gem. Markengesetz der Bundesrepublik Deutschland.<\/p>\n<p><strong>Angaben gem\u00e4\u00df \u00a7 5 TMG:<\/strong><\/p>\n<p>Betty BBQ Travestie &amp; Entertainment<br \/>\nvertreten durch Fabian Baur<br \/>\nBernhardstrasse 6<br \/>\n79098 Freiburg<\/p>\n<p><strong>F\u00fcr postalische Zusendungen verwenden Sie bitte nicht oben genannte Adresse<\/strong>, sondern folgende Zustelladresse:<\/p>\n<p style=\"padding-left: 30px;\"><strong>Betty BBQ Travestie &amp; Entertainment<\/strong><\/p>\n<p style=\"padding-left: 30px;\"><strong>c\/o\u00a0 Sebastian Heusel <\/strong>\/\u00a0SRH Management &amp; Consulting<\/p>\n<p style=\"padding-left: 30px;\"><strong>Kaiser-Joseph-Stra\u00dfe 224<\/strong><\/p>\n<p style=\"padding-left: 30px;\"><strong>79098 Freiburg im Breisgau<\/strong><\/p>\n<p><strong>Kontakt:<\/strong><br \/>\nE-Mail: info(at)betty-bbq.de<\/p>\n<p><strong>Angaben zur Berufshaftpflichtversicherung:<\/strong><\/p>\n<p>Name und Sitz der Gesellschaft:<br \/>\nR+V Allgemeine Versicherung AG<br \/>\nMittlerer Pfad 24<br \/>\n70499 Stuttgart<\/p>\n<p><strong>Quellenangaben f\u00fcr die verwendeten Bilder und Grafiken:<\/strong><\/p>\n<p>Alle Grafiken: \u00a9 Betty BBQ Travestie &amp; Entertainment \/ Foerb\u00b4s Design<\/p>\n<h3>Haftungsausschluss (Disclaimer)<\/h3>\n<p><strong>Haftung f\u00fcr Inhalte<\/strong><\/p>\n<p>Als Diensteanbieter sind wir gem\u00e4\u00df \u00a7 7 Abs.1 TMG f\u00fcr eigene Inhalte auf diesen Seiten nach den allgemeinen Gesetzen verantwortlich. Nach \u00a7\u00a7 8 bis 10 TMG sind wir als Diensteanbieter jedoch nicht verpflichtet, \u00fcbermittelte oder gespeicherte fremde Informationen zu \u00fcberwachen oder nach Umst\u00e4nden zu forschen, die auf eine rechtswidrige T\u00e4tigkeit hinweisen. Verpflichtungen zur Entfernung oder Sperrung der Nutzung von Informationen nach den allgemeinen Gesetzen bleiben hiervon unber\u00fchrt. Eine diesbez\u00fcgliche Haftung ist jedoch erst ab dem Zeitpunkt der Kenntnis einer konkreten Rechtsverletzung m\u00f6glich. Bei Bekanntwerden von entsprechenden Rechtsverletzungen werden wir diese Inhalte umgehend entfernen.<\/p>\n<p><strong>Haftung f\u00fcr Links<\/strong><\/p>\n<p>Unser Angebot enth\u00e4lt Links zu externen Webseiten Dritter, auf deren Inhalte wir keinen Einfluss haben. Deshalb k\u00f6nnen wir f\u00fcr diese fremden Inhalte auch keine Gew\u00e4hr \u00fcbernehmen. F\u00fcr die Inhalte der verlinkten Seiten ist stets der jeweilige Anbieter oder Betreiber der Seiten verantwortlich. Die verlinkten Seiten wurden zum Zeitpunkt der Verlinkung auf m\u00f6gliche Rechtsverst\u00f6\u00dfe \u00fcberpr\u00fcft. Rechtswidrige Inhalte waren zum Zeitpunkt der Verlinkung nicht erkennbar. Eine permanente inhaltliche Kontrolle der verlinkten Seiten ist jedoch ohne konkrete Anhaltspunkte einer Rechtsverletzung nicht zumutbar. Bei Bekanntwerden von Rechtsverletzungen werden wir derartige Links umgehend entfernen.<\/p>\n<p><strong>Urheberrecht<\/strong><\/p>\n<p>Die durch die Seitenbetreiber erstellten Inhalte und Werke auf diesen Seiten unterliegen dem deutschen Urheberrecht. Die Vervielf\u00e4ltigung, Bearbeitung, Verbreitung und jede Art der Verwertung au\u00dferhalb der Grenzen des Urheberrechtes bed\u00fcrfen der schriftlichen Zustimmung des jeweiligen Autors bzw. Erstellers. Downloads und Kopien dieser Seite sind nur f\u00fcr den privaten, nicht kommerziellen Gebrauch gestattet. Soweit die Inhalte auf dieser Seite nicht vom Betreiber erstellt wurden, werden die Urheberrechte Dritter beachtet. Insbesondere werden Inhalte Dritter als solche gekennzeichnet. Sollten Sie trotzdem auf eine Urheberrechtsverletzung aufmerksam werden, bitten wir um einen entsprechenden Hinweis. Bei Bekanntwerden von Rechtsverletzungen werden wir derartige Inhalte umgehend entfernen.[\/vc_column_text][\/vc_column][\/vc_row]\n","protected":false},"excerpt":{"rendered":"<p>[vc_row][vc_column][vc_single_image image=&#8220;640&#8243; css_animation=&#8220;bounceInDown&#8220;][\/vc_column][\/vc_row][vc_row max_width=&#8220;80&#8243;][vc_column][vc_column_text] Impressum &#8222;Betty BBQ&#8220; ist eine beim Deutschen Patent- und Markenamt (DPMA) eingetragene und gesch\u00fctzte Marke gem. Markengesetz der Bundesrepublik Deutschland. Angaben gem\u00e4\u00df \u00a7 5 TMG: Betty BBQ Travestie &amp; Entertainment vertreten durch Fabian Baur Bernhardstrasse 6&hellip;<\/p>\n","protected":false},"author":1,"featured_media":0,"parent":0,"menu_order":0,"comment_status":"closed","ping_status":"closed","template":"","meta":{"footnotes":""},"class_list":["post-26","page","type-page","status-publish","hentry","entry","no-media"],"yoast_head":"<!-- This site is optimized with the Yoast SEO plugin v27.4 - https:\/\/yoast.com\/product\/yoast-seo-wordpress\/ -->\n<title>Impressum - Betty BBQ<\/title>\n<meta name=\"robots\" content=\"index, follow, max-snippet:-1, max-image-preview:large, max-video-preview:-1\" \/>\n<link rel=\"canonical\" href=\"https:\/\/betty-bbq.de\/cms\/impressum\/\" \/>\n<meta property=\"og:locale\" content=\"de_DE\" \/>\n<meta property=\"og:type\" content=\"article\" \/>\n<meta property=\"og:title\" content=\"Impressum - Betty BBQ\" \/>\n<meta property=\"og:description\" content=\"[vc_row][vc_column][vc_single_image image=&#8220;640&#8243; css_animation=&#8220;bounceInDown&#8220;][\/vc_column][\/vc_row][vc_row max_width=&#8220;80&#8243;][vc_column][vc_column_text] Impressum &#8222;Betty BBQ&#8220; ist eine beim Deutschen Patent- und Markenamt (DPMA) eingetragene und gesch\u00fctzte Marke gem. Markengesetz der Bundesrepublik Deutschland. Angaben gem\u00e4\u00df \u00a7 5 TMG: Betty BBQ Travestie &amp; Entertainment vertreten durch Fabian Baur Bernhardstrasse 6&hellip;\" \/>\n<meta property=\"og:url\" content=\"https:\/\/betty-bbq.de\/cms\/impressum\/\" \/>\n<meta property=\"og:site_name\" content=\"Betty BBQ\" \/>\n<meta property=\"article:modified_time\" content=\"2020-07-07T08:05:04+00:00\" \/>\n<meta name=\"twitter:card\" content=\"summary_large_image\" \/>\n<meta name=\"twitter:label1\" content=\"Gesch\u00e4tzte Lesezeit\" \/>\n\t<meta name=\"twitter:data1\" content=\"2\u00a0Minuten\" \/>\n<script type=\"application\/ld+json\" class=\"yoast-schema-graph\">{\"@context\":\"https:\\\/\\\/schema.org\",\"@graph\":[{\"@type\":\"WebPage\",\"@id\":\"https:\\\/\\\/betty-bbq.de\\\/cms\\\/impressum\\\/\",\"url\":\"https:\\\/\\\/betty-bbq.de\\\/cms\\\/impressum\\\/\",\"name\":\"Impressum - Betty BBQ\",\"isPartOf\":{\"@id\":\"https:\\\/\\\/betty-bbq.de\\\/cms\\\/#website\"},\"datePublished\":\"2018-10-30T10:01:43+00:00\",\"dateModified\":\"2020-07-07T08:05:04+00:00\",\"breadcrumb\":{\"@id\":\"https:\\\/\\\/betty-bbq.de\\\/cms\\\/impressum\\\/#breadcrumb\"},\"inLanguage\":\"de\",\"potentialAction\":[{\"@type\":\"ReadAction\",\"target\":[\"https:\\\/\\\/betty-bbq.de\\\/cms\\\/impressum\\\/\"]}]},{\"@type\":\"BreadcrumbList\",\"@id\":\"https:\\\/\\\/betty-bbq.de\\\/cms\\\/impressum\\\/#breadcrumb\",\"itemListElement\":[{\"@type\":\"ListItem\",\"position\":1,\"name\":\"Startseite\",\"item\":\"https:\\\/\\\/betty-bbq.de\\\/cms\\\/\"},{\"@type\":\"ListItem\",\"position\":2,\"name\":\"Impressum\"}]},{\"@type\":\"WebSite\",\"@id\":\"https:\\\/\\\/betty-bbq.de\\\/cms\\\/#website\",\"url\":\"https:\\\/\\\/betty-bbq.de\\\/cms\\\/\",\"name\":\"Fr\u00e4ulein Betty BBQ - Schwarzwald Drag Queen, Schorlek\u00f6nigin, Entertainerin\",\"description\":\"Betty BBQ Travestie &amp; Entertainment\",\"publisher\":{\"@id\":\"https:\\\/\\\/betty-bbq.de\\\/cms\\\/#\\\/schema\\\/person\\\/6e6c45463a3cf44a5334be285fffb4b1\"},\"potentialAction\":[{\"@type\":\"SearchAction\",\"target\":{\"@type\":\"EntryPoint\",\"urlTemplate\":\"https:\\\/\\\/betty-bbq.de\\\/cms\\\/?s={search_term_string}\"},\"query-input\":{\"@type\":\"PropertyValueSpecification\",\"valueRequired\":true,\"valueName\":\"search_term_string\"}}],\"inLanguage\":\"de\"},{\"@type\":[\"Person\",\"Organization\"],\"@id\":\"https:\\\/\\\/betty-bbq.de\\\/cms\\\/#\\\/schema\\\/person\\\/6e6c45463a3cf44a5334be285fffb4b1\",\"name\":\"Betty BBQ\",\"image\":{\"@type\":\"ImageObject\",\"inLanguage\":\"de\",\"@id\":\"https:\\\/\\\/betty-bbq.de\\\/cms\\\/wp-content\\\/uploads\\\/2018\\\/10\\\/BettyBBQ-Logo.png\",\"url\":\"https:\\\/\\\/betty-bbq.de\\\/cms\\\/wp-content\\\/uploads\\\/2018\\\/10\\\/BettyBBQ-Logo.png\",\"contentUrl\":\"https:\\\/\\\/betty-bbq.de\\\/cms\\\/wp-content\\\/uploads\\\/2018\\\/10\\\/BettyBBQ-Logo.png\",\"width\":365,\"height\":365,\"caption\":\"Betty BBQ\"},\"logo\":{\"@id\":\"https:\\\/\\\/betty-bbq.de\\\/cms\\\/wp-content\\\/uploads\\\/2018\\\/10\\\/BettyBBQ-Logo.png\"},\"sameAs\":[\"http:\\\/\\\/www.betty-bbq.de\"]}]}<\/script>\n<!-- \/ Yoast SEO plugin. -->","yoast_head_json":{"title":"Impressum - Betty BBQ","robots":{"index":"index","follow":"follow","max-snippet":"max-snippet:-1","max-image-preview":"max-image-preview:large","max-video-preview":"max-video-preview:-1"},"canonical":"https:\/\/betty-bbq.de\/cms\/impressum\/","og_locale":"de_DE","og_type":"article","og_title":"Impressum - Betty BBQ","og_description":"[vc_row][vc_column][vc_single_image image=&#8220;640&#8243; css_animation=&#8220;bounceInDown&#8220;][\/vc_column][\/vc_row][vc_row max_width=&#8220;80&#8243;][vc_column][vc_column_text] Impressum &#8222;Betty BBQ&#8220; ist eine beim Deutschen Patent- und Markenamt (DPMA) eingetragene und gesch\u00fctzte Marke gem. Markengesetz der Bundesrepublik Deutschland. Angaben gem\u00e4\u00df \u00a7 5 TMG: Betty BBQ Travestie &amp; Entertainment vertreten durch Fabian Baur Bernhardstrasse 6&hellip;","og_url":"https:\/\/betty-bbq.de\/cms\/impressum\/","og_site_name":"Betty BBQ","article_modified_time":"2020-07-07T08:05:04+00:00","twitter_card":"summary_large_image","twitter_misc":{"Gesch\u00e4tzte Lesezeit":"2\u00a0Minuten"},"schema":{"@context":"https:\/\/schema.org","@graph":[{"@type":"WebPage","@id":"https:\/\/betty-bbq.de\/cms\/impressum\/","url":"https:\/\/betty-bbq.de\/cms\/impressum\/","name":"Impressum - Betty BBQ","isPartOf":{"@id":"https:\/\/betty-bbq.de\/cms\/#website"},"datePublished":"2018-10-30T10:01:43+00:00","dateModified":"2020-07-07T08:05:04+00:00","breadcrumb":{"@id":"https:\/\/betty-bbq.de\/cms\/impressum\/#breadcrumb"},"inLanguage":"de","potentialAction":[{"@type":"ReadAction","target":["https:\/\/betty-bbq.de\/cms\/impressum\/"]}]},{"@type":"BreadcrumbList","@id":"https:\/\/betty-bbq.de\/cms\/impressum\/#breadcrumb","itemListElement":[{"@type":"ListItem","position":1,"name":"Startseite","item":"https:\/\/betty-bbq.de\/cms\/"},{"@type":"ListItem","position":2,"name":"Impressum"}]},{"@type":"WebSite","@id":"https:\/\/betty-bbq.de\/cms\/#website","url":"https:\/\/betty-bbq.de\/cms\/","name":"Fr\u00e4ulein Betty BBQ - Schwarzwald Drag Queen, Schorlek\u00f6nigin, Entertainerin","description":"Betty BBQ Travestie &amp; Entertainment","publisher":{"@id":"https:\/\/betty-bbq.de\/cms\/#\/schema\/person\/6e6c45463a3cf44a5334be285fffb4b1"},"potentialAction":[{"@type":"SearchAction","target":{"@type":"EntryPoint","urlTemplate":"https:\/\/betty-bbq.de\/cms\/?s={search_term_string}"},"query-input":{"@type":"PropertyValueSpecification","valueRequired":true,"valueName":"search_term_string"}}],"inLanguage":"de"},{"@type":["Person","Organization"],"@id":"https:\/\/betty-bbq.de\/cms\/#\/schema\/person\/6e6c45463a3cf44a5334be285fffb4b1","name":"Betty BBQ","image":{"@type":"ImageObject","inLanguage":"de","@id":"https:\/\/betty-bbq.de\/cms\/wp-content\/uploads\/2018\/10\/BettyBBQ-Logo.png","url":"https:\/\/betty-bbq.de\/cms\/wp-content\/uploads\/2018\/10\/BettyBBQ-Logo.png","contentUrl":"https:\/\/betty-bbq.de\/cms\/wp-content\/uploads\/2018\/10\/BettyBBQ-Logo.png","width":365,"height":365,"caption":"Betty BBQ"},"logo":{"@id":"https:\/\/betty-bbq.de\/cms\/wp-content\/uploads\/2018\/10\/BettyBBQ-Logo.png"},"sameAs":["http:\/\/www.betty-bbq.de"]}]}},"jetpack_sharing_enabled":true,"_links":{"self":[{"href":"https:\/\/betty-bbq.de\/cms\/wp-json\/wp\/v2\/pages\/26","targetHints":{"allow":["GET"]}}],"collection":[{"href":"https:\/\/betty-bbq.de\/cms\/wp-json\/wp\/v2\/pages"}],"about":[{"href":"https:\/\/betty-bbq.de\/cms\/wp-json\/wp\/v2\/types\/page"}],"author":[{"embeddable":true,"href":"https:\/\/betty-bbq.de\/cms\/wp-json\/wp\/v2\/users\/1"}],"replies":[{"embeddable":true,"href":"https:\/\/betty-bbq.de\/cms\/wp-json\/wp\/v2\/comments?post=26"}],"version-history":[{"count":12,"href":"https:\/\/betty-bbq.de\/cms\/wp-json\/wp\/v2\/pages\/26\/revisions"}],"predecessor-version":[{"id":1119,"href":"https:\/\/betty-bbq.de\/cms\/wp-json\/wp\/v2\/pages\/26\/revisions\/1119"}],"wp:attachment":[{"href":"https:\/\/betty-bbq.de\/cms\/wp-json\/wp\/v2\/media?parent=26"}],"curies":[{"name":"wp","href":"https:\/\/api.w.org\/{rel}","templated":true}]}}