{"id":257,"date":"2018-11-14T19:51:53","date_gmt":"2018-11-14T18:51:53","guid":{"rendered":"https:\/\/betty-bbq.com\/cms\/?page_id=257"},"modified":"2021-03-18T21:46:51","modified_gmt":"2021-03-18T20:46:51","slug":"team","status":"publish","type":"page","link":"https:\/\/betty-bbq.de\/cms\/team\/","title":{"rendered":"Team"},"content":{"rendered":"[vc_row][vc_column][vc_single_image image=&#8220;340&#8243; css_animation=&#8220;bounceInDown&#8220;][\/vc_column][\/vc_row][vc_row max_width=&#8220;50&#8243;][vc_column][vc_column_text]\n<h3><strong>Gemeinsam sind wir stark!<\/strong><\/h3>\n<p>Betty BBQ ohne Betty? Das geht nicht.<\/p>\n<p>Bei uns steht Betty immer in der ersten Reihe. Doch das kann sie nur, da sie ihren Betty BBQ Clan stets hinter sich wei\u00df.<\/p>\n<p>Das R\u00fcckgrat der Betty BBQ Travestie &amp; Entertainment sind die vielen, engagierten und starken Pers\u00f6nlichkeiten in unserem Team.<\/p>\n<p>Hierzu geh\u00f6ren auch das <strong><a href=\"https:\/\/betty-bbq.com\/cms\/das_unternehmen_betty_bbq_travestie__entertainment\/\" target=\"_blank\" rel=\"noopener\">das Management<\/a><\/strong> und unsere fantastischen <strong>City Tour Guides<\/strong>!<\/p>\n<p>Du willst auch zum Betty BBQ Clan geh\u00f6ren und als City Tour Guide f\u00fcr Betty BBQ t\u00e4tig werden? Das freut uns! Weitere Informationen erh\u00e4lst du <a href=\"https:\/\/betty-bbq.com\/cms\/jobs\/\">hier<\/a>.[\/vc_column_text][vc_empty_space height=&#8220;20&#8243;][vc_column_text]<strong>Mit dem Betty BBQ Clan haben wir f\u00fcr (fast) jedes Bed\u00fcrfnis das passende Angebot!<\/strong><\/p>\n<p>Moderationen, Burlesque-Tanz, musiklaische Travestie-Darbietungen?<\/p>\n<p>Dies und vieles mehr k\u00f6nnen wir euch aus dem vielf\u00e4ltigen Pool des Betty BBQ Clans anbieten. <a href=\"https:\/\/betty-bbq.com\/cms\/kontakt\/\">Kontaktiert uns einfach<\/a>![\/vc_column_text][vc_empty_space height=&#8220;20&#8243;][vc_column_text]<strong>Unsere Betty BBQ City-Tour Guides: Qualifiziert, empathisch, Charaktermenschen!<\/strong><\/p>\n<p>Betty BBQ abeitet nur mit qualifizierten City-Tour Guides zusammen: Grundsolide, empathische Charaktermenschen mit dem gewissen &#8222;Etwas&#8220;, geschulte Ortskenntnisse und weitere f\u00fcr die Durchf\u00fchrung unserer Touren von uns definierte Qualifizierungen garantieren einen reibungslosen Ablauf der City-Touren. Und falls es doch mal anders kommt: Unser Guide wei\u00df stets, was zu tun ist.[\/vc_column_text][\/vc_column][\/vc_row]\n","protected":false},"excerpt":{"rendered":"<p>[vc_row][vc_column][vc_single_image image=&#8220;340&#8243; css_animation=&#8220;bounceInDown&#8220;][\/vc_column][\/vc_row][vc_row max_width=&#8220;50&#8243;][vc_column][vc_column_text] Gemeinsam sind wir stark! Betty BBQ ohne Betty? Das geht nicht. Bei uns steht Betty immer in der ersten Reihe. Doch das kann sie nur, da sie ihren Betty BBQ Clan stets hinter sich wei\u00df. Das&hellip;<\/p>\n","protected":false},"author":2,"featured_media":0,"parent":0,"menu_order":0,"comment_status":"closed","ping_status":"closed","template":"","meta":{"footnotes":""},"class_list":["post-257","page","type-page","status-publish","hentry","entry","no-media"],"yoast_head":"<!-- This site is optimized with the Yoast SEO plugin v27.4 - https:\/\/yoast.com\/product\/yoast-seo-wordpress\/ -->\n<title>Team - Betty BBQ<\/title>\n<meta name=\"robots\" content=\"index, follow, max-snippet:-1, max-image-preview:large, max-video-preview:-1\" \/>\n<link rel=\"canonical\" href=\"https:\/\/betty-bbq.de\/cms\/team\/\" \/>\n<meta property=\"og:locale\" content=\"de_DE\" \/>\n<meta property=\"og:type\" content=\"article\" \/>\n<meta property=\"og:title\" content=\"Team - Betty BBQ\" \/>\n<meta property=\"og:description\" content=\"[vc_row][vc_column][vc_single_image image=&#8220;340&#8243; css_animation=&#8220;bounceInDown&#8220;][\/vc_column][\/vc_row][vc_row max_width=&#8220;50&#8243;][vc_column][vc_column_text] Gemeinsam sind wir stark! Betty BBQ ohne Betty? Das geht nicht. Bei uns steht Betty immer in der ersten Reihe. Doch das kann sie nur, da sie ihren Betty BBQ Clan stets hinter sich wei\u00df. Das&hellip;\" \/>\n<meta property=\"og:url\" content=\"https:\/\/betty-bbq.de\/cms\/team\/\" \/>\n<meta property=\"og:site_name\" content=\"Betty BBQ\" \/>\n<meta property=\"article:modified_time\" content=\"2021-03-18T20:46:51+00:00\" \/>\n<meta name=\"twitter:card\" content=\"summary_large_image\" \/>\n<meta name=\"twitter:label1\" content=\"Gesch\u00e4tzte Lesezeit\" \/>\n\t<meta name=\"twitter:data1\" content=\"1\u00a0Minute\" \/>\n<script type=\"application\/ld+json\" class=\"yoast-schema-graph\">{\"@context\":\"https:\\\/\\\/schema.org\",\"@graph\":[{\"@type\":\"WebPage\",\"@id\":\"https:\\\/\\\/betty-bbq.de\\\/cms\\\/team\\\/\",\"url\":\"https:\\\/\\\/betty-bbq.de\\\/cms\\\/team\\\/\",\"name\":\"Team - Betty BBQ\",\"isPartOf\":{\"@id\":\"https:\\\/\\\/betty-bbq.de\\\/cms\\\/#website\"},\"datePublished\":\"2018-11-14T18:51:53+00:00\",\"dateModified\":\"2021-03-18T20:46:51+00:00\",\"breadcrumb\":{\"@id\":\"https:\\\/\\\/betty-bbq.de\\\/cms\\\/team\\\/#breadcrumb\"},\"inLanguage\":\"de\",\"potentialAction\":[{\"@type\":\"ReadAction\",\"target\":[\"https:\\\/\\\/betty-bbq.de\\\/cms\\\/team\\\/\"]}]},{\"@type\":\"BreadcrumbList\",\"@id\":\"https:\\\/\\\/betty-bbq.de\\\/cms\\\/team\\\/#breadcrumb\",\"itemListElement\":[{\"@type\":\"ListItem\",\"position\":1,\"name\":\"Startseite\",\"item\":\"https:\\\/\\\/betty-bbq.de\\\/cms\\\/\"},{\"@type\":\"ListItem\",\"position\":2,\"name\":\"Team\"}]},{\"@type\":\"WebSite\",\"@id\":\"https:\\\/\\\/betty-bbq.de\\\/cms\\\/#website\",\"url\":\"https:\\\/\\\/betty-bbq.de\\\/cms\\\/\",\"name\":\"Fr\u00e4ulein Betty BBQ - Schwarzwald Drag Queen, Schorlek\u00f6nigin, Entertainerin\",\"description\":\"Betty BBQ Travestie &amp; Entertainment\",\"publisher\":{\"@id\":\"https:\\\/\\\/betty-bbq.de\\\/cms\\\/#\\\/schema\\\/person\\\/6e6c45463a3cf44a5334be285fffb4b1\"},\"potentialAction\":[{\"@type\":\"SearchAction\",\"target\":{\"@type\":\"EntryPoint\",\"urlTemplate\":\"https:\\\/\\\/betty-bbq.de\\\/cms\\\/?s={search_term_string}\"},\"query-input\":{\"@type\":\"PropertyValueSpecification\",\"valueRequired\":true,\"valueName\":\"search_term_string\"}}],\"inLanguage\":\"de\"},{\"@type\":[\"Person\",\"Organization\"],\"@id\":\"https:\\\/\\\/betty-bbq.de\\\/cms\\\/#\\\/schema\\\/person\\\/6e6c45463a3cf44a5334be285fffb4b1\",\"name\":\"Betty BBQ\",\"image\":{\"@type\":\"ImageObject\",\"inLanguage\":\"de\",\"@id\":\"https:\\\/\\\/betty-bbq.de\\\/cms\\\/wp-content\\\/uploads\\\/2018\\\/10\\\/BettyBBQ-Logo.png\",\"url\":\"https:\\\/\\\/betty-bbq.de\\\/cms\\\/wp-content\\\/uploads\\\/2018\\\/10\\\/BettyBBQ-Logo.png\",\"contentUrl\":\"https:\\\/\\\/betty-bbq.de\\\/cms\\\/wp-content\\\/uploads\\\/2018\\\/10\\\/BettyBBQ-Logo.png\",\"width\":365,\"height\":365,\"caption\":\"Betty BBQ\"},\"logo\":{\"@id\":\"https:\\\/\\\/betty-bbq.de\\\/cms\\\/wp-content\\\/uploads\\\/2018\\\/10\\\/BettyBBQ-Logo.png\"},\"sameAs\":[\"http:\\\/\\\/www.betty-bbq.de\"]}]}<\/script>\n<!-- \/ Yoast SEO plugin. -->","yoast_head_json":{"title":"Team - Betty BBQ","robots":{"index":"index","follow":"follow","max-snippet":"max-snippet:-1","max-image-preview":"max-image-preview:large","max-video-preview":"max-video-preview:-1"},"canonical":"https:\/\/betty-bbq.de\/cms\/team\/","og_locale":"de_DE","og_type":"article","og_title":"Team - Betty BBQ","og_description":"[vc_row][vc_column][vc_single_image image=&#8220;340&#8243; css_animation=&#8220;bounceInDown&#8220;][\/vc_column][\/vc_row][vc_row max_width=&#8220;50&#8243;][vc_column][vc_column_text] Gemeinsam sind wir stark! Betty BBQ ohne Betty? Das geht nicht. Bei uns steht Betty immer in der ersten Reihe. Doch das kann sie nur, da sie ihren Betty BBQ Clan stets hinter sich wei\u00df. Das&hellip;","og_url":"https:\/\/betty-bbq.de\/cms\/team\/","og_site_name":"Betty BBQ","article_modified_time":"2021-03-18T20:46:51+00:00","twitter_card":"summary_large_image","twitter_misc":{"Gesch\u00e4tzte Lesezeit":"1\u00a0Minute"},"schema":{"@context":"https:\/\/schema.org","@graph":[{"@type":"WebPage","@id":"https:\/\/betty-bbq.de\/cms\/team\/","url":"https:\/\/betty-bbq.de\/cms\/team\/","name":"Team - Betty BBQ","isPartOf":{"@id":"https:\/\/betty-bbq.de\/cms\/#website"},"datePublished":"2018-11-14T18:51:53+00:00","dateModified":"2021-03-18T20:46:51+00:00","breadcrumb":{"@id":"https:\/\/betty-bbq.de\/cms\/team\/#breadcrumb"},"inLanguage":"de","potentialAction":[{"@type":"ReadAction","target":["https:\/\/betty-bbq.de\/cms\/team\/"]}]},{"@type":"BreadcrumbList","@id":"https:\/\/betty-bbq.de\/cms\/team\/#breadcrumb","itemListElement":[{"@type":"ListItem","position":1,"name":"Startseite","item":"https:\/\/betty-bbq.de\/cms\/"},{"@type":"ListItem","position":2,"name":"Team"}]},{"@type":"WebSite","@id":"https:\/\/betty-bbq.de\/cms\/#website","url":"https:\/\/betty-bbq.de\/cms\/","name":"Fr\u00e4ulein Betty BBQ - Schwarzwald Drag Queen, Schorlek\u00f6nigin, Entertainerin","description":"Betty BBQ Travestie &amp; Entertainment","publisher":{"@id":"https:\/\/betty-bbq.de\/cms\/#\/schema\/person\/6e6c45463a3cf44a5334be285fffb4b1"},"potentialAction":[{"@type":"SearchAction","target":{"@type":"EntryPoint","urlTemplate":"https:\/\/betty-bbq.de\/cms\/?s={search_term_string}"},"query-input":{"@type":"PropertyValueSpecification","valueRequired":true,"valueName":"search_term_string"}}],"inLanguage":"de"},{"@type":["Person","Organization"],"@id":"https:\/\/betty-bbq.de\/cms\/#\/schema\/person\/6e6c45463a3cf44a5334be285fffb4b1","name":"Betty BBQ","image":{"@type":"ImageObject","inLanguage":"de","@id":"https:\/\/betty-bbq.de\/cms\/wp-content\/uploads\/2018\/10\/BettyBBQ-Logo.png","url":"https:\/\/betty-bbq.de\/cms\/wp-content\/uploads\/2018\/10\/BettyBBQ-Logo.png","contentUrl":"https:\/\/betty-bbq.de\/cms\/wp-content\/uploads\/2018\/10\/BettyBBQ-Logo.png","width":365,"height":365,"caption":"Betty BBQ"},"logo":{"@id":"https:\/\/betty-bbq.de\/cms\/wp-content\/uploads\/2018\/10\/BettyBBQ-Logo.png"},"sameAs":["http:\/\/www.betty-bbq.de"]}]}},"jetpack_sharing_enabled":true,"_links":{"self":[{"href":"https:\/\/betty-bbq.de\/cms\/wp-json\/wp\/v2\/pages\/257","targetHints":{"allow":["GET"]}}],"collection":[{"href":"https:\/\/betty-bbq.de\/cms\/wp-json\/wp\/v2\/pages"}],"about":[{"href":"https:\/\/betty-bbq.de\/cms\/wp-json\/wp\/v2\/types\/page"}],"author":[{"embeddable":true,"href":"https:\/\/betty-bbq.de\/cms\/wp-json\/wp\/v2\/users\/2"}],"replies":[{"embeddable":true,"href":"https:\/\/betty-bbq.de\/cms\/wp-json\/wp\/v2\/comments?post=257"}],"version-history":[{"count":8,"href":"https:\/\/betty-bbq.de\/cms\/wp-json\/wp\/v2\/pages\/257\/revisions"}],"predecessor-version":[{"id":1733,"href":"https:\/\/betty-bbq.de\/cms\/wp-json\/wp\/v2\/pages\/257\/revisions\/1733"}],"wp:attachment":[{"href":"https:\/\/betty-bbq.de\/cms\/wp-json\/wp\/v2\/media?parent=257"}],"curies":[{"name":"wp","href":"https:\/\/api.w.org\/{rel}","templated":true}]}}