{"id":2,"date":"2018-10-29T21:06:43","date_gmt":"2018-10-29T20:06:43","guid":{"rendered":"https:\/\/betty-bbq.com\/cms\/?page_id=2"},"modified":"2023-08-21T12:14:28","modified_gmt":"2023-08-21T10:14:28","slug":"start","status":"publish","type":"page","link":"https:\/\/betty-bbq.de\/cms\/","title":{"rendered":"Start"},"content":{"rendered":"[vc_row][vc_column][vc_single_image image=&#8220;659&#8243; css_animation=&#8220;bounceInDown&#8220;][\/vc_column][\/vc_row][vc_row max_width=&#8220;50&#8243;][vc_column][vc_column_text]\n<div class=\"wpb_single_image wpb_content_element vc_align_center wpb_animate_when_almost_visible wpb_flipInX flipInX wpb_start_animation animated\">\n<figure class=\"wpb_wrapper vc_figure\"><a class=\"shakebetty vc_single_image-wrapper wpex-image-hover grow vc_box_border_grey\" href=\"http:\/\/betty-bbq.reservix.de\/events\" target=\"_blank\" rel=\"noopener noreferrer\"><img loading=\"lazy\" decoding=\"async\" class=\"vc_single_image-img attachment-large\" src=\"https:\/\/betty-bbq.com\/cms\/wp-content\/uploads\/2019\/03\/bettybbq-ticket-hier-1024x609.png\" sizes=\"auto, (max-width: 980px) 100vw, 980px\" srcset=\"https:\/\/betty-bbq.com\/cms\/wp-content\/uploads\/2019\/03\/bettybbq-ticket-hier-1024x609.png 1024w, https:\/\/betty-bbq.com\/cms\/wp-content\/uploads\/2019\/03\/bettybbq-ticket-hier-300x178.png 300w, https:\/\/betty-bbq.com\/cms\/wp-content\/uploads\/2019\/03\/bettybbq-ticket-hier-768x456.png 768w, https:\/\/betty-bbq.com\/cms\/wp-content\/uploads\/2019\/03\/bettybbq-ticket-hier.png 1400w\" alt=\"\" width=\"980\" height=\"583\" \/><\/a><\/figure>\n<\/div>\n[vc_empty_space height=&#8220;20&#8243;][\/vc_column_text][\/vc_column][\/vc_row][vc_row max_width=&#8220;50&#8243;][vc_column][vc_empty_space height=&#8220;20&#8243;][vc_column_text]\n<h3><span style=\"font-size: 28px; color: #000000;\"><strong>Willkommen bei Fr\u00e4ulein Betty BBQ\u00a0<\/strong><\/span><\/h3>\n<p><span style=\"font-size: 18px; color: #000000;\"><em>Offizielle Jubil\u00e4umsbotschafterin der Stadt Freiburg zum 900+1-j\u00e4hrigen Stadtjubil\u00e4um 2020\/2021.<\/em><\/span><\/p>\n<p><span style=\"font-size: 18px; color: #000000;\"><em>Schwarzwald Drag Queen, Stadf\u00fchrerin, Schorlek\u00f6nigin, Entertainerin.<\/em><\/span><\/p>\n<p><span style=\"color: #000000;\"><em><span style=\"font-size: 18px;\">Freiburgs lebendige Sehensw\u00fcrdigkeit.<\/span><\/em><\/span><\/p>\n<p><span style=\"color: #000000;\">Wer Betty BBQ nicht kennt, hat vieles verpasst. Sie ist unter anderem\u00a0 eine der neun offiziellen Jubil\u00e4umsbotschafterInnen der Stadt Freiburg zum 900-j\u00e4hrigen Stadtjubil\u00e4um 2020, Botschafterin f\u00fcr eine bunte und vielf\u00e4ltige Heimat, die prominenteste Drag Queen S\u00fcddeutschlands, inoffizielle Schorlek\u00f6nigin, Mutti Freiburgs, Veranstalterin von City- und Kneipentouren, Organisatorin unvergesslicher Junggesellenabschiede, Werbeikone f\u00fcr Schwarzw\u00e4lder Schn\u00e4psle &amp; mehr und nat\u00fcrlich eine richtige Partyqueen. Kurzum: Freiburgs lebendige Sehensw\u00fcrdigkeit! Sie besticht nicht nur mit einem gro\u00dfen Herz und vollen Lippen, sondern auch mit Charisma und Witz. Freiburgs Grande Dame des Showgesch\u00e4fts ist nicht nur eine feste Gr\u00f6\u00dfe in der Schwarzwaldmetropole, sondern auch das schillernde Sternchen eines jeden Society Events.<\/span>[\/vc_column_text][vc_video link=&#8220;https:\/\/www.youtube.com\/watch?v=hGS8iXyWrI4&#8243; align=&#8220;center&#8220; title=&#8220;Wer ist Betty BBQ? Heimat ist bunt &#8211; die Dokumentation&#8220;][\/vc_column][\/vc_row]\n","protected":false},"excerpt":{"rendered":"<p>[vc_row][vc_column][vc_single_image image=&#8220;659&#8243; css_animation=&#8220;bounceInDown&#8220;][\/vc_column][\/vc_row][vc_row max_width=&#8220;50&#8243;][vc_column][vc_column_text] [vc_empty_space height=&#8220;20&#8243;][\/vc_column_text][\/vc_column][\/vc_row][vc_row max_width=&#8220;50&#8243;][vc_column][vc_empty_space height=&#8220;20&#8243;][vc_column_text] Willkommen bei Fr\u00e4ulein Betty BBQ\u00a0 Offizielle Jubil\u00e4umsbotschafterin der Stadt Freiburg zum 900+1-j\u00e4hrigen Stadtjubil\u00e4um 2020\/2021. Schwarzwald Drag Queen, Stadf\u00fchrerin, Schorlek\u00f6nigin, Entertainerin. Freiburgs lebendige Sehensw\u00fcrdigkeit. Wer Betty BBQ nicht kennt, hat vieles verpasst. Sie&hellip;<\/p>\n","protected":false},"author":1,"featured_media":0,"parent":0,"menu_order":0,"comment_status":"closed","ping_status":"open","template":"","meta":{"footnotes":""},"class_list":["post-2","page","type-page","status-publish","hentry","entry","no-media"],"yoast_head":"<!-- This site is optimized with the Yoast SEO plugin v27.3 - https:\/\/yoast.com\/product\/yoast-seo-wordpress\/ -->\n<title>Fr\u00e4ulein Betty BBQ - Schwarzwald-Dragqueen und Entertainerin<\/title>\n<meta name=\"description\" content=\"Offizielle Jubil\u00e4umsbotschafterin der Stadt Freiburg zum 900-j\u00e4hrigen Stadtjubil\u00e4um 2020. Die Dragqueen Betty BBQ bietet ein breites Angebot als Entertainerin, Moderatorin, S\u00e4ngerin von Partyschlagern, Aktivistin, Autorin und Stadtf\u00fchrerin an.\" \/>\n<meta name=\"robots\" content=\"index, follow, max-snippet:-1, max-image-preview:large, max-video-preview:-1\" \/>\n<link rel=\"canonical\" href=\"https:\/\/betty-bbq.de\/cms\/\" \/>\n<meta property=\"og:locale\" content=\"de_DE\" \/>\n<meta property=\"og:type\" content=\"article\" \/>\n<meta property=\"og:title\" content=\"Fr\u00e4ulein Betty BBQ - Schwarzwald-Dragqueen und Entertainerin\" \/>\n<meta property=\"og:description\" content=\"Offizielle Jubil\u00e4umsbotschafterin der Stadt Freiburg zum 900-j\u00e4hrigen Stadtjubil\u00e4um 2020. Die Dragqueen Betty BBQ bietet ein breites Angebot als Entertainerin, Moderatorin, S\u00e4ngerin von Partyschlagern, Aktivistin, Autorin und Stadtf\u00fchrerin an.\" \/>\n<meta property=\"og:url\" content=\"https:\/\/betty-bbq.de\/cms\/\" \/>\n<meta property=\"og:site_name\" content=\"Betty BBQ\" \/>\n<meta property=\"article:modified_time\" content=\"2023-08-21T10:14:28+00:00\" \/>\n<meta property=\"og:image\" content=\"https:\/\/betty-bbq.com\/cms\/wp-content\/uploads\/2019\/03\/bettybbq-ticket-hier-1024x609.png\" \/>\n<meta name=\"twitter:card\" content=\"summary_large_image\" \/>\n<meta name=\"twitter:label1\" content=\"Gesch\u00e4tzte Lesezeit\" \/>\n\t<meta name=\"twitter:data1\" content=\"6\u00a0Minuten\" \/>\n<script type=\"application\/ld+json\" class=\"yoast-schema-graph\">{\"@context\":\"https:\\\/\\\/schema.org\",\"@graph\":[{\"@type\":\"WebPage\",\"@id\":\"https:\\\/\\\/betty-bbq.de\\\/cms\\\/\",\"url\":\"https:\\\/\\\/betty-bbq.de\\\/cms\\\/\",\"name\":\"Fr\u00e4ulein Betty BBQ - Schwarzwald-Dragqueen und Entertainerin\",\"isPartOf\":{\"@id\":\"https:\\\/\\\/betty-bbq.de\\\/cms\\\/#website\"},\"primaryImageOfPage\":{\"@id\":\"https:\\\/\\\/betty-bbq.de\\\/cms\\\/#primaryimage\"},\"image\":{\"@id\":\"https:\\\/\\\/betty-bbq.de\\\/cms\\\/#primaryimage\"},\"thumbnailUrl\":\"https:\\\/\\\/betty-bbq.com\\\/cms\\\/wp-content\\\/uploads\\\/2019\\\/03\\\/bettybbq-ticket-hier-1024x609.png\",\"datePublished\":\"2018-10-29T20:06:43+00:00\",\"dateModified\":\"2023-08-21T10:14:28+00:00\",\"description\":\"Offizielle Jubil\u00e4umsbotschafterin der Stadt Freiburg zum 900-j\u00e4hrigen Stadtjubil\u00e4um 2020. Die Dragqueen Betty BBQ bietet ein breites Angebot als Entertainerin, Moderatorin, S\u00e4ngerin von Partyschlagern, Aktivistin, Autorin und Stadtf\u00fchrerin an.\",\"breadcrumb\":{\"@id\":\"https:\\\/\\\/betty-bbq.de\\\/cms\\\/#breadcrumb\"},\"inLanguage\":\"de\",\"potentialAction\":[{\"@type\":\"ReadAction\",\"target\":[\"https:\\\/\\\/betty-bbq.de\\\/cms\\\/\"]}]},{\"@type\":\"ImageObject\",\"inLanguage\":\"de\",\"@id\":\"https:\\\/\\\/betty-bbq.de\\\/cms\\\/#primaryimage\",\"url\":\"https:\\\/\\\/betty-bbq.com\\\/cms\\\/wp-content\\\/uploads\\\/2019\\\/03\\\/bettybbq-ticket-hier-1024x609.png\",\"contentUrl\":\"https:\\\/\\\/betty-bbq.com\\\/cms\\\/wp-content\\\/uploads\\\/2019\\\/03\\\/bettybbq-ticket-hier-1024x609.png\"},{\"@type\":\"BreadcrumbList\",\"@id\":\"https:\\\/\\\/betty-bbq.de\\\/cms\\\/#breadcrumb\",\"itemListElement\":[{\"@type\":\"ListItem\",\"position\":1,\"name\":\"Startseite\",\"item\":\"https:\\\/\\\/betty-bbq.de\\\/cms\\\/\"},{\"@type\":\"ListItem\",\"position\":2,\"name\":\"Start\"}]},{\"@type\":\"WebSite\",\"@id\":\"https:\\\/\\\/betty-bbq.de\\\/cms\\\/#website\",\"url\":\"https:\\\/\\\/betty-bbq.de\\\/cms\\\/\",\"name\":\"Fr\u00e4ulein Betty BBQ - Schwarzwald Drag Queen, Schorlek\u00f6nigin, Entertainerin\",\"description\":\"Betty BBQ Travestie &amp; Entertainment\",\"publisher\":{\"@id\":\"https:\\\/\\\/betty-bbq.de\\\/cms\\\/#\\\/schema\\\/person\\\/6e6c45463a3cf44a5334be285fffb4b1\"},\"potentialAction\":[{\"@type\":\"SearchAction\",\"target\":{\"@type\":\"EntryPoint\",\"urlTemplate\":\"https:\\\/\\\/betty-bbq.de\\\/cms\\\/?s={search_term_string}\"},\"query-input\":{\"@type\":\"PropertyValueSpecification\",\"valueRequired\":true,\"valueName\":\"search_term_string\"}}],\"inLanguage\":\"de\"},{\"@type\":[\"Person\",\"Organization\"],\"@id\":\"https:\\\/\\\/betty-bbq.de\\\/cms\\\/#\\\/schema\\\/person\\\/6e6c45463a3cf44a5334be285fffb4b1\",\"name\":\"Betty BBQ\",\"image\":{\"@type\":\"ImageObject\",\"inLanguage\":\"de\",\"@id\":\"https:\\\/\\\/betty-bbq.de\\\/cms\\\/wp-content\\\/uploads\\\/2018\\\/10\\\/BettyBBQ-Logo.png\",\"url\":\"https:\\\/\\\/betty-bbq.de\\\/cms\\\/wp-content\\\/uploads\\\/2018\\\/10\\\/BettyBBQ-Logo.png\",\"contentUrl\":\"https:\\\/\\\/betty-bbq.de\\\/cms\\\/wp-content\\\/uploads\\\/2018\\\/10\\\/BettyBBQ-Logo.png\",\"width\":365,\"height\":365,\"caption\":\"Betty BBQ\"},\"logo\":{\"@id\":\"https:\\\/\\\/betty-bbq.de\\\/cms\\\/wp-content\\\/uploads\\\/2018\\\/10\\\/BettyBBQ-Logo.png\"},\"sameAs\":[\"http:\\\/\\\/www.betty-bbq.de\"]}]}<\/script>\n<!-- \/ Yoast SEO plugin. -->","yoast_head_json":{"title":"Fr\u00e4ulein Betty BBQ - Schwarzwald-Dragqueen und Entertainerin","description":"Offizielle Jubil\u00e4umsbotschafterin der Stadt Freiburg zum 900-j\u00e4hrigen Stadtjubil\u00e4um 2020. Die Dragqueen Betty BBQ bietet ein breites Angebot als Entertainerin, Moderatorin, S\u00e4ngerin von Partyschlagern, Aktivistin, Autorin und Stadtf\u00fchrerin an.","robots":{"index":"index","follow":"follow","max-snippet":"max-snippet:-1","max-image-preview":"max-image-preview:large","max-video-preview":"max-video-preview:-1"},"canonical":"https:\/\/betty-bbq.de\/cms\/","og_locale":"de_DE","og_type":"article","og_title":"Fr\u00e4ulein Betty BBQ - Schwarzwald-Dragqueen und Entertainerin","og_description":"Offizielle Jubil\u00e4umsbotschafterin der Stadt Freiburg zum 900-j\u00e4hrigen Stadtjubil\u00e4um 2020. Die Dragqueen Betty BBQ bietet ein breites Angebot als Entertainerin, Moderatorin, S\u00e4ngerin von Partyschlagern, Aktivistin, Autorin und Stadtf\u00fchrerin an.","og_url":"https:\/\/betty-bbq.de\/cms\/","og_site_name":"Betty BBQ","article_modified_time":"2023-08-21T10:14:28+00:00","og_image":[{"url":"https:\/\/betty-bbq.com\/cms\/wp-content\/uploads\/2019\/03\/bettybbq-ticket-hier-1024x609.png","type":"","width":"","height":""}],"twitter_card":"summary_large_image","twitter_misc":{"Gesch\u00e4tzte Lesezeit":"6\u00a0Minuten"},"schema":{"@context":"https:\/\/schema.org","@graph":[{"@type":"WebPage","@id":"https:\/\/betty-bbq.de\/cms\/","url":"https:\/\/betty-bbq.de\/cms\/","name":"Fr\u00e4ulein Betty BBQ - Schwarzwald-Dragqueen und Entertainerin","isPartOf":{"@id":"https:\/\/betty-bbq.de\/cms\/#website"},"primaryImageOfPage":{"@id":"https:\/\/betty-bbq.de\/cms\/#primaryimage"},"image":{"@id":"https:\/\/betty-bbq.de\/cms\/#primaryimage"},"thumbnailUrl":"https:\/\/betty-bbq.com\/cms\/wp-content\/uploads\/2019\/03\/bettybbq-ticket-hier-1024x609.png","datePublished":"2018-10-29T20:06:43+00:00","dateModified":"2023-08-21T10:14:28+00:00","description":"Offizielle Jubil\u00e4umsbotschafterin der Stadt Freiburg zum 900-j\u00e4hrigen Stadtjubil\u00e4um 2020. Die Dragqueen Betty BBQ bietet ein breites Angebot als Entertainerin, Moderatorin, S\u00e4ngerin von Partyschlagern, Aktivistin, Autorin und Stadtf\u00fchrerin an.","breadcrumb":{"@id":"https:\/\/betty-bbq.de\/cms\/#breadcrumb"},"inLanguage":"de","potentialAction":[{"@type":"ReadAction","target":["https:\/\/betty-bbq.de\/cms\/"]}]},{"@type":"ImageObject","inLanguage":"de","@id":"https:\/\/betty-bbq.de\/cms\/#primaryimage","url":"https:\/\/betty-bbq.com\/cms\/wp-content\/uploads\/2019\/03\/bettybbq-ticket-hier-1024x609.png","contentUrl":"https:\/\/betty-bbq.com\/cms\/wp-content\/uploads\/2019\/03\/bettybbq-ticket-hier-1024x609.png"},{"@type":"BreadcrumbList","@id":"https:\/\/betty-bbq.de\/cms\/#breadcrumb","itemListElement":[{"@type":"ListItem","position":1,"name":"Startseite","item":"https:\/\/betty-bbq.de\/cms\/"},{"@type":"ListItem","position":2,"name":"Start"}]},{"@type":"WebSite","@id":"https:\/\/betty-bbq.de\/cms\/#website","url":"https:\/\/betty-bbq.de\/cms\/","name":"Fr\u00e4ulein Betty BBQ - Schwarzwald Drag Queen, Schorlek\u00f6nigin, Entertainerin","description":"Betty BBQ Travestie &amp; Entertainment","publisher":{"@id":"https:\/\/betty-bbq.de\/cms\/#\/schema\/person\/6e6c45463a3cf44a5334be285fffb4b1"},"potentialAction":[{"@type":"SearchAction","target":{"@type":"EntryPoint","urlTemplate":"https:\/\/betty-bbq.de\/cms\/?s={search_term_string}"},"query-input":{"@type":"PropertyValueSpecification","valueRequired":true,"valueName":"search_term_string"}}],"inLanguage":"de"},{"@type":["Person","Organization"],"@id":"https:\/\/betty-bbq.de\/cms\/#\/schema\/person\/6e6c45463a3cf44a5334be285fffb4b1","name":"Betty BBQ","image":{"@type":"ImageObject","inLanguage":"de","@id":"https:\/\/betty-bbq.de\/cms\/wp-content\/uploads\/2018\/10\/BettyBBQ-Logo.png","url":"https:\/\/betty-bbq.de\/cms\/wp-content\/uploads\/2018\/10\/BettyBBQ-Logo.png","contentUrl":"https:\/\/betty-bbq.de\/cms\/wp-content\/uploads\/2018\/10\/BettyBBQ-Logo.png","width":365,"height":365,"caption":"Betty BBQ"},"logo":{"@id":"https:\/\/betty-bbq.de\/cms\/wp-content\/uploads\/2018\/10\/BettyBBQ-Logo.png"},"sameAs":["http:\/\/www.betty-bbq.de"]}]}},"jetpack_sharing_enabled":true,"_links":{"self":[{"href":"https:\/\/betty-bbq.de\/cms\/wp-json\/wp\/v2\/pages\/2","targetHints":{"allow":["GET"]}}],"collection":[{"href":"https:\/\/betty-bbq.de\/cms\/wp-json\/wp\/v2\/pages"}],"about":[{"href":"https:\/\/betty-bbq.de\/cms\/wp-json\/wp\/v2\/types\/page"}],"author":[{"embeddable":true,"href":"https:\/\/betty-bbq.de\/cms\/wp-json\/wp\/v2\/users\/1"}],"replies":[{"embeddable":true,"href":"https:\/\/betty-bbq.de\/cms\/wp-json\/wp\/v2\/comments?post=2"}],"version-history":[{"count":145,"href":"https:\/\/betty-bbq.de\/cms\/wp-json\/wp\/v2\/pages\/2\/revisions"}],"predecessor-version":[{"id":3280,"href":"https:\/\/betty-bbq.de\/cms\/wp-json\/wp\/v2\/pages\/2\/revisions\/3280"}],"wp:attachment":[{"href":"https:\/\/betty-bbq.de\/cms\/wp-json\/wp\/v2\/media?parent=2"}],"curies":[{"name":"wp","href":"https:\/\/api.w.org\/{rel}","templated":true}]}}