{"id":1686,"date":"2020-12-26T16:06:49","date_gmt":"2020-12-26T15:06:49","guid":{"rendered":"https:\/\/betty-bbq.com\/cms\/?page_id=1686"},"modified":"2021-09-17T11:18:14","modified_gmt":"2021-09-17T09:18:14","slug":"das_unternehmen_betty_bbq_travestie__entertainment","status":"publish","type":"page","link":"https:\/\/betty-bbq.de\/cms\/das_unternehmen_betty_bbq_travestie__entertainment\/","title":{"rendered":"Das Unternehmen \/ \u00dcber uns"},"content":{"rendered":"[vc_row][vc_column][vc_single_image image=&#8220;340&#8243; css_animation=&#8220;bounceInDown&#8220;][\/vc_column][\/vc_row][vc_row max_width=&#8220;50&#8243;][vc_column][vc_column_text]\n<h1><strong>Das Unternehmen: <span style=\"color: #c1272d;\">Betty BBQ Travestie &amp; Entertainment<\/span><\/strong><\/h1>\n<blockquote>\n<p><span style=\"color: #c1272d;\"><strong><em>Nur wenn hinter dem Vorhang alles reibungslos klappt, kann die Show vor dem Vorhang ein Erfolg werden!<\/em><\/strong><\/span><\/p>\n<\/blockquote>\n<p>Der Travestiek\u00fcnstler Betty BBQ ist als Inhaber des <strong>Einzelunternehmens Betty BBQ Travestie &amp; Entertainment<\/strong> ein gewissenhafter Gesch\u00e4ftsmann, dem in jeder Situation <strong>die rechtlichen Regelungen und die f\u00fcr Ihn selbstverst\u00e4ndlichen sozialen Gebote eines Unternehmens<\/strong> <strong>mit Mitarbeiterverantwortung<\/strong> zu erf\u00fcllen das wichtigste und erste Gebot ist.<\/p>\n<p>Um allen Pflichten und Rechten mehr als genug zu entsprechen und den gesch\u00e4ftlichen und strukturellen Aufbau des Unternehmens jederzeit in h\u00f6chstem Ma\u00dfe zu gen\u00fcgen, hat Betty BBQ seit dem Jahr 2018 den renommierten <strong>Kulturmanager Sebastian Heusel<\/strong>, Inhaber der <strong><a href=\"https:\/\/www.srhmanagementconsulting.com\/\">SRH Management &amp; Consulting<\/a><\/strong>, mit der Abwicklung jeglicher Management-T\u00e4tigkeiten exklusiv beauftragt.<\/p>\n<p>&nbsp;<\/p>\n<p><strong>Ein &#8222;Blick hinter die Kulissen&#8220; f\u00fcr die&#8230; Ohren!<\/strong><\/p>\n<p>Wie l\u00e4uft das denn eigentlich hinter den Kulissen ab? Wer macht da was, wie verstehen sich Betty BBQ und Ihr Management in ihrem gesamten Handeln und was treibt sie an? Wie kann Kreativit\u00e4t und Professionalit\u00e4t in perfekten Einklang gebracht werden, was hat das mit der Geschichte und der Entwicklung rund um die Kunstfigur Betty BBQ zu tun und was k\u00f6nnen (Jung-)Unternehmer daraus lernen?<\/p>\n<p>Diesen Fragen ging auch der Podcast &#8222;Die Innovationskiste&#8220; von der Gr\u00fcnderschiff UG (haftungsbeschr\u00e4nkt) &amp; CO. KG aus Konstanz in Ihrer Serie &#8222;Expedition Querweg&#8220; in der Folge 05 &#8222;Selbstverwirklichung in der Gr\u00fcndung (S02E28)&#8220; nach. H\u00f6ren Sie gerne einmal rein!<\/p>\n<p><em><strong>Auf Spotify:<\/strong><\/em><\/p>\n<div class=\"wpex-oembed-wrap wpex-clr\"><iframe loading=\"lazy\" hcb-fetch-image-from=\"https:\/\/open.spotify.com\/episode\/3faiyc1OtS2vyafPtgUOe9?si=rS85tJl5TBmR8YLdXt0LZg&amp;nd=1\" title=\"Spotify Embed: Expedition Querweg Folge 05 - Selbstverwirklichung in der Gr\u00fcndung (S02E28)\" width=\"100%\" height=\"232\" allowtransparency=\"true\"  allow=\"encrypted-media\" src=\"https:\/\/open.spotify.com\/embed-podcast\/episode\/3faiyc1OtS2vyafPtgUOe9?si=rS85tJl5TBmR8YLdXt0LZg&#038;nd=1\"><\/iframe><\/div>\n<p><em><strong>Und auf der Website von Gr\u00fcnderschiff aus Konstanz:<\/strong><\/em><\/p>\n<div class=\"wpex-oembed-wrap wpex-clr\">\n<blockquote hcb-fetch-image-from=\"https:\/\/gruenderschiff.de\/podcast\/expedition-querweg-folge-05-selbstverwirklichung-in-der-gruendung-s02e28\/\" class=\"wp-embedded-content\" data-secret=\"KOvZgbINNB\"><p><a href=\"https:\/\/gruenderschiff.de\/podcast\/expedition-querweg-folge-05-selbstverwirklichung-in-der-gruendung-s02e28\/\">Expedition Querweg Folge 05 &#8211; Selbstverwirklichung in der Gr\u00fcndung (S02E28)<\/a><\/p><\/blockquote>\n<p><iframe loading=\"lazy\" class=\"wp-embedded-content\" sandbox=\"allow-scripts\" security=\"restricted\" style=\"position: absolute; clip: rect(1px, 1px, 1px, 1px);\" title=\"&#8222;Expedition Querweg Folge 05 &#8211; Selbstverwirklichung in der Gr\u00fcndung (S02E28)&#8220; &#8212; Gr\u00fcnderschiff\" src=\"https:\/\/gruenderschiff.de\/podcast\/expedition-querweg-folge-05-selbstverwirklichung-in-der-gruendung-s02e28\/embed\/#?secret=KOvZgbINNB\" data-secret=\"KOvZgbINNB\" width=\"600\" height=\"338\"  marginwidth=\"0\" marginheight=\"0\" scrolling=\"no\"><\/iframe><\/div>\n<p>&nbsp;<\/p>\n<p><span style=\"color: #c1272d;\">F\u00fcr Anfragen an Betty BBQ und\/oder das Management klicken Sie bitte hier: <strong><a style=\"color: #c1272d;\" href=\"https:\/\/betty-bbq.com\/cms\/kontakt\/\">Kontakt<\/a><\/strong><\/span>[\/vc_column_text][vc_empty_space height=&#8220;20&#8243;][vc_single_image image=&#8220;206&#8243; onclick=&#8220;custom_link&#8220; img_link_target=&#8220;_blank&#8220; link=&#8220;https:\/\/www.srhmanagementconsulting.com\/&#8220;][vc_empty_space height=&#8220;20&#8243;][vc_column_text]<b>Alle rechtlichen Angaben zum Einzelunternehmen <span style=\"color: #c1272d;\">Betty BBQ Travestie &amp; Entertainment <\/span>sind nachzulesen im <a href=\"https:\/\/betty-bbq.com\/cms\/impressum\/\">Impressum<\/a>.<\/b>[\/vc_column_text][\/vc_column][\/vc_row]\n","protected":false},"excerpt":{"rendered":"<p>[vc_row][vc_column][vc_single_image image=&#8220;340&#8243; css_animation=&#8220;bounceInDown&#8220;][\/vc_column][\/vc_row][vc_row max_width=&#8220;50&#8243;][vc_column][vc_column_text] Das Unternehmen: Betty BBQ Travestie &amp; Entertainment Nur wenn hinter dem Vorhang alles reibungslos klappt, kann die Show vor dem Vorhang ein Erfolg werden! Der Travestiek\u00fcnstler Betty BBQ ist als Inhaber des Einzelunternehmens Betty BBQ Travestie&hellip;<\/p>\n","protected":false},"author":2,"featured_media":0,"parent":0,"menu_order":0,"comment_status":"closed","ping_status":"closed","template":"","meta":{"footnotes":""},"class_list":["post-1686","page","type-page","status-publish","hentry","entry","no-media"],"yoast_head":"<!-- This site is optimized with the Yoast SEO plugin v27.4 - https:\/\/yoast.com\/product\/yoast-seo-wordpress\/ -->\n<title>Das Unternehmen \/ \u00dcber uns - Betty BBQ<\/title>\n<meta name=\"robots\" content=\"index, follow, max-snippet:-1, max-image-preview:large, max-video-preview:-1\" \/>\n<link rel=\"canonical\" href=\"https:\/\/betty-bbq.de\/cms\/das_unternehmen_betty_bbq_travestie__entertainment\/\" \/>\n<meta property=\"og:locale\" content=\"de_DE\" \/>\n<meta property=\"og:type\" content=\"article\" \/>\n<meta property=\"og:title\" content=\"Das Unternehmen \/ \u00dcber uns - Betty BBQ\" \/>\n<meta property=\"og:description\" content=\"[vc_row][vc_column][vc_single_image image=&#8220;340&#8243; css_animation=&#8220;bounceInDown&#8220;][\/vc_column][\/vc_row][vc_row max_width=&#8220;50&#8243;][vc_column][vc_column_text] Das Unternehmen: Betty BBQ Travestie &amp; Entertainment Nur wenn hinter dem Vorhang alles reibungslos klappt, kann die Show vor dem Vorhang ein Erfolg werden! Der Travestiek\u00fcnstler Betty BBQ ist als Inhaber des Einzelunternehmens Betty BBQ Travestie&hellip;\" \/>\n<meta property=\"og:url\" content=\"https:\/\/betty-bbq.de\/cms\/das_unternehmen_betty_bbq_travestie__entertainment\/\" \/>\n<meta property=\"og:site_name\" content=\"Betty BBQ\" \/>\n<meta property=\"article:modified_time\" content=\"2021-09-17T09:18:14+00:00\" \/>\n<meta name=\"twitter:card\" content=\"summary_large_image\" \/>\n<meta name=\"twitter:label1\" content=\"Gesch\u00e4tzte Lesezeit\" \/>\n\t<meta name=\"twitter:data1\" content=\"2\u00a0Minuten\" \/>\n<script type=\"application\/ld+json\" class=\"yoast-schema-graph\">{\"@context\":\"https:\\\/\\\/schema.org\",\"@graph\":[{\"@type\":\"WebPage\",\"@id\":\"https:\\\/\\\/betty-bbq.de\\\/cms\\\/das_unternehmen_betty_bbq_travestie__entertainment\\\/\",\"url\":\"https:\\\/\\\/betty-bbq.de\\\/cms\\\/das_unternehmen_betty_bbq_travestie__entertainment\\\/\",\"name\":\"Das Unternehmen \\\/ \u00dcber uns - Betty BBQ\",\"isPartOf\":{\"@id\":\"https:\\\/\\\/betty-bbq.de\\\/cms\\\/#website\"},\"datePublished\":\"2020-12-26T15:06:49+00:00\",\"dateModified\":\"2021-09-17T09:18:14+00:00\",\"breadcrumb\":{\"@id\":\"https:\\\/\\\/betty-bbq.de\\\/cms\\\/das_unternehmen_betty_bbq_travestie__entertainment\\\/#breadcrumb\"},\"inLanguage\":\"de\",\"potentialAction\":[{\"@type\":\"ReadAction\",\"target\":[\"https:\\\/\\\/betty-bbq.de\\\/cms\\\/das_unternehmen_betty_bbq_travestie__entertainment\\\/\"]}]},{\"@type\":\"BreadcrumbList\",\"@id\":\"https:\\\/\\\/betty-bbq.de\\\/cms\\\/das_unternehmen_betty_bbq_travestie__entertainment\\\/#breadcrumb\",\"itemListElement\":[{\"@type\":\"ListItem\",\"position\":1,\"name\":\"Startseite\",\"item\":\"https:\\\/\\\/betty-bbq.de\\\/cms\\\/\"},{\"@type\":\"ListItem\",\"position\":2,\"name\":\"Das Unternehmen \\\/ \u00dcber uns\"}]},{\"@type\":\"WebSite\",\"@id\":\"https:\\\/\\\/betty-bbq.de\\\/cms\\\/#website\",\"url\":\"https:\\\/\\\/betty-bbq.de\\\/cms\\\/\",\"name\":\"Fr\u00e4ulein Betty BBQ - Schwarzwald Drag Queen, Schorlek\u00f6nigin, Entertainerin\",\"description\":\"Betty BBQ Travestie &amp; Entertainment\",\"publisher\":{\"@id\":\"https:\\\/\\\/betty-bbq.de\\\/cms\\\/#\\\/schema\\\/person\\\/6e6c45463a3cf44a5334be285fffb4b1\"},\"potentialAction\":[{\"@type\":\"SearchAction\",\"target\":{\"@type\":\"EntryPoint\",\"urlTemplate\":\"https:\\\/\\\/betty-bbq.de\\\/cms\\\/?s={search_term_string}\"},\"query-input\":{\"@type\":\"PropertyValueSpecification\",\"valueRequired\":true,\"valueName\":\"search_term_string\"}}],\"inLanguage\":\"de\"},{\"@type\":[\"Person\",\"Organization\"],\"@id\":\"https:\\\/\\\/betty-bbq.de\\\/cms\\\/#\\\/schema\\\/person\\\/6e6c45463a3cf44a5334be285fffb4b1\",\"name\":\"Betty BBQ\",\"image\":{\"@type\":\"ImageObject\",\"inLanguage\":\"de\",\"@id\":\"https:\\\/\\\/betty-bbq.de\\\/cms\\\/wp-content\\\/uploads\\\/2018\\\/10\\\/BettyBBQ-Logo.png\",\"url\":\"https:\\\/\\\/betty-bbq.de\\\/cms\\\/wp-content\\\/uploads\\\/2018\\\/10\\\/BettyBBQ-Logo.png\",\"contentUrl\":\"https:\\\/\\\/betty-bbq.de\\\/cms\\\/wp-content\\\/uploads\\\/2018\\\/10\\\/BettyBBQ-Logo.png\",\"width\":365,\"height\":365,\"caption\":\"Betty BBQ\"},\"logo\":{\"@id\":\"https:\\\/\\\/betty-bbq.de\\\/cms\\\/wp-content\\\/uploads\\\/2018\\\/10\\\/BettyBBQ-Logo.png\"},\"sameAs\":[\"http:\\\/\\\/www.betty-bbq.de\"]}]}<\/script>\n<!-- \/ Yoast SEO plugin. -->","yoast_head_json":{"title":"Das Unternehmen \/ \u00dcber uns - Betty BBQ","robots":{"index":"index","follow":"follow","max-snippet":"max-snippet:-1","max-image-preview":"max-image-preview:large","max-video-preview":"max-video-preview:-1"},"canonical":"https:\/\/betty-bbq.de\/cms\/das_unternehmen_betty_bbq_travestie__entertainment\/","og_locale":"de_DE","og_type":"article","og_title":"Das Unternehmen \/ \u00dcber uns - Betty BBQ","og_description":"[vc_row][vc_column][vc_single_image image=&#8220;340&#8243; css_animation=&#8220;bounceInDown&#8220;][\/vc_column][\/vc_row][vc_row max_width=&#8220;50&#8243;][vc_column][vc_column_text] Das Unternehmen: Betty BBQ Travestie &amp; Entertainment Nur wenn hinter dem Vorhang alles reibungslos klappt, kann die Show vor dem Vorhang ein Erfolg werden! Der Travestiek\u00fcnstler Betty BBQ ist als Inhaber des Einzelunternehmens Betty BBQ Travestie&hellip;","og_url":"https:\/\/betty-bbq.de\/cms\/das_unternehmen_betty_bbq_travestie__entertainment\/","og_site_name":"Betty BBQ","article_modified_time":"2021-09-17T09:18:14+00:00","twitter_card":"summary_large_image","twitter_misc":{"Gesch\u00e4tzte Lesezeit":"2\u00a0Minuten"},"schema":{"@context":"https:\/\/schema.org","@graph":[{"@type":"WebPage","@id":"https:\/\/betty-bbq.de\/cms\/das_unternehmen_betty_bbq_travestie__entertainment\/","url":"https:\/\/betty-bbq.de\/cms\/das_unternehmen_betty_bbq_travestie__entertainment\/","name":"Das Unternehmen \/ \u00dcber uns - Betty BBQ","isPartOf":{"@id":"https:\/\/betty-bbq.de\/cms\/#website"},"datePublished":"2020-12-26T15:06:49+00:00","dateModified":"2021-09-17T09:18:14+00:00","breadcrumb":{"@id":"https:\/\/betty-bbq.de\/cms\/das_unternehmen_betty_bbq_travestie__entertainment\/#breadcrumb"},"inLanguage":"de","potentialAction":[{"@type":"ReadAction","target":["https:\/\/betty-bbq.de\/cms\/das_unternehmen_betty_bbq_travestie__entertainment\/"]}]},{"@type":"BreadcrumbList","@id":"https:\/\/betty-bbq.de\/cms\/das_unternehmen_betty_bbq_travestie__entertainment\/#breadcrumb","itemListElement":[{"@type":"ListItem","position":1,"name":"Startseite","item":"https:\/\/betty-bbq.de\/cms\/"},{"@type":"ListItem","position":2,"name":"Das Unternehmen \/ \u00dcber uns"}]},{"@type":"WebSite","@id":"https:\/\/betty-bbq.de\/cms\/#website","url":"https:\/\/betty-bbq.de\/cms\/","name":"Fr\u00e4ulein Betty BBQ - Schwarzwald Drag Queen, Schorlek\u00f6nigin, Entertainerin","description":"Betty BBQ Travestie &amp; Entertainment","publisher":{"@id":"https:\/\/betty-bbq.de\/cms\/#\/schema\/person\/6e6c45463a3cf44a5334be285fffb4b1"},"potentialAction":[{"@type":"SearchAction","target":{"@type":"EntryPoint","urlTemplate":"https:\/\/betty-bbq.de\/cms\/?s={search_term_string}"},"query-input":{"@type":"PropertyValueSpecification","valueRequired":true,"valueName":"search_term_string"}}],"inLanguage":"de"},{"@type":["Person","Organization"],"@id":"https:\/\/betty-bbq.de\/cms\/#\/schema\/person\/6e6c45463a3cf44a5334be285fffb4b1","name":"Betty BBQ","image":{"@type":"ImageObject","inLanguage":"de","@id":"https:\/\/betty-bbq.de\/cms\/wp-content\/uploads\/2018\/10\/BettyBBQ-Logo.png","url":"https:\/\/betty-bbq.de\/cms\/wp-content\/uploads\/2018\/10\/BettyBBQ-Logo.png","contentUrl":"https:\/\/betty-bbq.de\/cms\/wp-content\/uploads\/2018\/10\/BettyBBQ-Logo.png","width":365,"height":365,"caption":"Betty BBQ"},"logo":{"@id":"https:\/\/betty-bbq.de\/cms\/wp-content\/uploads\/2018\/10\/BettyBBQ-Logo.png"},"sameAs":["http:\/\/www.betty-bbq.de"]}]}},"jetpack_sharing_enabled":true,"_links":{"self":[{"href":"https:\/\/betty-bbq.de\/cms\/wp-json\/wp\/v2\/pages\/1686","targetHints":{"allow":["GET"]}}],"collection":[{"href":"https:\/\/betty-bbq.de\/cms\/wp-json\/wp\/v2\/pages"}],"about":[{"href":"https:\/\/betty-bbq.de\/cms\/wp-json\/wp\/v2\/types\/page"}],"author":[{"embeddable":true,"href":"https:\/\/betty-bbq.de\/cms\/wp-json\/wp\/v2\/users\/2"}],"replies":[{"embeddable":true,"href":"https:\/\/betty-bbq.de\/cms\/wp-json\/wp\/v2\/comments?post=1686"}],"version-history":[{"count":10,"href":"https:\/\/betty-bbq.de\/cms\/wp-json\/wp\/v2\/pages\/1686\/revisions"}],"predecessor-version":[{"id":1805,"href":"https:\/\/betty-bbq.de\/cms\/wp-json\/wp\/v2\/pages\/1686\/revisions\/1805"}],"wp:attachment":[{"href":"https:\/\/betty-bbq.de\/cms\/wp-json\/wp\/v2\/media?parent=1686"}],"curies":[{"name":"wp","href":"https:\/\/api.w.org\/{rel}","templated":true}]}}