{"id":1615,"date":"2020-10-20T20:20:59","date_gmt":"2020-10-20T18:20:59","guid":{"rendered":"https:\/\/betty-bbq.com\/cms\/?page_id=1615"},"modified":"2020-10-23T14:14:16","modified_gmt":"2020-10-23T12:14:16","slug":"autogrammwuensche","status":"publish","type":"page","link":"https:\/\/betty-bbq.de\/cms\/autogrammwuensche\/","title":{"rendered":"Autogrammw\u00fcnsche und Widmungsanfragen"},"content":{"rendered":"[vc_row][vc_column][vc_single_image image=&#8220;619&#8243; css_animation=&#8220;bounceInDown&#8220;][\/vc_column][\/vc_row][vc_row max_width=&#8220;50&#8243;][vc_column][vc_column_text]\n<h1>Betty BBQ erf\u00fcllt Euch gerne Eure Autogrammw\u00fcnsche und Widmungsanfragen!<\/h1>\n<p>Wir freuen uns \u00fcber jeden Autogrammwunsch und Widmungsanfrage. Da uns hierzu viele Anfragen erreichen, bitten wir um Eure Mithilfe. Nur so k\u00f6nnen wir eine schnellst m\u00f6gliche Bearbeitung sicherstellen.<\/p>\n<p>Bitte sendet Eure Autogrammw\u00fcnsche<\/p>\n<ul>\n<li>an die untenstehende Adresse<\/li>\n<li>und legt einen bereits ausreichend frankierten und adressierten R\u00fcckumschlag (mind. im Format f\u00fcr DIN A5- oder A4-Sendungen) dem Brief bei.<\/li>\n<\/ul>\n<p><span style=\"color: #ff0000;\">Bitte beachten: Autogrammkarten mit h\u00e4ndischer Unterschrift oder individueller Widmung\/Gr\u00fc\u00dfen von Betty BBQ k\u00f6nnen im Webshop bestellt werden, dazu bitte <a href=\"https:\/\/betty-bbq.com\/cms\/produkt-kategorie\/bilder-und-zeichnungen\/\" target=\"_blank\" rel=\"noopener noreferrer\">&gt;hier klicken&lt;<\/a><\/span><\/p>\n<p><a href=\"https:\/\/betty-bbq.com\/cms\/produkt-kategorie\/bilder-und-zeichnungen\/\" target=\"_blank\" rel=\"noopener noreferrer\"><img loading=\"lazy\" decoding=\"async\" class=\"aligncenter wp-image-761 size-thumbnail\" src=\"https:\/\/betty-bbq.com\/cms\/wp-content\/uploads\/2020\/03\/gutschein-150x150.png\" alt=\"\" width=\"150\" height=\"150\" srcset=\"https:\/\/betty-bbq.de\/cms\/wp-content\/uploads\/2020\/03\/gutschein-150x150.png 150w, https:\/\/betty-bbq.de\/cms\/wp-content\/uploads\/2020\/03\/gutschein-300x300.png 300w, https:\/\/betty-bbq.de\/cms\/wp-content\/uploads\/2020\/03\/gutschein-768x769.png 768w, https:\/\/betty-bbq.de\/cms\/wp-content\/uploads\/2020\/03\/gutschein.png 800w\" sizes=\"auto, (max-width: 150px) 100vw, 150px\" \/><\/a><\/p>\n<p>Bitte sendet Eure Autogrammw\u00fcnsche (wie oben beschrieben) an:<\/p>\n<p style=\"padding-left: 40px;\"><strong>Betty BBQ Travestie &amp; Entertainment<\/strong><br \/>\n<strong>Stichwort &#8222;Autogrammwunsch&#8220;<\/strong><br \/>\n<strong>Bernhardstr 6<\/strong><br \/>\n<strong>D-79098 Freiburg<\/strong><\/p>\n[\/vc_column_text][\/vc_column][\/vc_row]\n","protected":false},"excerpt":{"rendered":"<p>[vc_row][vc_column][vc_single_image image=&#8220;619&#8243; css_animation=&#8220;bounceInDown&#8220;][\/vc_column][\/vc_row][vc_row max_width=&#8220;50&#8243;][vc_column][vc_column_text] Betty BBQ erf\u00fcllt Euch gerne Eure Autogrammw\u00fcnsche und Widmungsanfragen! Wir freuen uns \u00fcber jeden Autogrammwunsch und Widmungsanfrage. Da uns hierzu viele Anfragen erreichen, bitten wir um Eure Mithilfe. Nur so k\u00f6nnen wir eine schnellst m\u00f6gliche Bearbeitung&hellip;<\/p>\n","protected":false},"author":6,"featured_media":0,"parent":0,"menu_order":0,"comment_status":"closed","ping_status":"closed","template":"","meta":{"footnotes":""},"class_list":["post-1615","page","type-page","status-publish","hentry","entry","no-media"],"yoast_head":"<!-- This site is optimized with the Yoast SEO plugin v27.4 - https:\/\/yoast.com\/product\/yoast-seo-wordpress\/ -->\n<title>Autogrammw\u00fcnsche und Widmungsanfragen - Betty BBQ<\/title>\n<meta name=\"robots\" content=\"index, follow, max-snippet:-1, max-image-preview:large, max-video-preview:-1\" \/>\n<link rel=\"canonical\" href=\"https:\/\/betty-bbq.de\/cms\/autogrammwuensche\/\" \/>\n<meta property=\"og:locale\" content=\"de_DE\" \/>\n<meta property=\"og:type\" content=\"article\" \/>\n<meta property=\"og:title\" content=\"Autogrammw\u00fcnsche und Widmungsanfragen - Betty BBQ\" \/>\n<meta property=\"og:description\" content=\"[vc_row][vc_column][vc_single_image image=&#8220;619&#8243; css_animation=&#8220;bounceInDown&#8220;][\/vc_column][\/vc_row][vc_row max_width=&#8220;50&#8243;][vc_column][vc_column_text] Betty BBQ erf\u00fcllt Euch gerne Eure Autogrammw\u00fcnsche und Widmungsanfragen! Wir freuen uns \u00fcber jeden Autogrammwunsch und Widmungsanfrage. Da uns hierzu viele Anfragen erreichen, bitten wir um Eure Mithilfe. Nur so k\u00f6nnen wir eine schnellst m\u00f6gliche Bearbeitung&hellip;\" \/>\n<meta property=\"og:url\" content=\"https:\/\/betty-bbq.de\/cms\/autogrammwuensche\/\" \/>\n<meta property=\"og:site_name\" content=\"Betty BBQ\" \/>\n<meta property=\"article:modified_time\" content=\"2020-10-23T12:14:16+00:00\" \/>\n<meta property=\"og:image\" content=\"https:\/\/betty-bbq.com\/cms\/wp-content\/uploads\/2020\/03\/gutschein-150x150.png\" \/>\n<meta name=\"twitter:card\" content=\"summary_large_image\" \/>\n<meta name=\"twitter:label1\" content=\"Gesch\u00e4tzte Lesezeit\" \/>\n\t<meta name=\"twitter:data1\" content=\"1\u00a0Minute\" \/>\n<script type=\"application\/ld+json\" class=\"yoast-schema-graph\">{\"@context\":\"https:\\\/\\\/schema.org\",\"@graph\":[{\"@type\":\"WebPage\",\"@id\":\"https:\\\/\\\/betty-bbq.de\\\/cms\\\/autogrammwuensche\\\/\",\"url\":\"https:\\\/\\\/betty-bbq.de\\\/cms\\\/autogrammwuensche\\\/\",\"name\":\"Autogrammw\u00fcnsche und Widmungsanfragen - Betty BBQ\",\"isPartOf\":{\"@id\":\"https:\\\/\\\/betty-bbq.de\\\/cms\\\/#website\"},\"primaryImageOfPage\":{\"@id\":\"https:\\\/\\\/betty-bbq.de\\\/cms\\\/autogrammwuensche\\\/#primaryimage\"},\"image\":{\"@id\":\"https:\\\/\\\/betty-bbq.de\\\/cms\\\/autogrammwuensche\\\/#primaryimage\"},\"thumbnailUrl\":\"https:\\\/\\\/betty-bbq.com\\\/cms\\\/wp-content\\\/uploads\\\/2020\\\/03\\\/gutschein-150x150.png\",\"datePublished\":\"2020-10-20T18:20:59+00:00\",\"dateModified\":\"2020-10-23T12:14:16+00:00\",\"breadcrumb\":{\"@id\":\"https:\\\/\\\/betty-bbq.de\\\/cms\\\/autogrammwuensche\\\/#breadcrumb\"},\"inLanguage\":\"de\",\"potentialAction\":[{\"@type\":\"ReadAction\",\"target\":[\"https:\\\/\\\/betty-bbq.de\\\/cms\\\/autogrammwuensche\\\/\"]}]},{\"@type\":\"ImageObject\",\"inLanguage\":\"de\",\"@id\":\"https:\\\/\\\/betty-bbq.de\\\/cms\\\/autogrammwuensche\\\/#primaryimage\",\"url\":\"https:\\\/\\\/betty-bbq.com\\\/cms\\\/wp-content\\\/uploads\\\/2020\\\/03\\\/gutschein-150x150.png\",\"contentUrl\":\"https:\\\/\\\/betty-bbq.com\\\/cms\\\/wp-content\\\/uploads\\\/2020\\\/03\\\/gutschein-150x150.png\"},{\"@type\":\"BreadcrumbList\",\"@id\":\"https:\\\/\\\/betty-bbq.de\\\/cms\\\/autogrammwuensche\\\/#breadcrumb\",\"itemListElement\":[{\"@type\":\"ListItem\",\"position\":1,\"name\":\"Startseite\",\"item\":\"https:\\\/\\\/betty-bbq.de\\\/cms\\\/\"},{\"@type\":\"ListItem\",\"position\":2,\"name\":\"Autogrammw\u00fcnsche und Widmungsanfragen\"}]},{\"@type\":\"WebSite\",\"@id\":\"https:\\\/\\\/betty-bbq.de\\\/cms\\\/#website\",\"url\":\"https:\\\/\\\/betty-bbq.de\\\/cms\\\/\",\"name\":\"Fr\u00e4ulein Betty BBQ - Schwarzwald Drag Queen, Schorlek\u00f6nigin, Entertainerin\",\"description\":\"Betty BBQ Travestie &amp; Entertainment\",\"publisher\":{\"@id\":\"https:\\\/\\\/betty-bbq.de\\\/cms\\\/#\\\/schema\\\/person\\\/6e6c45463a3cf44a5334be285fffb4b1\"},\"potentialAction\":[{\"@type\":\"SearchAction\",\"target\":{\"@type\":\"EntryPoint\",\"urlTemplate\":\"https:\\\/\\\/betty-bbq.de\\\/cms\\\/?s={search_term_string}\"},\"query-input\":{\"@type\":\"PropertyValueSpecification\",\"valueRequired\":true,\"valueName\":\"search_term_string\"}}],\"inLanguage\":\"de\"},{\"@type\":[\"Person\",\"Organization\"],\"@id\":\"https:\\\/\\\/betty-bbq.de\\\/cms\\\/#\\\/schema\\\/person\\\/6e6c45463a3cf44a5334be285fffb4b1\",\"name\":\"Betty BBQ\",\"image\":{\"@type\":\"ImageObject\",\"inLanguage\":\"de\",\"@id\":\"https:\\\/\\\/betty-bbq.de\\\/cms\\\/wp-content\\\/uploads\\\/2018\\\/10\\\/BettyBBQ-Logo.png\",\"url\":\"https:\\\/\\\/betty-bbq.de\\\/cms\\\/wp-content\\\/uploads\\\/2018\\\/10\\\/BettyBBQ-Logo.png\",\"contentUrl\":\"https:\\\/\\\/betty-bbq.de\\\/cms\\\/wp-content\\\/uploads\\\/2018\\\/10\\\/BettyBBQ-Logo.png\",\"width\":365,\"height\":365,\"caption\":\"Betty BBQ\"},\"logo\":{\"@id\":\"https:\\\/\\\/betty-bbq.de\\\/cms\\\/wp-content\\\/uploads\\\/2018\\\/10\\\/BettyBBQ-Logo.png\"},\"sameAs\":[\"http:\\\/\\\/www.betty-bbq.de\"]}]}<\/script>\n<!-- \/ Yoast SEO plugin. -->","yoast_head_json":{"title":"Autogrammw\u00fcnsche und Widmungsanfragen - Betty BBQ","robots":{"index":"index","follow":"follow","max-snippet":"max-snippet:-1","max-image-preview":"max-image-preview:large","max-video-preview":"max-video-preview:-1"},"canonical":"https:\/\/betty-bbq.de\/cms\/autogrammwuensche\/","og_locale":"de_DE","og_type":"article","og_title":"Autogrammw\u00fcnsche und Widmungsanfragen - Betty BBQ","og_description":"[vc_row][vc_column][vc_single_image image=&#8220;619&#8243; css_animation=&#8220;bounceInDown&#8220;][\/vc_column][\/vc_row][vc_row max_width=&#8220;50&#8243;][vc_column][vc_column_text] Betty BBQ erf\u00fcllt Euch gerne Eure Autogrammw\u00fcnsche und Widmungsanfragen! Wir freuen uns \u00fcber jeden Autogrammwunsch und Widmungsanfrage. Da uns hierzu viele Anfragen erreichen, bitten wir um Eure Mithilfe. Nur so k\u00f6nnen wir eine schnellst m\u00f6gliche Bearbeitung&hellip;","og_url":"https:\/\/betty-bbq.de\/cms\/autogrammwuensche\/","og_site_name":"Betty BBQ","article_modified_time":"2020-10-23T12:14:16+00:00","og_image":[{"url":"https:\/\/betty-bbq.com\/cms\/wp-content\/uploads\/2020\/03\/gutschein-150x150.png","type":"","width":"","height":""}],"twitter_card":"summary_large_image","twitter_misc":{"Gesch\u00e4tzte Lesezeit":"1\u00a0Minute"},"schema":{"@context":"https:\/\/schema.org","@graph":[{"@type":"WebPage","@id":"https:\/\/betty-bbq.de\/cms\/autogrammwuensche\/","url":"https:\/\/betty-bbq.de\/cms\/autogrammwuensche\/","name":"Autogrammw\u00fcnsche und Widmungsanfragen - Betty BBQ","isPartOf":{"@id":"https:\/\/betty-bbq.de\/cms\/#website"},"primaryImageOfPage":{"@id":"https:\/\/betty-bbq.de\/cms\/autogrammwuensche\/#primaryimage"},"image":{"@id":"https:\/\/betty-bbq.de\/cms\/autogrammwuensche\/#primaryimage"},"thumbnailUrl":"https:\/\/betty-bbq.com\/cms\/wp-content\/uploads\/2020\/03\/gutschein-150x150.png","datePublished":"2020-10-20T18:20:59+00:00","dateModified":"2020-10-23T12:14:16+00:00","breadcrumb":{"@id":"https:\/\/betty-bbq.de\/cms\/autogrammwuensche\/#breadcrumb"},"inLanguage":"de","potentialAction":[{"@type":"ReadAction","target":["https:\/\/betty-bbq.de\/cms\/autogrammwuensche\/"]}]},{"@type":"ImageObject","inLanguage":"de","@id":"https:\/\/betty-bbq.de\/cms\/autogrammwuensche\/#primaryimage","url":"https:\/\/betty-bbq.com\/cms\/wp-content\/uploads\/2020\/03\/gutschein-150x150.png","contentUrl":"https:\/\/betty-bbq.com\/cms\/wp-content\/uploads\/2020\/03\/gutschein-150x150.png"},{"@type":"BreadcrumbList","@id":"https:\/\/betty-bbq.de\/cms\/autogrammwuensche\/#breadcrumb","itemListElement":[{"@type":"ListItem","position":1,"name":"Startseite","item":"https:\/\/betty-bbq.de\/cms\/"},{"@type":"ListItem","position":2,"name":"Autogrammw\u00fcnsche und Widmungsanfragen"}]},{"@type":"WebSite","@id":"https:\/\/betty-bbq.de\/cms\/#website","url":"https:\/\/betty-bbq.de\/cms\/","name":"Fr\u00e4ulein Betty BBQ - Schwarzwald Drag Queen, Schorlek\u00f6nigin, Entertainerin","description":"Betty BBQ Travestie &amp; Entertainment","publisher":{"@id":"https:\/\/betty-bbq.de\/cms\/#\/schema\/person\/6e6c45463a3cf44a5334be285fffb4b1"},"potentialAction":[{"@type":"SearchAction","target":{"@type":"EntryPoint","urlTemplate":"https:\/\/betty-bbq.de\/cms\/?s={search_term_string}"},"query-input":{"@type":"PropertyValueSpecification","valueRequired":true,"valueName":"search_term_string"}}],"inLanguage":"de"},{"@type":["Person","Organization"],"@id":"https:\/\/betty-bbq.de\/cms\/#\/schema\/person\/6e6c45463a3cf44a5334be285fffb4b1","name":"Betty BBQ","image":{"@type":"ImageObject","inLanguage":"de","@id":"https:\/\/betty-bbq.de\/cms\/wp-content\/uploads\/2018\/10\/BettyBBQ-Logo.png","url":"https:\/\/betty-bbq.de\/cms\/wp-content\/uploads\/2018\/10\/BettyBBQ-Logo.png","contentUrl":"https:\/\/betty-bbq.de\/cms\/wp-content\/uploads\/2018\/10\/BettyBBQ-Logo.png","width":365,"height":365,"caption":"Betty BBQ"},"logo":{"@id":"https:\/\/betty-bbq.de\/cms\/wp-content\/uploads\/2018\/10\/BettyBBQ-Logo.png"},"sameAs":["http:\/\/www.betty-bbq.de"]}]}},"jetpack_sharing_enabled":true,"_links":{"self":[{"href":"https:\/\/betty-bbq.de\/cms\/wp-json\/wp\/v2\/pages\/1615","targetHints":{"allow":["GET"]}}],"collection":[{"href":"https:\/\/betty-bbq.de\/cms\/wp-json\/wp\/v2\/pages"}],"about":[{"href":"https:\/\/betty-bbq.de\/cms\/wp-json\/wp\/v2\/types\/page"}],"author":[{"embeddable":true,"href":"https:\/\/betty-bbq.de\/cms\/wp-json\/wp\/v2\/users\/6"}],"replies":[{"embeddable":true,"href":"https:\/\/betty-bbq.de\/cms\/wp-json\/wp\/v2\/comments?post=1615"}],"version-history":[{"count":6,"href":"https:\/\/betty-bbq.de\/cms\/wp-json\/wp\/v2\/pages\/1615\/revisions"}],"predecessor-version":[{"id":1631,"href":"https:\/\/betty-bbq.de\/cms\/wp-json\/wp\/v2\/pages\/1615\/revisions\/1631"}],"wp:attachment":[{"href":"https:\/\/betty-bbq.de\/cms\/wp-json\/wp\/v2\/media?parent=1615"}],"curies":[{"name":"wp","href":"https:\/\/api.w.org\/{rel}","templated":true}]}}