{"id":907,"date":"2020-05-24T22:37:14","date_gmt":"2020-05-24T20:37:14","guid":{"rendered":"https:\/\/betty-bbq.com\/cms\/?post_type=product&#038;p=907"},"modified":"2024-02-23T15:18:25","modified_gmt":"2024-02-23T14:18:25","slug":"mensch-betty-das-comicbuechlein-zur-krise-mit-schwarzwald-drag-queen-betty-bbq-q5-148x148mm-24-seiten","status":"publish","type":"product","link":"https:\/\/betty-bbq.de\/cms\/en\/produkt\/mensch-betty-das-comicbuechlein-zur-krise-mit-schwarzwald-drag-queen-betty-bbq-q5-148x148mm-24-seiten\/","title":{"rendered":"MENSCH, Betty! &#8211; Das Comicb\u00fcchlein zur Krise mit Schwarzwald Drag Queen Betty BBQ. Q5 (148x148mm), 24 Seiten."},"content":{"rendered":"<p><strong>Zum Comicb\u00fcchlein:<\/strong><\/p>\n<p>Das Jahr 2020 versprach Gro\u00dfartiges f\u00fcr Betty BBQ. Dass dies dann alles einem Coronavirus weichen musste, das erwischte unsere Grande Madame Freiburgs hart. Den Kopf h\u00e4ngen lassen und alles fallen lassen? Das kam gar nicht in die T\u00fcte!<\/p>\n<p>Und so kam es mit der Betty BBQ freundschaftlich verbundenen Illustratorin Steph Burlefinger zu einer wunderbaren Symbiose: Bettys Witz und Charme und Stephs Blick f\u00fcr Details und ihre gro\u00dfartige F\u00e4higkeit, stets mit einem Augenzwinkern zu illustrieren, bescherten uns an vielen Tagen des &#8220;Shutwdowns&#8221; in den Monaten M\u00e4rz und April gar wunderbare, charmante und witzige Bilder zu Betty BBQ in der Coronavirus-Krise.<\/p>\n<p>Und das wurde so toll und beliebt, dass Steph gar nicht mehr aufh\u00f6ren konnte und wollte. Eine Auswahl der vielen originellen und spannenden Bilder &#8211; vielmehr eigentlich schon Geschichten &#8211; ver\u00f6ffentlichen Betty und Steph gemeinsam in diesem Comicb\u00fcchlein &#8220;MENSCH, Betty!&#8221;. Wir w\u00fcnschen viel Spa\u00df beim Lesen, Bl\u00e4ttern und Freuen!<\/p>\n<p>Mit einem lieben Gru\u00dfwort des Freiburger Oberb\u00fcrgermeisters Martin Horn.<\/p>\n<p>&nbsp;<\/p>\n<p><em>Produktdaten: 2. Auflage 2021. Brosch\u00fcre Q5 (148x148mm), 24 Seiten gesamt, Umschlag (4 Seiten): 4\/4-farbig (Euroskala), Bilderdruck gl\u00e4nzend 250g\/m\u00b2; Inhalt (20 Seiten): 4\/4-farbig (Euroskala), Bilderdruck gl\u00e4nzend 170g\/m\u00b2, Drahtr\u00fcckstichheftung (Klammer).<\/em><\/p>\n<p>&nbsp;<\/p>\n<p><strong>Zur Illustratorin Steph Burlefinger:<\/strong><\/p>\n<p>Steph Burlefinger zeichnet und wimmelt sich in unsere Herzen! Die bekannte Wimmelbuch-Illustratorin Steph Burlefinger\u00a0 und Schwarzwald Drag Queen Betty BBQ hatten sich kennen und sch\u00e4tzen gelernt, die beiden verbindet das offene Herz, die Liebe zu Freiburg und den Willen, diese Welt etwas bunter zu machen.<\/p>\n<p>Steph Burlefinger, Jahrgang 1975, lebt mit Hund, Katze, Maus, Tochter, Sohn und Mann bei Freiburg und illustriert mit einem Augenzwinkern. In ihrer Kindheit erklomm sie Vulkane auf Java und ritt auf Indianerpferden. Jetzt ist sie zwar erwachsen, aber sie hat heute noch genau so viel Spa\u00df wie damals!<\/p>\n","protected":false},"excerpt":{"rendered":"<p>Betty BBQs Witz und Charme und Steph Burlefingers Blick f\u00fcr Details und ihre gro\u00dfartige F\u00e4higkeit, stets mit einem Augenzwinkern zu illustrieren, bescherten uns an vielen Tagen des &#8220;Shutwdowns&#8221; in den Monaten M\u00e4rz und April gar wunderbare, charmante und witzige Bilder zu Betty BBQ in der Coronavirus-Krise. Eine Auswahl der vielen originellen und spannenden Bilder &#8211; vielmehr eigentlich schon Geschichten &#8211; ver\u00f6ffentlichen Betty und Steph gemeinsam in diesem Comicb\u00fcchlein &#8220;MENSCH, Betty!&#8221;.<\/p>\n<p><em>Produktdaten: 2. Auflage 2021. Brosch\u00fcre Q5 (148x148mm), 24 Seiten gesamt, Umschlag (4 Seiten): 4\/4-farbig (Euroskala), Bilderdruck gl\u00e4nzend 250g\/m\u00b2; Inhalt (20 Seiten): 4\/4-farbig (Euroskala), Bilderdruck gl\u00e4nzend 170g\/m\u00b2, Drahtr\u00fcckstichheftung (Klammer).<\/em><\/p>\n","protected":false},"featured_media":908,"comment_status":"open","ping_status":"closed","template":"","meta":[],"product_brand":[],"product_cat":[37,42],"product_tag":[],"class_list":{"0":"post-907","1":"product","2":"type-product","3":"status-publish","4":"has-post-thumbnail","6":"product_cat-bilder-und-zeichnungen","7":"product_cat-illustratorin-steph-burlefinger","8":"product_shipping_class-kleinware","9":"entry","10":"has-media","12":"first","13":"instock","14":"taxable","15":"shipping-taxable","16":"purchasable","17":"product-type-simple","18":"col","19":"wpex-woo-entry","20":"span_1_of_4"},"yoast_head":"<!-- This site is optimized with the Yoast SEO plugin v27.4 - https:\/\/yoast.com\/product\/yoast-seo-wordpress\/ -->\n<title>MENSCH, Betty! - Das Comicb\u00fcchlein zur Krise mit Schwarzwald Drag Queen Betty BBQ. Q5 (148x148mm), 24 Seiten. - Betty BBQ<\/title>\n<meta name=\"robots\" content=\"noindex, follow\" \/>\n<meta property=\"og:locale\" content=\"en_US\" \/>\n<meta property=\"og:type\" content=\"article\" \/>\n<meta property=\"og:title\" content=\"MENSCH, Betty! - Das Comicb\u00fcchlein zur Krise mit Schwarzwald Drag Queen Betty BBQ. Q5 (148x148mm), 24 Seiten. - Betty BBQ\" \/>\n<meta property=\"og:description\" content=\"Betty BBQs Witz und Charme und Steph Burlefingers Blick f\u00fcr Details und ihre gro\u00dfartige F\u00e4higkeit, stets mit einem Augenzwinkern zu illustrieren, bescherten uns an vielen Tagen des &quot;Shutwdowns&quot; in den Monaten M\u00e4rz und April gar wunderbare, charmante und witzige Bilder zu Betty BBQ in der Coronavirus-Krise. Eine Auswahl der vielen originellen und spannenden Bilder - vielmehr eigentlich schon Geschichten - ver\u00f6ffentlichen Betty und Steph gemeinsam in diesem Comicb\u00fcchlein &quot;MENSCH, Betty!&quot;.  Produktdaten: 2. Auflage 2021. Brosch\u00fcre Q5 (148x148mm), 24 Seiten gesamt, Umschlag (4 Seiten): 4\/4-farbig (Euroskala), Bilderdruck gl\u00e4nzend 250g\/m\u00b2; Inhalt (20 Seiten): 4\/4-farbig (Euroskala), Bilderdruck gl\u00e4nzend 170g\/m\u00b2, Drahtr\u00fcckstichheftung (Klammer).\" \/>\n<meta property=\"og:url\" content=\"https:\/\/betty-bbq.de\/cms\/en\/produkt\/mensch-betty-das-comicbuechlein-zur-krise-mit-schwarzwald-drag-queen-betty-bbq-q5-148x148mm-24-seiten\/\" \/>\n<meta property=\"og:site_name\" content=\"Betty BBQ\" \/>\n<meta property=\"article:modified_time\" content=\"2024-02-23T14:18:25+00:00\" \/>\n<meta property=\"og:image\" content=\"https:\/\/betty-bbq.de\/cms\/wp-content\/uploads\/2020\/05\/betty-u1.jpeg\" \/>\n\t<meta property=\"og:image:width\" content=\"480\" \/>\n\t<meta property=\"og:image:height\" content=\"480\" \/>\n\t<meta property=\"og:image:type\" content=\"image\/jpeg\" \/>\n<meta name=\"twitter:card\" content=\"summary_large_image\" \/>\n<meta name=\"twitter:label1\" content=\"Est. reading time\" \/>\n\t<meta name=\"twitter:data1\" content=\"2 minutes\" \/>\n<script type=\"application\/ld+json\" class=\"yoast-schema-graph\">{\"@context\":\"https:\\\/\\\/schema.org\",\"@graph\":[{\"@type\":\"WebPage\",\"@id\":\"https:\\\/\\\/betty-bbq.de\\\/cms\\\/en\\\/produkt\\\/mensch-betty-das-comicbuechlein-zur-krise-mit-schwarzwald-drag-queen-betty-bbq-q5-148x148mm-24-seiten\\\/\",\"url\":\"https:\\\/\\\/betty-bbq.de\\\/cms\\\/en\\\/produkt\\\/mensch-betty-das-comicbuechlein-zur-krise-mit-schwarzwald-drag-queen-betty-bbq-q5-148x148mm-24-seiten\\\/\",\"name\":\"MENSCH, Betty! - Das Comicb\u00fcchlein zur Krise mit Schwarzwald Drag Queen Betty BBQ. Q5 (148x148mm), 24 Seiten. - Betty BBQ\",\"isPartOf\":{\"@id\":\"https:\\\/\\\/betty-bbq.de\\\/cms\\\/en\\\/#website\"},\"primaryImageOfPage\":{\"@id\":\"https:\\\/\\\/betty-bbq.de\\\/cms\\\/en\\\/produkt\\\/mensch-betty-das-comicbuechlein-zur-krise-mit-schwarzwald-drag-queen-betty-bbq-q5-148x148mm-24-seiten\\\/#primaryimage\"},\"image\":{\"@id\":\"https:\\\/\\\/betty-bbq.de\\\/cms\\\/en\\\/produkt\\\/mensch-betty-das-comicbuechlein-zur-krise-mit-schwarzwald-drag-queen-betty-bbq-q5-148x148mm-24-seiten\\\/#primaryimage\"},\"thumbnailUrl\":\"https:\\\/\\\/betty-bbq.de\\\/cms\\\/wp-content\\\/uploads\\\/2020\\\/05\\\/betty-u1.jpeg\",\"datePublished\":\"2020-05-24T20:37:14+00:00\",\"dateModified\":\"2024-02-23T14:18:25+00:00\",\"breadcrumb\":{\"@id\":\"https:\\\/\\\/betty-bbq.de\\\/cms\\\/en\\\/produkt\\\/mensch-betty-das-comicbuechlein-zur-krise-mit-schwarzwald-drag-queen-betty-bbq-q5-148x148mm-24-seiten\\\/#breadcrumb\"},\"inLanguage\":\"en-US\",\"potentialAction\":[{\"@type\":\"ReadAction\",\"target\":[\"https:\\\/\\\/betty-bbq.de\\\/cms\\\/en\\\/produkt\\\/mensch-betty-das-comicbuechlein-zur-krise-mit-schwarzwald-drag-queen-betty-bbq-q5-148x148mm-24-seiten\\\/\"]}]},{\"@type\":\"ImageObject\",\"inLanguage\":\"en-US\",\"@id\":\"https:\\\/\\\/betty-bbq.de\\\/cms\\\/en\\\/produkt\\\/mensch-betty-das-comicbuechlein-zur-krise-mit-schwarzwald-drag-queen-betty-bbq-q5-148x148mm-24-seiten\\\/#primaryimage\",\"url\":\"https:\\\/\\\/betty-bbq.de\\\/cms\\\/wp-content\\\/uploads\\\/2020\\\/05\\\/betty-u1.jpeg\",\"contentUrl\":\"https:\\\/\\\/betty-bbq.de\\\/cms\\\/wp-content\\\/uploads\\\/2020\\\/05\\\/betty-u1.jpeg\",\"width\":480,\"height\":480,\"caption\":\"GOSH, Betty! - The comic book on the crisis with Black Forest Drag Queen Betty BBQ\"},{\"@type\":\"BreadcrumbList\",\"@id\":\"https:\\\/\\\/betty-bbq.de\\\/cms\\\/en\\\/produkt\\\/mensch-betty-das-comicbuechlein-zur-krise-mit-schwarzwald-drag-queen-betty-bbq-q5-148x148mm-24-seiten\\\/#breadcrumb\",\"itemListElement\":[{\"@type\":\"ListItem\",\"position\":1,\"name\":\"Startseite\",\"item\":\"https:\\\/\\\/betty-bbq.de\\\/cms\\\/en\\\/\"},{\"@type\":\"ListItem\",\"position\":2,\"name\":\"Shop\",\"item\":\"https:\\\/\\\/betty-bbq.de\\\/cms\\\/shop\\\/\"},{\"@type\":\"ListItem\",\"position\":3,\"name\":\"MENSCH, Betty! &#8211; Das Comicb\u00fcchlein zur Krise mit Schwarzwald Drag Queen Betty BBQ. Q5 (148x148mm), 24 Seiten.\"}]},{\"@type\":\"WebSite\",\"@id\":\"https:\\\/\\\/betty-bbq.de\\\/cms\\\/en\\\/#website\",\"url\":\"https:\\\/\\\/betty-bbq.de\\\/cms\\\/en\\\/\",\"name\":\"Fr\u00e4ulein Betty BBQ - Schwarzwald Drag Queen, Schorlek\u00f6nigin, Entertainerin\",\"description\":\"Betty BBQ Travestie &amp; Entertainment\",\"publisher\":{\"@id\":\"https:\\\/\\\/betty-bbq.de\\\/cms\\\/en\\\/#\\\/schema\\\/person\\\/6e6c45463a3cf44a5334be285fffb4b1\"},\"potentialAction\":[{\"@type\":\"SearchAction\",\"target\":{\"@type\":\"EntryPoint\",\"urlTemplate\":\"https:\\\/\\\/betty-bbq.de\\\/cms\\\/en\\\/?s={search_term_string}\"},\"query-input\":{\"@type\":\"PropertyValueSpecification\",\"valueRequired\":true,\"valueName\":\"search_term_string\"}}],\"inLanguage\":\"en-US\"},{\"@type\":[\"Person\",\"Organization\"],\"@id\":\"https:\\\/\\\/betty-bbq.de\\\/cms\\\/en\\\/#\\\/schema\\\/person\\\/6e6c45463a3cf44a5334be285fffb4b1\",\"name\":\"Betty BBQ\",\"image\":{\"@type\":\"ImageObject\",\"inLanguage\":\"en-US\",\"@id\":\"https:\\\/\\\/betty-bbq.de\\\/cms\\\/wp-content\\\/uploads\\\/2018\\\/10\\\/BettyBBQ-Logo.png\",\"url\":\"https:\\\/\\\/betty-bbq.de\\\/cms\\\/wp-content\\\/uploads\\\/2018\\\/10\\\/BettyBBQ-Logo.png\",\"contentUrl\":\"https:\\\/\\\/betty-bbq.de\\\/cms\\\/wp-content\\\/uploads\\\/2018\\\/10\\\/BettyBBQ-Logo.png\",\"width\":365,\"height\":365,\"caption\":\"Betty BBQ\"},\"logo\":{\"@id\":\"https:\\\/\\\/betty-bbq.de\\\/cms\\\/wp-content\\\/uploads\\\/2018\\\/10\\\/BettyBBQ-Logo.png\"},\"sameAs\":[\"http:\\\/\\\/www.betty-bbq.de\"]}]}<\/script>\n<!-- \/ Yoast SEO plugin. -->","yoast_head_json":{"title":"MENSCH, Betty! - Das Comicb\u00fcchlein zur Krise mit Schwarzwald Drag Queen Betty BBQ. Q5 (148x148mm), 24 Seiten. - Betty BBQ","robots":{"index":"noindex","follow":"follow"},"og_locale":"en_US","og_type":"article","og_title":"MENSCH, Betty! - Das Comicb\u00fcchlein zur Krise mit Schwarzwald Drag Queen Betty BBQ. Q5 (148x148mm), 24 Seiten. - Betty BBQ","og_description":"Betty BBQs Witz und Charme und Steph Burlefingers Blick f\u00fcr Details und ihre gro\u00dfartige F\u00e4higkeit, stets mit einem Augenzwinkern zu illustrieren, bescherten uns an vielen Tagen des \"Shutwdowns\" in den Monaten M\u00e4rz und April gar wunderbare, charmante und witzige Bilder zu Betty BBQ in der Coronavirus-Krise. Eine Auswahl der vielen originellen und spannenden Bilder - vielmehr eigentlich schon Geschichten - ver\u00f6ffentlichen Betty und Steph gemeinsam in diesem Comicb\u00fcchlein \"MENSCH, Betty!\".  Produktdaten: 2. Auflage 2021. Brosch\u00fcre Q5 (148x148mm), 24 Seiten gesamt, Umschlag (4 Seiten): 4\/4-farbig (Euroskala), Bilderdruck gl\u00e4nzend 250g\/m\u00b2; Inhalt (20 Seiten): 4\/4-farbig (Euroskala), Bilderdruck gl\u00e4nzend 170g\/m\u00b2, Drahtr\u00fcckstichheftung (Klammer).","og_url":"https:\/\/betty-bbq.de\/cms\/en\/produkt\/mensch-betty-das-comicbuechlein-zur-krise-mit-schwarzwald-drag-queen-betty-bbq-q5-148x148mm-24-seiten\/","og_site_name":"Betty BBQ","article_modified_time":"2024-02-23T14:18:25+00:00","og_image":[{"width":480,"height":480,"url":"https:\/\/betty-bbq.de\/cms\/wp-content\/uploads\/2020\/05\/betty-u1.jpeg","type":"image\/jpeg"}],"twitter_card":"summary_large_image","twitter_misc":{"Est. reading time":"2 minutes"},"schema":{"@context":"https:\/\/schema.org","@graph":[{"@type":"WebPage","@id":"https:\/\/betty-bbq.de\/cms\/en\/produkt\/mensch-betty-das-comicbuechlein-zur-krise-mit-schwarzwald-drag-queen-betty-bbq-q5-148x148mm-24-seiten\/","url":"https:\/\/betty-bbq.de\/cms\/en\/produkt\/mensch-betty-das-comicbuechlein-zur-krise-mit-schwarzwald-drag-queen-betty-bbq-q5-148x148mm-24-seiten\/","name":"MENSCH, Betty! - Das Comicb\u00fcchlein zur Krise mit Schwarzwald Drag Queen Betty BBQ. Q5 (148x148mm), 24 Seiten. - Betty BBQ","isPartOf":{"@id":"https:\/\/betty-bbq.de\/cms\/en\/#website"},"primaryImageOfPage":{"@id":"https:\/\/betty-bbq.de\/cms\/en\/produkt\/mensch-betty-das-comicbuechlein-zur-krise-mit-schwarzwald-drag-queen-betty-bbq-q5-148x148mm-24-seiten\/#primaryimage"},"image":{"@id":"https:\/\/betty-bbq.de\/cms\/en\/produkt\/mensch-betty-das-comicbuechlein-zur-krise-mit-schwarzwald-drag-queen-betty-bbq-q5-148x148mm-24-seiten\/#primaryimage"},"thumbnailUrl":"https:\/\/betty-bbq.de\/cms\/wp-content\/uploads\/2020\/05\/betty-u1.jpeg","datePublished":"2020-05-24T20:37:14+00:00","dateModified":"2024-02-23T14:18:25+00:00","breadcrumb":{"@id":"https:\/\/betty-bbq.de\/cms\/en\/produkt\/mensch-betty-das-comicbuechlein-zur-krise-mit-schwarzwald-drag-queen-betty-bbq-q5-148x148mm-24-seiten\/#breadcrumb"},"inLanguage":"en-US","potentialAction":[{"@type":"ReadAction","target":["https:\/\/betty-bbq.de\/cms\/en\/produkt\/mensch-betty-das-comicbuechlein-zur-krise-mit-schwarzwald-drag-queen-betty-bbq-q5-148x148mm-24-seiten\/"]}]},{"@type":"ImageObject","inLanguage":"en-US","@id":"https:\/\/betty-bbq.de\/cms\/en\/produkt\/mensch-betty-das-comicbuechlein-zur-krise-mit-schwarzwald-drag-queen-betty-bbq-q5-148x148mm-24-seiten\/#primaryimage","url":"https:\/\/betty-bbq.de\/cms\/wp-content\/uploads\/2020\/05\/betty-u1.jpeg","contentUrl":"https:\/\/betty-bbq.de\/cms\/wp-content\/uploads\/2020\/05\/betty-u1.jpeg","width":480,"height":480,"caption":"GOSH, Betty! - The comic book on the crisis with Black Forest Drag Queen Betty BBQ"},{"@type":"BreadcrumbList","@id":"https:\/\/betty-bbq.de\/cms\/en\/produkt\/mensch-betty-das-comicbuechlein-zur-krise-mit-schwarzwald-drag-queen-betty-bbq-q5-148x148mm-24-seiten\/#breadcrumb","itemListElement":[{"@type":"ListItem","position":1,"name":"Startseite","item":"https:\/\/betty-bbq.de\/cms\/en\/"},{"@type":"ListItem","position":2,"name":"Shop","item":"https:\/\/betty-bbq.de\/cms\/shop\/"},{"@type":"ListItem","position":3,"name":"MENSCH, Betty! &#8211; Das Comicb\u00fcchlein zur Krise mit Schwarzwald Drag Queen Betty BBQ. Q5 (148x148mm), 24 Seiten."}]},{"@type":"WebSite","@id":"https:\/\/betty-bbq.de\/cms\/en\/#website","url":"https:\/\/betty-bbq.de\/cms\/en\/","name":"Fr\u00e4ulein Betty BBQ - Schwarzwald Drag Queen, Schorlek\u00f6nigin, Entertainerin","description":"Betty BBQ Travestie &amp; Entertainment","publisher":{"@id":"https:\/\/betty-bbq.de\/cms\/en\/#\/schema\/person\/6e6c45463a3cf44a5334be285fffb4b1"},"potentialAction":[{"@type":"SearchAction","target":{"@type":"EntryPoint","urlTemplate":"https:\/\/betty-bbq.de\/cms\/en\/?s={search_term_string}"},"query-input":{"@type":"PropertyValueSpecification","valueRequired":true,"valueName":"search_term_string"}}],"inLanguage":"en-US"},{"@type":["Person","Organization"],"@id":"https:\/\/betty-bbq.de\/cms\/en\/#\/schema\/person\/6e6c45463a3cf44a5334be285fffb4b1","name":"Betty BBQ","image":{"@type":"ImageObject","inLanguage":"en-US","@id":"https:\/\/betty-bbq.de\/cms\/wp-content\/uploads\/2018\/10\/BettyBBQ-Logo.png","url":"https:\/\/betty-bbq.de\/cms\/wp-content\/uploads\/2018\/10\/BettyBBQ-Logo.png","contentUrl":"https:\/\/betty-bbq.de\/cms\/wp-content\/uploads\/2018\/10\/BettyBBQ-Logo.png","width":365,"height":365,"caption":"Betty BBQ"},"logo":{"@id":"https:\/\/betty-bbq.de\/cms\/wp-content\/uploads\/2018\/10\/BettyBBQ-Logo.png"},"sameAs":["http:\/\/www.betty-bbq.de"]}]}},"jetpack_sharing_enabled":true,"_links":{"self":[{"href":"https:\/\/betty-bbq.de\/cms\/en\/wp-json\/wp\/v2\/product\/907","targetHints":{"allow":["GET"]}}],"collection":[{"href":"https:\/\/betty-bbq.de\/cms\/en\/wp-json\/wp\/v2\/product"}],"about":[{"href":"https:\/\/betty-bbq.de\/cms\/en\/wp-json\/wp\/v2\/types\/product"}],"replies":[{"embeddable":true,"href":"https:\/\/betty-bbq.de\/cms\/en\/wp-json\/wp\/v2\/comments?post=907"}],"wp:featuredmedia":[{"embeddable":true,"href":"https:\/\/betty-bbq.de\/cms\/en\/wp-json\/wp\/v2\/media\/908"}],"wp:attachment":[{"href":"https:\/\/betty-bbq.de\/cms\/en\/wp-json\/wp\/v2\/media?parent=907"}],"wp:term":[{"taxonomy":"product_brand","embeddable":true,"href":"https:\/\/betty-bbq.de\/cms\/en\/wp-json\/wp\/v2\/product_brand?post=907"},{"taxonomy":"product_cat","embeddable":true,"href":"https:\/\/betty-bbq.de\/cms\/en\/wp-json\/wp\/v2\/product_cat?post=907"},{"taxonomy":"product_tag","embeddable":true,"href":"https:\/\/betty-bbq.de\/cms\/en\/wp-json\/wp\/v2\/product_tag?post=907"}],"curies":[{"name":"wp","href":"https:\/\/api.w.org\/{rel}","templated":true}]}}