{"id":1035,"date":"2020-06-29T22:46:49","date_gmt":"2020-06-29T20:46:49","guid":{"rendered":"https:\/\/betty-bbq.com\/cms\/?post_type=product&#038;p=1035"},"modified":"2024-02-23T15:15:12","modified_gmt":"2024-02-23T14:15:12","slug":"original-betty-bbq-tasse-motiv-konterfei-betty_bbq-ausfuehrung-schwarz","status":"publish","type":"product","link":"https:\/\/betty-bbq.de\/cms\/en\/produkt\/original-betty-bbq-tasse-motiv-konterfei-betty_bbq-ausfuehrung-schwarz\/","title":{"rendered":"Original Betty BBQ Tasse, Motiv &#8220;Konterfei Betty BBQ&#8221;, Ausf\u00fchrung schwarz"},"content":{"rendered":"<p><strong>Ob morgens zum Aufstehen, mittags zum Energie tanken oder abends zum Tagesausklang: Die Original Betty BBQ-Tasse mit kreativen Motiv und in einer hochwertigen Ausf\u00fchrung begleitet Euch treu und stets mit einem L\u00e4cheln durch den Tag. Diese Tasse ist garantiert ein stilvoller Hingucker!<\/strong><\/p>\n<p>Zur Ausf\u00fchrung und dem Motiv: Die Keramik-Tasse ist au\u00dfen wei\u00df, der Henkel sowie der obere Tassenrand und die Innenseite sind in schwarz ausgef\u00fchrt. Bedruckt wurde diese Tasse mit dem Motiv &#8220;Konterfei Betty BBQ&#8221;, hierbei ist auf der einen Tassenseite das von einer britischen Pop-K\u00fcnstlerin angefertigte Konterfei von Betty BBQ zu sehen, auf der anderen Tassenseite das Motiv \u201eHeimat ist nicht nur schwarz-wei\u00df\u201c, eine von Betty BBQs Kernaussagen und Hauptbotschaften.<\/p>\n<p>&nbsp;<\/p>\n<p>Bitte beachten Sie folgende Informationen zum Produkt:<\/p>\n<ul>\n<li>Original Betty BBQ Tasse f\u00fcr Kalt- und Hei\u00dfgetr\u00e4nke<\/li>\n<li>Tasse wurde in Freiburg im Sublimationsdruck-Verfahren bedruckt (Motiv)<\/li>\n<li>Wei\u00dfe Keramik-Tasse mit farbigem Henkel und farbiger Innenseite<\/li>\n<li>Ma\u00dfe: H\u00f6he 95 mm, Durchmesser 82 mm, Gewicht 390 Gramm, F\u00fcllmenge max. 300 ml<\/li>\n<li>Sp\u00fclmaschinenfest (bis zu 2.000 Sp\u00fclg\u00e4nge ohne sichtbare Ver\u00e4nderung der Druckqualit\u00e4t, getestet nach BS EN 12875-4)<\/li>\n<li>Mikrowellenbest\u00e4ndig (getestet nach BS EN 15284:2007)<\/li>\n<li>Wir empfehlen zum Schutz des farbigen Tassenrands keine anderen Tassen auf dieser Tasse zu stapeln (z.B. im K\u00fcchenschrank)<\/li>\n<li>Nur f\u00fcr die private Nutzung bestimmt<\/li>\n<li>Vor der ersten Benutzung bitte sp\u00fclen<\/li>\n<li>Wir \u00fcbernehmen keine Produkthaftung<\/li>\n<\/ul>\n<p><em><strong>Hinweis zur Produktdarstellung auf den Produktbildern:<\/strong> Die Darstellung ist so originalgetreu\u00a0wie m\u00f6glich. Die tats\u00e4chliche Ausf\u00fchrung kann minimalst abweichen.<\/em><\/p>\n","protected":false},"excerpt":{"rendered":"<p><strong>Ob morgens zum Aufstehen, mittags zum Energie tanken oder abends zum Tagesausklang: Die Original Betty BBQ-Tasse mit kreativen Motiv und in einer hochwertigen Ausf\u00fchrung begleitet Euch treu und stets mit einem L\u00e4cheln durch den Tag. Diese Tasse ist garantiert ein stilvoller Hingucker!<\/strong><\/p>\n","protected":false},"featured_media":1037,"comment_status":"open","ping_status":"closed","template":"","meta":[],"product_brand":[],"product_cat":[44],"product_tag":[],"class_list":{"0":"post-1035","1":"product","2":"type-product","3":"status-publish","4":"has-post-thumbnail","6":"product_cat-tassen","7":"product_shipping_class-grossware","8":"entry","9":"has-media","11":"first","12":"outofstock","13":"sold-individually","14":"taxable","15":"shipping-taxable","16":"purchasable","17":"product-type-simple","18":"col","19":"wpex-woo-entry","20":"span_1_of_4"},"yoast_head":"<!-- This site is optimized with the Yoast SEO plugin v27.4 - https:\/\/yoast.com\/product\/yoast-seo-wordpress\/ -->\n<title>Original Betty BBQ Tasse, Motiv &quot;Konterfei Betty BBQ&quot;, Ausf\u00fchrung schwarz - Betty BBQ<\/title>\n<meta name=\"robots\" content=\"noindex, follow\" \/>\n<meta property=\"og:locale\" content=\"en_US\" \/>\n<meta property=\"og:type\" content=\"article\" \/>\n<meta property=\"og:title\" content=\"Original Betty BBQ Tasse, Motiv &quot;Konterfei Betty BBQ&quot;, Ausf\u00fchrung schwarz - Betty BBQ\" \/>\n<meta property=\"og:description\" content=\"Ob morgens zum Aufstehen, mittags zum Energie tanken oder abends zum Tagesausklang: Die Original Betty BBQ-Tasse mit kreativen Motiv und in einer hochwertigen Ausf\u00fchrung begleitet Euch treu und stets mit einem L\u00e4cheln durch den Tag. Diese Tasse ist garantiert ein stilvoller Hingucker!\" \/>\n<meta property=\"og:url\" content=\"https:\/\/betty-bbq.de\/cms\/en\/produkt\/original-betty-bbq-tasse-motiv-konterfei-betty_bbq-ausfuehrung-schwarz\/\" \/>\n<meta property=\"og:site_name\" content=\"Betty BBQ\" \/>\n<meta property=\"article:modified_time\" content=\"2024-02-23T14:15:12+00:00\" \/>\n<meta property=\"og:image\" content=\"https:\/\/betty-bbq.de\/cms\/wp-content\/uploads\/2020\/06\/P-rechts-scaled.jpg\" \/>\n\t<meta property=\"og:image:width\" content=\"2560\" \/>\n\t<meta property=\"og:image:height\" content=\"2560\" \/>\n\t<meta property=\"og:image:type\" content=\"image\/jpeg\" \/>\n<meta name=\"twitter:card\" content=\"summary_large_image\" \/>\n<meta name=\"twitter:label1\" content=\"Est. reading time\" \/>\n\t<meta name=\"twitter:data1\" content=\"2 minutes\" \/>\n<script type=\"application\/ld+json\" class=\"yoast-schema-graph\">{\"@context\":\"https:\\\/\\\/schema.org\",\"@graph\":[{\"@type\":\"WebPage\",\"@id\":\"https:\\\/\\\/betty-bbq.de\\\/cms\\\/en\\\/produkt\\\/original-betty-bbq-tasse-motiv-konterfei-betty_bbq-ausfuehrung-schwarz\\\/\",\"url\":\"https:\\\/\\\/betty-bbq.de\\\/cms\\\/en\\\/produkt\\\/original-betty-bbq-tasse-motiv-konterfei-betty_bbq-ausfuehrung-schwarz\\\/\",\"name\":\"Original Betty BBQ Tasse, Motiv \\\"Konterfei Betty BBQ\\\", Ausf\u00fchrung schwarz - Betty BBQ\",\"isPartOf\":{\"@id\":\"https:\\\/\\\/betty-bbq.de\\\/cms\\\/en\\\/#website\"},\"primaryImageOfPage\":{\"@id\":\"https:\\\/\\\/betty-bbq.de\\\/cms\\\/en\\\/produkt\\\/original-betty-bbq-tasse-motiv-konterfei-betty_bbq-ausfuehrung-schwarz\\\/#primaryimage\"},\"image\":{\"@id\":\"https:\\\/\\\/betty-bbq.de\\\/cms\\\/en\\\/produkt\\\/original-betty-bbq-tasse-motiv-konterfei-betty_bbq-ausfuehrung-schwarz\\\/#primaryimage\"},\"thumbnailUrl\":\"https:\\\/\\\/betty-bbq.de\\\/cms\\\/wp-content\\\/uploads\\\/2020\\\/06\\\/P-rechts-scaled.jpg\",\"datePublished\":\"2020-06-29T20:46:49+00:00\",\"dateModified\":\"2024-02-23T14:15:12+00:00\",\"breadcrumb\":{\"@id\":\"https:\\\/\\\/betty-bbq.de\\\/cms\\\/en\\\/produkt\\\/original-betty-bbq-tasse-motiv-konterfei-betty_bbq-ausfuehrung-schwarz\\\/#breadcrumb\"},\"inLanguage\":\"en-US\",\"potentialAction\":[{\"@type\":\"ReadAction\",\"target\":[\"https:\\\/\\\/betty-bbq.de\\\/cms\\\/en\\\/produkt\\\/original-betty-bbq-tasse-motiv-konterfei-betty_bbq-ausfuehrung-schwarz\\\/\"]}]},{\"@type\":\"ImageObject\",\"inLanguage\":\"en-US\",\"@id\":\"https:\\\/\\\/betty-bbq.de\\\/cms\\\/en\\\/produkt\\\/original-betty-bbq-tasse-motiv-konterfei-betty_bbq-ausfuehrung-schwarz\\\/#primaryimage\",\"url\":\"https:\\\/\\\/betty-bbq.de\\\/cms\\\/wp-content\\\/uploads\\\/2020\\\/06\\\/P-rechts-scaled.jpg\",\"contentUrl\":\"https:\\\/\\\/betty-bbq.de\\\/cms\\\/wp-content\\\/uploads\\\/2020\\\/06\\\/P-rechts-scaled.jpg\",\"width\":2560,\"height\":2560},{\"@type\":\"BreadcrumbList\",\"@id\":\"https:\\\/\\\/betty-bbq.de\\\/cms\\\/en\\\/produkt\\\/original-betty-bbq-tasse-motiv-konterfei-betty_bbq-ausfuehrung-schwarz\\\/#breadcrumb\",\"itemListElement\":[{\"@type\":\"ListItem\",\"position\":1,\"name\":\"Startseite\",\"item\":\"https:\\\/\\\/betty-bbq.de\\\/cms\\\/en\\\/\"},{\"@type\":\"ListItem\",\"position\":2,\"name\":\"Shop\",\"item\":\"https:\\\/\\\/betty-bbq.de\\\/cms\\\/shop\\\/\"},{\"@type\":\"ListItem\",\"position\":3,\"name\":\"Original Betty BBQ Tasse, Motiv &#8220;Konterfei Betty BBQ&#8221;, Ausf\u00fchrung schwarz\"}]},{\"@type\":\"WebSite\",\"@id\":\"https:\\\/\\\/betty-bbq.de\\\/cms\\\/en\\\/#website\",\"url\":\"https:\\\/\\\/betty-bbq.de\\\/cms\\\/en\\\/\",\"name\":\"Fr\u00e4ulein Betty BBQ - Schwarzwald Drag Queen, Schorlek\u00f6nigin, Entertainerin\",\"description\":\"Betty BBQ Travestie &amp; Entertainment\",\"publisher\":{\"@id\":\"https:\\\/\\\/betty-bbq.de\\\/cms\\\/en\\\/#\\\/schema\\\/person\\\/6e6c45463a3cf44a5334be285fffb4b1\"},\"potentialAction\":[{\"@type\":\"SearchAction\",\"target\":{\"@type\":\"EntryPoint\",\"urlTemplate\":\"https:\\\/\\\/betty-bbq.de\\\/cms\\\/en\\\/?s={search_term_string}\"},\"query-input\":{\"@type\":\"PropertyValueSpecification\",\"valueRequired\":true,\"valueName\":\"search_term_string\"}}],\"inLanguage\":\"en-US\"},{\"@type\":[\"Person\",\"Organization\"],\"@id\":\"https:\\\/\\\/betty-bbq.de\\\/cms\\\/en\\\/#\\\/schema\\\/person\\\/6e6c45463a3cf44a5334be285fffb4b1\",\"name\":\"Betty BBQ\",\"image\":{\"@type\":\"ImageObject\",\"inLanguage\":\"en-US\",\"@id\":\"https:\\\/\\\/betty-bbq.de\\\/cms\\\/wp-content\\\/uploads\\\/2018\\\/10\\\/BettyBBQ-Logo.png\",\"url\":\"https:\\\/\\\/betty-bbq.de\\\/cms\\\/wp-content\\\/uploads\\\/2018\\\/10\\\/BettyBBQ-Logo.png\",\"contentUrl\":\"https:\\\/\\\/betty-bbq.de\\\/cms\\\/wp-content\\\/uploads\\\/2018\\\/10\\\/BettyBBQ-Logo.png\",\"width\":365,\"height\":365,\"caption\":\"Betty BBQ\"},\"logo\":{\"@id\":\"https:\\\/\\\/betty-bbq.de\\\/cms\\\/wp-content\\\/uploads\\\/2018\\\/10\\\/BettyBBQ-Logo.png\"},\"sameAs\":[\"http:\\\/\\\/www.betty-bbq.de\"]}]}<\/script>\n<!-- \/ Yoast SEO plugin. -->","yoast_head_json":{"title":"Original Betty BBQ Tasse, Motiv \"Konterfei Betty BBQ\", Ausf\u00fchrung schwarz - Betty BBQ","robots":{"index":"noindex","follow":"follow"},"og_locale":"en_US","og_type":"article","og_title":"Original Betty BBQ Tasse, Motiv \"Konterfei Betty BBQ\", Ausf\u00fchrung schwarz - Betty BBQ","og_description":"Ob morgens zum Aufstehen, mittags zum Energie tanken oder abends zum Tagesausklang: Die Original Betty BBQ-Tasse mit kreativen Motiv und in einer hochwertigen Ausf\u00fchrung begleitet Euch treu und stets mit einem L\u00e4cheln durch den Tag. Diese Tasse ist garantiert ein stilvoller Hingucker!","og_url":"https:\/\/betty-bbq.de\/cms\/en\/produkt\/original-betty-bbq-tasse-motiv-konterfei-betty_bbq-ausfuehrung-schwarz\/","og_site_name":"Betty BBQ","article_modified_time":"2024-02-23T14:15:12+00:00","og_image":[{"width":2560,"height":2560,"url":"https:\/\/betty-bbq.de\/cms\/wp-content\/uploads\/2020\/06\/P-rechts-scaled.jpg","type":"image\/jpeg"}],"twitter_card":"summary_large_image","twitter_misc":{"Est. reading time":"2 minutes"},"schema":{"@context":"https:\/\/schema.org","@graph":[{"@type":"WebPage","@id":"https:\/\/betty-bbq.de\/cms\/en\/produkt\/original-betty-bbq-tasse-motiv-konterfei-betty_bbq-ausfuehrung-schwarz\/","url":"https:\/\/betty-bbq.de\/cms\/en\/produkt\/original-betty-bbq-tasse-motiv-konterfei-betty_bbq-ausfuehrung-schwarz\/","name":"Original Betty BBQ Tasse, Motiv \"Konterfei Betty BBQ\", Ausf\u00fchrung schwarz - Betty BBQ","isPartOf":{"@id":"https:\/\/betty-bbq.de\/cms\/en\/#website"},"primaryImageOfPage":{"@id":"https:\/\/betty-bbq.de\/cms\/en\/produkt\/original-betty-bbq-tasse-motiv-konterfei-betty_bbq-ausfuehrung-schwarz\/#primaryimage"},"image":{"@id":"https:\/\/betty-bbq.de\/cms\/en\/produkt\/original-betty-bbq-tasse-motiv-konterfei-betty_bbq-ausfuehrung-schwarz\/#primaryimage"},"thumbnailUrl":"https:\/\/betty-bbq.de\/cms\/wp-content\/uploads\/2020\/06\/P-rechts-scaled.jpg","datePublished":"2020-06-29T20:46:49+00:00","dateModified":"2024-02-23T14:15:12+00:00","breadcrumb":{"@id":"https:\/\/betty-bbq.de\/cms\/en\/produkt\/original-betty-bbq-tasse-motiv-konterfei-betty_bbq-ausfuehrung-schwarz\/#breadcrumb"},"inLanguage":"en-US","potentialAction":[{"@type":"ReadAction","target":["https:\/\/betty-bbq.de\/cms\/en\/produkt\/original-betty-bbq-tasse-motiv-konterfei-betty_bbq-ausfuehrung-schwarz\/"]}]},{"@type":"ImageObject","inLanguage":"en-US","@id":"https:\/\/betty-bbq.de\/cms\/en\/produkt\/original-betty-bbq-tasse-motiv-konterfei-betty_bbq-ausfuehrung-schwarz\/#primaryimage","url":"https:\/\/betty-bbq.de\/cms\/wp-content\/uploads\/2020\/06\/P-rechts-scaled.jpg","contentUrl":"https:\/\/betty-bbq.de\/cms\/wp-content\/uploads\/2020\/06\/P-rechts-scaled.jpg","width":2560,"height":2560},{"@type":"BreadcrumbList","@id":"https:\/\/betty-bbq.de\/cms\/en\/produkt\/original-betty-bbq-tasse-motiv-konterfei-betty_bbq-ausfuehrung-schwarz\/#breadcrumb","itemListElement":[{"@type":"ListItem","position":1,"name":"Startseite","item":"https:\/\/betty-bbq.de\/cms\/en\/"},{"@type":"ListItem","position":2,"name":"Shop","item":"https:\/\/betty-bbq.de\/cms\/shop\/"},{"@type":"ListItem","position":3,"name":"Original Betty BBQ Tasse, Motiv &#8220;Konterfei Betty BBQ&#8221;, Ausf\u00fchrung schwarz"}]},{"@type":"WebSite","@id":"https:\/\/betty-bbq.de\/cms\/en\/#website","url":"https:\/\/betty-bbq.de\/cms\/en\/","name":"Fr\u00e4ulein Betty BBQ - Schwarzwald Drag Queen, Schorlek\u00f6nigin, Entertainerin","description":"Betty BBQ Travestie &amp; Entertainment","publisher":{"@id":"https:\/\/betty-bbq.de\/cms\/en\/#\/schema\/person\/6e6c45463a3cf44a5334be285fffb4b1"},"potentialAction":[{"@type":"SearchAction","target":{"@type":"EntryPoint","urlTemplate":"https:\/\/betty-bbq.de\/cms\/en\/?s={search_term_string}"},"query-input":{"@type":"PropertyValueSpecification","valueRequired":true,"valueName":"search_term_string"}}],"inLanguage":"en-US"},{"@type":["Person","Organization"],"@id":"https:\/\/betty-bbq.de\/cms\/en\/#\/schema\/person\/6e6c45463a3cf44a5334be285fffb4b1","name":"Betty BBQ","image":{"@type":"ImageObject","inLanguage":"en-US","@id":"https:\/\/betty-bbq.de\/cms\/wp-content\/uploads\/2018\/10\/BettyBBQ-Logo.png","url":"https:\/\/betty-bbq.de\/cms\/wp-content\/uploads\/2018\/10\/BettyBBQ-Logo.png","contentUrl":"https:\/\/betty-bbq.de\/cms\/wp-content\/uploads\/2018\/10\/BettyBBQ-Logo.png","width":365,"height":365,"caption":"Betty BBQ"},"logo":{"@id":"https:\/\/betty-bbq.de\/cms\/wp-content\/uploads\/2018\/10\/BettyBBQ-Logo.png"},"sameAs":["http:\/\/www.betty-bbq.de"]}]}},"jetpack_sharing_enabled":true,"_links":{"self":[{"href":"https:\/\/betty-bbq.de\/cms\/en\/wp-json\/wp\/v2\/product\/1035","targetHints":{"allow":["GET"]}}],"collection":[{"href":"https:\/\/betty-bbq.de\/cms\/en\/wp-json\/wp\/v2\/product"}],"about":[{"href":"https:\/\/betty-bbq.de\/cms\/en\/wp-json\/wp\/v2\/types\/product"}],"replies":[{"embeddable":true,"href":"https:\/\/betty-bbq.de\/cms\/en\/wp-json\/wp\/v2\/comments?post=1035"}],"wp:featuredmedia":[{"embeddable":true,"href":"https:\/\/betty-bbq.de\/cms\/en\/wp-json\/wp\/v2\/media\/1037"}],"wp:attachment":[{"href":"https:\/\/betty-bbq.de\/cms\/en\/wp-json\/wp\/v2\/media?parent=1035"}],"wp:term":[{"taxonomy":"product_brand","embeddable":true,"href":"https:\/\/betty-bbq.de\/cms\/en\/wp-json\/wp\/v2\/product_brand?post=1035"},{"taxonomy":"product_cat","embeddable":true,"href":"https:\/\/betty-bbq.de\/cms\/en\/wp-json\/wp\/v2\/product_cat?post=1035"},{"taxonomy":"product_tag","embeddable":true,"href":"https:\/\/betty-bbq.de\/cms\/en\/wp-json\/wp\/v2\/product_tag?post=1035"}],"curies":[{"name":"wp","href":"https:\/\/api.w.org\/{rel}","templated":true}]}}