{"id":2451,"date":"2021-09-17T11:34:36","date_gmt":"2021-09-17T09:34:36","guid":{"rendered":"https:\/\/betty-bbq.com\/cms\/baechleputzer-stocky\/"},"modified":"2022-05-25T00:59:36","modified_gmt":"2022-05-24T22:59:36","slug":"baechleputzer-stocky","status":"publish","type":"page","link":"https:\/\/betty-bbq.de\/cms\/en\/baechleputzer-stocky\/","title":{"rendered":"B\u00e4chleputzer Stocky"},"content":{"rendered":"[vc_row][vc_column][vc_single_image image=&#8221;1798&#8243;][\/vc_column][\/vc_row][vc_row max_width=&#8221;50&#8243;][vc_column][vc_empty_space height=&#8221;40&#8243;][vc_column_text]\n<h1 class=\"basecontent-headline\"><span style=\"font-size: 18px;\">B\u00e4chleputzer Stocky<\/span><\/h1>\n<p class=\"basecontent-line-break-text\">The Freiburg B\u00e4chle as a historical irrigation and drainage system &#8211; an innovation from and in the Middle Ages &#8211; are the workplace of Alain, our real &#8220;B\u00e4chleputzer&#8221;, who is affectionately called &#8220;Stocky&#8221; by the people of Freiburg. Anyone who hears Stocky speak knows: &#8220;He&#8217;s from here.&#8221; Stocky speaks Alemannic &#8211; and the long-standing employee of the Freiburg Waste Management and City Cleaning GmbH (ASF Freiburg) is just as honest and direct. He has been working for the ASF for more than 20 years, and for more than 10 years he has been assigned to the \u201cFreiburger B\u00e4chleputzer\u201d based at the ASF. As a foreman, he is particularly responsible for the team and the cleaning and maintenance of the Freiburger B\u00e4chle.<\/p>\n<p class=\"basecontent-line-break-text\">Betty BBQ and Stocky got to know and appreciate each other as part of the Freiburg city anniversary 900+1 in 2020\/2021 &#8211; this has resulted in a friendship &#8211; and the idea of making the Freiburg B\u00e4chle experienceable and &#8220;understandable&#8221; for those interested with a city tour -bar\u201d to make.<\/p>\n<p>Like Bolle, we are delighted that we have been able to offer the following in the City Tour program since 2021 with the friendly support of the Freiburg waste management and city cleaning company (ASF Freiburg):<\/p>\n<p style=\"text-align: center;\"><span style=\"color: #000000;\"><a style=\"color: #000000;\" href=\"https:\/\/betty-bbq.com\/cms\/city-guide-touren\/baechle-spaziergang\/\" target=\"_blank\" rel=\"noopener\"><strong>&gt;&gt; STOCKY&#8217;S B\u00c4CHLE WALK &#8211; The B\u00e4chleputzer City Tour &#8211; with Stocky, the original B\u00e4chleputzer! &lt;&lt;<\/strong><\/a><\/span><\/p>\n<p>&nbsp;<\/p>\n<p>&nbsp;<\/p>\n<h1><\/h1>\n<h1 style=\"text-align: center;\"><span class=\"text-highlight\" style=\"color: #000000;\">Known from TV and radio!<\/span><\/h1>\n<p class=\"topline\" style=\"text-align: center;\"><span class=\"text-highlight\" style=\"color: #000000;\">SWR television from March 16, 2022.<\/span><\/p>\n<p class=\"topline\" style=\"text-align: center;\">UNIQUE TOUR FOR TOURISTS AND LOCALS<\/p>\n<h1 class=\"headline\" style=\"text-align: center;\">On tour through Freiburg with the B\u00e4chleputzer<\/h1>\n<p style=\"text-align: center;\">Stocky has a rare profession. He&#8217;s a brook cleaner.<\/p>\n<p style=\"text-align: center;\">And that only exists in Freiburg and there is an unusual city tour to go with it: the original B\u00e4chleputzer tour.<\/p>\n<p style=\"text-align: center;\"><span class=\"text-highlight\" style=\"color: #000000;\">The full SWR contribution and <a href=\"https:\/\/www.swr.de\/swraktuell\/baden-wuerttemberg\/suedbaden\/baechleputzer-tour-freiburg-100.html\"><strong>video<\/strong><\/a> contribution can be accessed on the <strong><a style=\"color: #000000;\" href=\"https:\/\/www.swr.de\/swraktuell\/baden-wuerttemberg\/suedbaden\/baechleputzer-tour-freiburg-100.html\">SWR website<\/a> .<\/strong><\/span><\/p>\n<p>&nbsp;<\/p>\n<p>&nbsp;<\/p>\n<p>&nbsp;<\/p>\n<p class=\"basecontent-line-break-text\" style=\"text-align: center;\"><span style=\"color: #800000;\"><strong>You are also welcome to visit B\u00e4chleputzer Stocky <\/strong><\/span><\/p>\n<p class=\"basecontent-line-break-text\" style=\"text-align: center;\"><strong>on <a href=\"https:\/\/www.instagram.com\/baechleputzerstocky\/\"><em>Instagram<\/em><\/a> &amp; on his <a href=\"https:\/\/freiburger-baechleputzer.de\/\"><em>website<\/em><\/a> !<\/strong><\/p>\n<p>&nbsp;<\/p>\n<p>&nbsp;<\/p>\n<p style=\"padding-left: 40px; text-align: center;\"><strong><span style=\"color: #993300;\">We would like to thank the wonderful <a style=\"color: #993300;\" href=\"https:\/\/www.harryderzeichner.de\/\">Harry the draftsman<\/a> for the great graphics and drawings provided for this city tour!<\/span><\/strong><\/p>\n<p style=\"padding-left: 40px; text-align: center;\"><strong><span style=\"color: #993300;\">As a draftsman, Harry the draftsman offers the highest quality, whether as a quick draftsman or as a commissioned artist, on site at your place or in his drawing studio. Get to know him and his work: <a style=\"color: #993300;\" href=\"https:\/\/www.harryderzeichner.de\/\">Website Harry the Draftsman<\/a> .<\/span><\/strong><\/p>\n[\/vc_column_text][vc_empty_space height=&#8221;40&#8243;][vc_single_image image=&#8221;1826&#8243; onclick=&#8221;custom_link&#8221; img_link_target=&#8221;_blank&#8221; link=&#8221;https:%2F%2Fbetty-bbq.com%2Fcms%2Fcity-guide-touren%2Fbaechle-spaziergang%2F|&#8221;][vc_empty_space height=&#8221;40&#8243;][\/vc_column][\/vc_row]\n","protected":false},"excerpt":{"rendered":"<p>[vc_row][vc_column][vc_single_image image=&#8221;1798&#8243;][\/vc_column][\/vc_row][vc_row max_width=&#8221;50&#8243;][vc_column][vc_empty_space height=&#8221;40&#8243;][vc_column_text] B\u00e4chleputzer Stocky The Freiburg B\u00e4chle as a historical irrigation and drainage system &#8211; an innovation from and in the Middle Ages &#8211; are the workplace of Alain, our real &#8220;B\u00e4chleputzer&#8221;, who is affectionately called &#8220;Stocky&#8221; by&hellip;<\/p>\n","protected":false},"author":1,"featured_media":0,"parent":0,"menu_order":0,"comment_status":"closed","ping_status":"closed","template":"","meta":{"footnotes":""},"class_list":["post-2451","page","type-page","status-publish","hentry","entry","no-media"],"yoast_head":"<!-- This site is optimized with the Yoast SEO plugin v27.5 - https:\/\/yoast.com\/product\/yoast-seo-wordpress\/ -->\n<title>B\u00e4chleputzer Stocky - Betty BBQ<\/title>\n<meta name=\"robots\" content=\"index, follow, max-snippet:-1, max-image-preview:large, max-video-preview:-1\" \/>\n<link rel=\"canonical\" href=\"https:\/\/betty-bbq.de\/cms\/en\/baechleputzer-stocky\/\" \/>\n<meta property=\"og:locale\" content=\"en_US\" \/>\n<meta property=\"og:type\" content=\"article\" \/>\n<meta property=\"og:title\" content=\"B\u00e4chleputzer Stocky - Betty BBQ\" \/>\n<meta property=\"og:description\" content=\"[vc_row][vc_column][vc_single_image image=&#8221;1798&#8243;][\/vc_column][\/vc_row][vc_row max_width=&#8221;50&#8243;][vc_column][vc_empty_space height=&#8221;40&#8243;][vc_column_text] B\u00e4chleputzer Stocky The Freiburg B\u00e4chle as a historical irrigation and drainage system &#8211; an innovation from and in the Middle Ages &#8211; are the workplace of Alain, our real &#8220;B\u00e4chleputzer&#8221;, who is affectionately called &#8220;Stocky&#8221; by&hellip;\" \/>\n<meta property=\"og:url\" content=\"https:\/\/betty-bbq.de\/cms\/en\/baechleputzer-stocky\/\" \/>\n<meta property=\"og:site_name\" content=\"Betty BBQ\" \/>\n<meta property=\"article:modified_time\" content=\"2022-05-24T22:59:36+00:00\" \/>\n<meta name=\"twitter:card\" content=\"summary_large_image\" \/>\n<meta name=\"twitter:label1\" content=\"Est. reading time\" \/>\n\t<meta name=\"twitter:data1\" content=\"2 minutes\" \/>\n<script type=\"application\/ld+json\" class=\"yoast-schema-graph\">{\"@context\":\"https:\\\/\\\/schema.org\",\"@graph\":[{\"@type\":\"WebPage\",\"@id\":\"https:\\\/\\\/betty-bbq.de\\\/cms\\\/en\\\/baechleputzer-stocky\\\/\",\"url\":\"https:\\\/\\\/betty-bbq.de\\\/cms\\\/en\\\/baechleputzer-stocky\\\/\",\"name\":\"B\u00e4chleputzer Stocky - Betty BBQ\",\"isPartOf\":{\"@id\":\"https:\\\/\\\/betty-bbq.de\\\/cms\\\/en\\\/#website\"},\"datePublished\":\"2021-09-17T09:34:36+00:00\",\"dateModified\":\"2022-05-24T22:59:36+00:00\",\"breadcrumb\":{\"@id\":\"https:\\\/\\\/betty-bbq.de\\\/cms\\\/en\\\/baechleputzer-stocky\\\/#breadcrumb\"},\"inLanguage\":\"en-US\",\"potentialAction\":[{\"@type\":\"ReadAction\",\"target\":[\"https:\\\/\\\/betty-bbq.de\\\/cms\\\/en\\\/baechleputzer-stocky\\\/\"]}]},{\"@type\":\"BreadcrumbList\",\"@id\":\"https:\\\/\\\/betty-bbq.de\\\/cms\\\/en\\\/baechleputzer-stocky\\\/#breadcrumb\",\"itemListElement\":[{\"@type\":\"ListItem\",\"position\":1,\"name\":\"Startseite\",\"item\":\"https:\\\/\\\/betty-bbq.de\\\/cms\\\/en\\\/\"},{\"@type\":\"ListItem\",\"position\":2,\"name\":\"B\u00e4chleputzer Stocky\"}]},{\"@type\":\"WebSite\",\"@id\":\"https:\\\/\\\/betty-bbq.de\\\/cms\\\/en\\\/#website\",\"url\":\"https:\\\/\\\/betty-bbq.de\\\/cms\\\/en\\\/\",\"name\":\"Fr\u00e4ulein Betty BBQ - Schwarzwald Drag Queen, Schorlek\u00f6nigin, Entertainerin\",\"description\":\"Betty BBQ Travestie &amp; Entertainment\",\"publisher\":{\"@id\":\"https:\\\/\\\/betty-bbq.de\\\/cms\\\/en\\\/#\\\/schema\\\/person\\\/6e6c45463a3cf44a5334be285fffb4b1\"},\"potentialAction\":[{\"@type\":\"SearchAction\",\"target\":{\"@type\":\"EntryPoint\",\"urlTemplate\":\"https:\\\/\\\/betty-bbq.de\\\/cms\\\/en\\\/?s={search_term_string}\"},\"query-input\":{\"@type\":\"PropertyValueSpecification\",\"valueRequired\":true,\"valueName\":\"search_term_string\"}}],\"inLanguage\":\"en-US\"},{\"@type\":[\"Person\",\"Organization\"],\"@id\":\"https:\\\/\\\/betty-bbq.de\\\/cms\\\/en\\\/#\\\/schema\\\/person\\\/6e6c45463a3cf44a5334be285fffb4b1\",\"name\":\"Betty BBQ\",\"image\":{\"@type\":\"ImageObject\",\"inLanguage\":\"en-US\",\"@id\":\"https:\\\/\\\/betty-bbq.de\\\/cms\\\/wp-content\\\/uploads\\\/2018\\\/10\\\/BettyBBQ-Logo.png\",\"url\":\"https:\\\/\\\/betty-bbq.de\\\/cms\\\/wp-content\\\/uploads\\\/2018\\\/10\\\/BettyBBQ-Logo.png\",\"contentUrl\":\"https:\\\/\\\/betty-bbq.de\\\/cms\\\/wp-content\\\/uploads\\\/2018\\\/10\\\/BettyBBQ-Logo.png\",\"width\":365,\"height\":365,\"caption\":\"Betty BBQ\"},\"logo\":{\"@id\":\"https:\\\/\\\/betty-bbq.de\\\/cms\\\/wp-content\\\/uploads\\\/2018\\\/10\\\/BettyBBQ-Logo.png\"},\"sameAs\":[\"http:\\\/\\\/www.betty-bbq.de\"]}]}<\/script>\n<!-- \/ Yoast SEO plugin. -->","yoast_head_json":{"title":"B\u00e4chleputzer Stocky - Betty BBQ","robots":{"index":"index","follow":"follow","max-snippet":"max-snippet:-1","max-image-preview":"max-image-preview:large","max-video-preview":"max-video-preview:-1"},"canonical":"https:\/\/betty-bbq.de\/cms\/en\/baechleputzer-stocky\/","og_locale":"en_US","og_type":"article","og_title":"B\u00e4chleputzer Stocky - Betty BBQ","og_description":"[vc_row][vc_column][vc_single_image image=&#8221;1798&#8243;][\/vc_column][\/vc_row][vc_row max_width=&#8221;50&#8243;][vc_column][vc_empty_space height=&#8221;40&#8243;][vc_column_text] B\u00e4chleputzer Stocky The Freiburg B\u00e4chle as a historical irrigation and drainage system &#8211; an innovation from and in the Middle Ages &#8211; are the workplace of Alain, our real &#8220;B\u00e4chleputzer&#8221;, who is affectionately called &#8220;Stocky&#8221; by&hellip;","og_url":"https:\/\/betty-bbq.de\/cms\/en\/baechleputzer-stocky\/","og_site_name":"Betty BBQ","article_modified_time":"2022-05-24T22:59:36+00:00","twitter_card":"summary_large_image","twitter_misc":{"Est. reading time":"2 minutes"},"schema":{"@context":"https:\/\/schema.org","@graph":[{"@type":"WebPage","@id":"https:\/\/betty-bbq.de\/cms\/en\/baechleputzer-stocky\/","url":"https:\/\/betty-bbq.de\/cms\/en\/baechleputzer-stocky\/","name":"B\u00e4chleputzer Stocky - Betty BBQ","isPartOf":{"@id":"https:\/\/betty-bbq.de\/cms\/en\/#website"},"datePublished":"2021-09-17T09:34:36+00:00","dateModified":"2022-05-24T22:59:36+00:00","breadcrumb":{"@id":"https:\/\/betty-bbq.de\/cms\/en\/baechleputzer-stocky\/#breadcrumb"},"inLanguage":"en-US","potentialAction":[{"@type":"ReadAction","target":["https:\/\/betty-bbq.de\/cms\/en\/baechleputzer-stocky\/"]}]},{"@type":"BreadcrumbList","@id":"https:\/\/betty-bbq.de\/cms\/en\/baechleputzer-stocky\/#breadcrumb","itemListElement":[{"@type":"ListItem","position":1,"name":"Startseite","item":"https:\/\/betty-bbq.de\/cms\/en\/"},{"@type":"ListItem","position":2,"name":"B\u00e4chleputzer Stocky"}]},{"@type":"WebSite","@id":"https:\/\/betty-bbq.de\/cms\/en\/#website","url":"https:\/\/betty-bbq.de\/cms\/en\/","name":"Fr\u00e4ulein Betty BBQ - Schwarzwald Drag Queen, Schorlek\u00f6nigin, Entertainerin","description":"Betty BBQ Travestie &amp; Entertainment","publisher":{"@id":"https:\/\/betty-bbq.de\/cms\/en\/#\/schema\/person\/6e6c45463a3cf44a5334be285fffb4b1"},"potentialAction":[{"@type":"SearchAction","target":{"@type":"EntryPoint","urlTemplate":"https:\/\/betty-bbq.de\/cms\/en\/?s={search_term_string}"},"query-input":{"@type":"PropertyValueSpecification","valueRequired":true,"valueName":"search_term_string"}}],"inLanguage":"en-US"},{"@type":["Person","Organization"],"@id":"https:\/\/betty-bbq.de\/cms\/en\/#\/schema\/person\/6e6c45463a3cf44a5334be285fffb4b1","name":"Betty BBQ","image":{"@type":"ImageObject","inLanguage":"en-US","@id":"https:\/\/betty-bbq.de\/cms\/wp-content\/uploads\/2018\/10\/BettyBBQ-Logo.png","url":"https:\/\/betty-bbq.de\/cms\/wp-content\/uploads\/2018\/10\/BettyBBQ-Logo.png","contentUrl":"https:\/\/betty-bbq.de\/cms\/wp-content\/uploads\/2018\/10\/BettyBBQ-Logo.png","width":365,"height":365,"caption":"Betty BBQ"},"logo":{"@id":"https:\/\/betty-bbq.de\/cms\/wp-content\/uploads\/2018\/10\/BettyBBQ-Logo.png"},"sameAs":["http:\/\/www.betty-bbq.de"]}]}},"jetpack_sharing_enabled":true,"_links":{"self":[{"href":"https:\/\/betty-bbq.de\/cms\/en\/wp-json\/wp\/v2\/pages\/2451","targetHints":{"allow":["GET"]}}],"collection":[{"href":"https:\/\/betty-bbq.de\/cms\/en\/wp-json\/wp\/v2\/pages"}],"about":[{"href":"https:\/\/betty-bbq.de\/cms\/en\/wp-json\/wp\/v2\/types\/page"}],"author":[{"embeddable":true,"href":"https:\/\/betty-bbq.de\/cms\/en\/wp-json\/wp\/v2\/users\/1"}],"replies":[{"embeddable":true,"href":"https:\/\/betty-bbq.de\/cms\/en\/wp-json\/wp\/v2\/comments?post=2451"}],"version-history":[{"count":2,"href":"https:\/\/betty-bbq.de\/cms\/en\/wp-json\/wp\/v2\/pages\/2451\/revisions"}],"predecessor-version":[{"id":2457,"href":"https:\/\/betty-bbq.de\/cms\/en\/wp-json\/wp\/v2\/pages\/2451\/revisions\/2457"}],"wp:attachment":[{"href":"https:\/\/betty-bbq.de\/cms\/en\/wp-json\/wp\/v2\/media?parent=2451"}],"curies":[{"name":"wp","href":"https:\/\/api.w.org\/{rel}","templated":true}]}}